{"id":11650,"date":"2023-05-22T10:39:40","date_gmt":"2023-05-22T08:39:40","guid":{"rendered":"https:\/\/ksiegarniamck.pl\/?post_type=product&#038;p=11650"},"modified":"2025-06-08T23:01:48","modified_gmt":"2025-06-08T21:01:48","slug":"prenumerata-herito-krajowa","status":"publish","type":"product","link":"https:\/\/ksiegarniamck.pl\/en\/produkt\/prenumerata-herito-krajowa\/","title":{"rendered":"HERITO prenumerata krajowa"},"content":{"rendered":"<p>Prenumerata obejmuje 3 wydania papierowe.<br \/>\nPrzy wype\u0142nianiu formularza zam\u00f3wienia w UWAGACH prosimy o podanie numeru pocz\u0105tkowego prenumeraty.<br \/>\nPrenumerat\u0119 mo\u017cna zamawia\u0107 pocz\u0105wszy od bie\u017c\u0105cego numeru lub numer\u00f3w p\u00f3\u017aniejszych. Koszty wysy\u0142ki ponosi wydawca.<\/p>\n","protected":false},"excerpt":{"rendered":"<p>Prenumerata obejmuje 3 wydania papierowe. Przy wype\u0142nianiu formularza zam\u00f3wienia w UWAGACH prosimy o podanie numeru pocz\u0105tkowego prenumeraty. Prenumerat\u0119 mo\u017cna zamawia\u0107 pocz\u0105wszy od bie\u017c\u0105cego numeru lub numer\u00f3w p\u00f3\u017aniejszych. Koszty wysy\u0142ki ponosi wydawca.<\/p>\n","protected":false},"featured_media":11651,"template":"","meta":{"_acf_changed":false,"iawp_total_views":15},"product_brand":[],"product_cat":[27,29],"product_tag":[457],"class_list":{"0":"post-11650","1":"product","2":"type-product","3":"status-publish","4":"has-post-thumbnail","6":"product_cat-herito","7":"product_cat-prenumerata-herito","8":"product_tag-prenumerata","9":"product_shipping_class-prenumerata-herito","11":"first","12":"instock","13":"taxable","14":"shipping-taxable","15":"purchasable","16":"product-type-simple"},"acf":[],"_links":{"self":[{"href":"https:\/\/ksiegarniamck.pl\/en\/wp-json\/wp\/v2\/product\/11650","targetHints":{"allow":["GET"]}}],"collection":[{"href":"https:\/\/ksiegarniamck.pl\/en\/wp-json\/wp\/v2\/product"}],"about":[{"href":"https:\/\/ksiegarniamck.pl\/en\/wp-json\/wp\/v2\/types\/product"}],"version-history":[{"count":5,"href":"https:\/\/ksiegarniamck.pl\/en\/wp-json\/wp\/v2\/product\/11650\/revisions"}],"predecessor-version":[{"id":18226,"href":"https:\/\/ksiegarniamck.pl\/en\/wp-json\/wp\/v2\/product\/11650\/revisions\/18226"}],"wp:featuredmedia":[{"embeddable":true,"href":"https:\/\/ksiegarniamck.pl\/en\/wp-json\/wp\/v2\/media\/11651"}],"wp:attachment":[{"href":"https:\/\/ksiegarniamck.pl\/en\/wp-json\/wp\/v2\/media?parent=11650"}],"wp:term":[{"taxonomy":"product_brand","embeddable":true,"href":"https:\/\/ksiegarniamck.pl\/en\/wp-json\/wp\/v2\/product_brand?post=11650"},{"taxonomy":"product_cat","embeddable":true,"href":"https:\/\/ksiegarniamck.pl\/en\/wp-json\/wp\/v2\/product_cat?post=11650"},{"taxonomy":"product_tag","embeddable":true,"href":"https:\/\/ksiegarniamck.pl\/en\/wp-json\/wp\/v2\/product_tag?post=11650"}],"curies":[{"name":"wp","href":"https:\/\/api.w.org\/{rel}","templated":true}]}}