{"id":11767,"date":"2023-06-15T09:48:45","date_gmt":"2023-06-15T07:48:45","guid":{"rendered":"https:\/\/ksiegarniamck.pl\/?post_type=product&#038;p=11767"},"modified":"2024-05-27T14:29:48","modified_gmt":"2024-05-27T12:29:48","slug":"lithuania-two-centuries-of-photography","status":"publish","type":"product","link":"https:\/\/ksiegarniamck.pl\/en\/produkt\/lithuania-two-centuries-of-photography\/","title":{"rendered":"\u201cLithuania. Two Centuries of Photography\u201d"},"content":{"rendered":"<p><strong>This catalogue, published on the occasion of the exhibition \u201cLithuania. Two Centuries of Photography\u201d, contains reproductions of 200 works by the most outstanding photographers working in Lithuania. From pictures by early pioneers \u2013 often Polish aristocrats or wealthy landowners \u2013 to the works of contemporary young Lithuanian artists scattered around the world.<\/strong><\/p>\n<p>This book is an overview of photographic trends and themes, obsessively recurring in the work of diverse artists, often working decades apart. It can also be read across generations to follow the evolution of Lithuanian photography, the political and artistic pressures that shaped it, the tensions it tried to express directly and the ones it expressed through allusions, photos that were the result of collaboration, and the ones which were the voice of resistance. Grouped here in series, the photographs show existential and conceptual themes, but also document the life of Lithuanian society from the mid-nineteenth century to the present day.<\/p>\n<p>The catalogue features early works of Jan Bu\u0142hak and Stanis\u0142aw Kazimierz Kossakowski, iconic photographs by Antanas Sutkus, Algimantas Kun\u010dius, Romualdas Rakauskas, Aleksandras Macijauskas, and Romualdas Po\u017eerskis, emotionally powerful works by Virgilijus \u0160onta, feminist self-portraits by Violeta Bubelyt\u0117, conceptual and innovative installations by the Polish-Lithuanian duo Dorota Gaw\u0119da and Egl\u0117 Kulbokait\u0117.<\/p>\n","protected":false},"excerpt":{"rendered":"<p>This catalogue, published on the occasion of the exhibition \u201cLithuania. Two Centuries of Photography\u201d, contains reproductions of 200 works by the most outstanding photographers working in Lithuania. From pictures by early pioneers \u2013 often Polish aristocrats or wealthy landowners \u2013 to the works of contemporary young Lithuanian artists scattered around the world. This book is [&hellip;]<\/p>\n","protected":false},"featured_media":11763,"template":"","meta":{"_acf_changed":false,"iawp_total_views":2},"product_brand":[],"product_cat":[123,131],"product_tag":[2543,2541,2542],"class_list":{"0":"post-11767","1":"product","2":"type-product","3":"status-publish","4":"has-post-thumbnail","6":"product_cat-albums","7":"product_cat-promotions","8":"product_tag-exhibition-en-2","9":"product_tag-exhibition-catalogue","10":"product_tag-lithuania-en","12":"first","13":"instock","14":"sale","15":"taxable","16":"shipping-taxable","17":"purchasable","18":"product-type-simple"},"acf":[],"_links":{"self":[{"href":"https:\/\/ksiegarniamck.pl\/en\/wp-json\/wp\/v2\/product\/11767","targetHints":{"allow":["GET"]}}],"collection":[{"href":"https:\/\/ksiegarniamck.pl\/en\/wp-json\/wp\/v2\/product"}],"about":[{"href":"https:\/\/ksiegarniamck.pl\/en\/wp-json\/wp\/v2\/types\/product"}],"version-history":[{"count":5,"href":"https:\/\/ksiegarniamck.pl\/en\/wp-json\/wp\/v2\/product\/11767\/revisions"}],"predecessor-version":[{"id":14566,"href":"https:\/\/ksiegarniamck.pl\/en\/wp-json\/wp\/v2\/product\/11767\/revisions\/14566"}],"wp:featuredmedia":[{"embeddable":true,"href":"https:\/\/ksiegarniamck.pl\/en\/wp-json\/wp\/v2\/media\/11763"}],"wp:attachment":[{"href":"https:\/\/ksiegarniamck.pl\/en\/wp-json\/wp\/v2\/media?parent=11767"}],"wp:term":[{"taxonomy":"product_brand","embeddable":true,"href":"https:\/\/ksiegarniamck.pl\/en\/wp-json\/wp\/v2\/product_brand?post=11767"},{"taxonomy":"product_cat","embeddable":true,"href":"https:\/\/ksiegarniamck.pl\/en\/wp-json\/wp\/v2\/product_cat?post=11767"},{"taxonomy":"product_tag","embeddable":true,"href":"https:\/\/ksiegarniamck.pl\/en\/wp-json\/wp\/v2\/product_tag?post=11767"}],"curies":[{"name":"wp","href":"https:\/\/api.w.org\/{rel}","templated":true}]}}