{"id":12366,"date":"2023-08-22T09:13:50","date_gmt":"2023-08-22T07:13:50","guid":{"rendered":"https:\/\/ksiegarniamck.pl\/?post_type=product&#038;p=12366"},"modified":"2025-01-02T18:19:19","modified_gmt":"2025-01-02T17:19:19","slug":"herito-no-50-the-oder","status":"publish","type":"product","link":"https:\/\/ksiegarniamck.pl\/en\/produkt\/herito-no-50-the-oder\/","title":{"rendered":"HERITO, No. 50: The Oder"},"content":{"rendered":"<p><strong>The Oder, although one of Europe\u2019s longest rivers, has not engendered its own myths and stories like the Vistula. For years it remained the uglier sister of the Rhine, deputized to do the hardest work.<\/strong><\/p>\n<p>While the Rhine was the hero of Heine\u2019s or Wagner\u2019s works, the Oder was subjected to shortening, trimming and straightening for human needs. It was to fuel not the mills of Prussian mythology, but the steel mills and granaries of the state of Frederick II the Great. The Oder became the backbone and main artery of his kingdom, a bridge connecting the two banks, and only after the hecatomb of World War II did it begin to serve as a border for the first time in its history. However, unlike the Danube, it also became a river without a memory, its history needing to be rewritten and retold, which in this issue is done by: Wojciech Browarny, Beata Halicka, Jan Hradeck\u00fd, \u0141ukasz \u0141awicki, Piotr Oleksy, Lothar Quinkenstein, Tomasz R\u00f3\u017cycki, Wojciech Stanis\u0142awski, Andrzej Wo\u017anica, Paul Zalewski, Micha\u0142 Zygmunt.<\/p>\n","protected":false},"excerpt":{"rendered":"<p>The Oder, although one of Europe\u2019s longest rivers, has not engendered its own myths and stories like the Vistula. For years it remained the uglier sister of the Rhine, deputized to do the hardest work. While the Rhine was the hero of Heine\u2019s or Wagner\u2019s works, the Oder was subjected to shortening, trimming and straightening [&hellip;]<\/p>\n","protected":false},"featured_media":17828,"template":"","meta":{"_acf_changed":false,"iawp_total_views":3},"product_brand":[],"product_cat":[125],"product_tag":[2562,2534,2561],"class_list":{"0":"post-12366","1":"product","2":"type-product","3":"status-publish","4":"has-post-thumbnail","6":"product_cat-herito-en","7":"product_tag-ecology","8":"product_tag-herito-en-2","9":"product_tag-the-oder","11":"first","12":"outofstock","13":"sale","14":"taxable","15":"shipping-taxable","16":"purchasable","17":"product-type-simple"},"acf":[],"_links":{"self":[{"href":"https:\/\/ksiegarniamck.pl\/en\/wp-json\/wp\/v2\/product\/12366","targetHints":{"allow":["GET"]}}],"collection":[{"href":"https:\/\/ksiegarniamck.pl\/en\/wp-json\/wp\/v2\/product"}],"about":[{"href":"https:\/\/ksiegarniamck.pl\/en\/wp-json\/wp\/v2\/types\/product"}],"version-history":[{"count":2,"href":"https:\/\/ksiegarniamck.pl\/en\/wp-json\/wp\/v2\/product\/12366\/revisions"}],"predecessor-version":[{"id":17769,"href":"https:\/\/ksiegarniamck.pl\/en\/wp-json\/wp\/v2\/product\/12366\/revisions\/17769"}],"wp:featuredmedia":[{"embeddable":true,"href":"https:\/\/ksiegarniamck.pl\/en\/wp-json\/wp\/v2\/media\/17828"}],"wp:attachment":[{"href":"https:\/\/ksiegarniamck.pl\/en\/wp-json\/wp\/v2\/media?parent=12366"}],"wp:term":[{"taxonomy":"product_brand","embeddable":true,"href":"https:\/\/ksiegarniamck.pl\/en\/wp-json\/wp\/v2\/product_brand?post=12366"},{"taxonomy":"product_cat","embeddable":true,"href":"https:\/\/ksiegarniamck.pl\/en\/wp-json\/wp\/v2\/product_cat?post=12366"},{"taxonomy":"product_tag","embeddable":true,"href":"https:\/\/ksiegarniamck.pl\/en\/wp-json\/wp\/v2\/product_tag?post=12366"}],"curies":[{"name":"wp","href":"https:\/\/api.w.org\/{rel}","templated":true}]}}