{"id":17938,"date":"2025-01-16T10:40:16","date_gmt":"2025-01-16T09:40:16","guid":{"rendered":"https:\/\/ksiegarniamck.pl\/?post_type=product&#038;p=17938"},"modified":"2025-03-05T07:59:02","modified_gmt":"2025-03-05T06:59:02","slug":"socmodernism-architecture-in-central-europe-during-the-cold-war","status":"publish","type":"product","link":"https:\/\/ksiegarniamck.pl\/en\/produkt\/socmodernism-architecture-in-central-europe-during-the-cold-war\/","title":{"rendered":"Socmodernism. Architecture in Central Europe during the Cold War"},"content":{"rendered":"<p>The Book &#8220;<strong>Socmodernism. Architecture of Central Europe during the Cold War <\/strong>\u201c is a fascinating and richly illustrated journey into the history of socialist modernism, which for decades remained underestimated and marginalized in the study of 20th-century architecture. The publication is not only an analysis of architectural phenomena, but also an attempt to reconstruct a fuller story of the post-war transformations of Central Europe.<\/p>\n<p>The association of socialist modernism with industrialized and collectivized architecture has too often obscured the outstanding achievements of artists who developed their own unique aesthetic languages and engaged in dialogue with the rich heritage of previous eras. This book sheds light on architects who were confident in their vision, operating in a reality full of constraints in the GDR, Czechoslovakia, Yugoslavia, the Polish People\u2019s Republic, Lithuania, Latvia, Estonia, and exploiting to their advantage the opportunities arising from the utopian spirit of those times.<\/p>\n<p>The authors \u2013 Dr. \u0141ukasz Galusek and Dr. Micha\u0142 Wi\u015bniewski \u2013 point out that the history of post-war Europe has for years been a narrative full of silences and absences \u2013 both in the political and cultural spheres. While these gaps in socio-political history have been slowly filled in the last 30 years, architecture remains an area full of omissions. This publication is a response to the need for a new perspective, restoring balance in the narrative of the modernist heritage of Central Europe.<\/p>\n<p>This is a book that forces us to reflect on the contemporary reception and meaning of post-war architecture. It is also an appeal for a more nuanced look at the legacy of the Cold War era \u2013 full of contradictions, but also a wealth of artistic exploration.<\/p>\n<p><strong>The first comprehensive and panoramic account of the architecture of socialist modernity in Central Europe from the mid-1940s to the 1990s, from Tallinn to Ljubljana and from divided Berlin to Bucharest and Skopje.<\/strong><\/p>\n<p>&nbsp;<\/p>\n<p>&nbsp;<\/p>\n<p>Publication in English.<\/p>\n","protected":false},"excerpt":{"rendered":"<p>The Book &#8220;Socmodernism. Architecture of Central Europe during the Cold War \u201c is a fascinating and richly illustrated journey into the history of socialist modernism, which for decades remained underestimated and marginalized in the study of 20th-century architecture. The publication is not only an analysis of architectural phenomena, but also an attempt to reconstruct a [&hellip;]<\/p>\n","protected":false},"featured_media":17935,"template":"","meta":{"_acf_changed":false,"iawp_total_views":6},"product_brand":[],"product_cat":[123,2446],"product_tag":[2620],"class_list":{"0":"post-17938","1":"product","2":"type-product","3":"status-publish","4":"has-post-thumbnail","6":"product_cat-albums","7":"product_cat-publications-foreign-languages","8":"product_tag-socmodernism","10":"first","11":"instock","12":"sale","13":"taxable","14":"shipping-taxable","15":"purchasable","16":"product-type-simple"},"acf":[],"_links":{"self":[{"href":"https:\/\/ksiegarniamck.pl\/en\/wp-json\/wp\/v2\/product\/17938","targetHints":{"allow":["GET"]}}],"collection":[{"href":"https:\/\/ksiegarniamck.pl\/en\/wp-json\/wp\/v2\/product"}],"about":[{"href":"https:\/\/ksiegarniamck.pl\/en\/wp-json\/wp\/v2\/types\/product"}],"version-history":[{"count":3,"href":"https:\/\/ksiegarniamck.pl\/en\/wp-json\/wp\/v2\/product\/17938\/revisions"}],"predecessor-version":[{"id":18332,"href":"https:\/\/ksiegarniamck.pl\/en\/wp-json\/wp\/v2\/product\/17938\/revisions\/18332"}],"wp:featuredmedia":[{"embeddable":true,"href":"https:\/\/ksiegarniamck.pl\/en\/wp-json\/wp\/v2\/media\/17935"}],"wp:attachment":[{"href":"https:\/\/ksiegarniamck.pl\/en\/wp-json\/wp\/v2\/media?parent=17938"}],"wp:term":[{"taxonomy":"product_brand","embeddable":true,"href":"https:\/\/ksiegarniamck.pl\/en\/wp-json\/wp\/v2\/product_brand?post=17938"},{"taxonomy":"product_cat","embeddable":true,"href":"https:\/\/ksiegarniamck.pl\/en\/wp-json\/wp\/v2\/product_cat?post=17938"},{"taxonomy":"product_tag","embeddable":true,"href":"https:\/\/ksiegarniamck.pl\/en\/wp-json\/wp\/v2\/product_tag?post=17938"}],"curies":[{"name":"wp","href":"https:\/\/api.w.org\/{rel}","templated":true}]}}