{"id":18298,"date":"2025-03-05T07:50:59","date_gmt":"2025-03-05T06:50:59","guid":{"rendered":"https:\/\/ksiegarniamck.pl\/?post_type=product&#038;p=18298"},"modified":"2025-03-06T14:04:46","modified_gmt":"2025-03-06T13:04:46","slug":"one-eye-laughing-the-other-crying","status":"publish","type":"product","link":"https:\/\/ksiegarniamck.pl\/en\/produkt\/one-eye-laughing-the-other-crying\/","title":{"rendered":"One eye laughing, the other crying"},"content":{"rendered":"<p>Album to accompany the exhibition at the International Cultural Centre<\/p>\n<p><strong>The bilingual Polish-English album accompanying the exhibition \u201cLaughing with one eye, crying with the other\u201d is a comprehensive publication (312 pages) that is a unique guide to contemporary Romanian art. It presents a selection of works from the collection of Ovidiu \u015eandor, one of the most important private collections of contemporary art in Central and Eastern Europe.<\/strong><\/p>\n<p>&nbsp;<\/p>\n<p>The album includes introductory texts and essays by prominent authors such as Adriana Babe\u0163i, \u0141ukasz Galusek Kazimierz Jurczak, Jakub Kornhauser, Diana Marincu, Tom Sandqvist, Vladimir Tism\u0103neanu, which analyze the history and contemporary faces of the Romanian avant-garde and art after the political transformation. The publication sheds light on key artistic phenomena, from Surrealism and Dadaism to the impact of the transition and the development of art institutions in Romania.<\/p>\n<p>The structure of the book is also built up by sectional texts by Monica Rydiger and Lukasz Galusek, which guide the reader through the chapters of the exhibition: \u201cWith Their Own Voice,\u201d \u2018The Starry Collection,\u2019 \u2018The Unbearable Burden of Being,\u2019 \u2018It Was, It Wasn&#8217;t,\u2019 \u2018Digesting the Past,\u2019 and \u201dOther Horizons.\u201d An index of artists and sources of illustrations complete this comprehensive publication.<\/p>\n<p>The album is not only a documentation of the exhibition, but also an in-depth reflection on identity, heritage and contemporary art in the context of Central and Eastern Europe.<\/p>\n<p><strong>Artists whose works can be found in the album:\u00a0 \u00a0<\/strong><br \/>\nAndreea Anghel, George Apostu, Hans Arp, Ioana B\u0103tr\u00e2nu, Marius Bercea, Horia Bernea, \u0218tefan Bertalan, Ion B\u00eerl\u0103deanu, Constantin Br\u00e2ncu\u0219i, Brassa\u00ef, Geta Br\u0103tescu, Th\u00e9odore Brauner, Victor Brauner, Andr\u00e9 Cadere, Mircea Cantor, Eva Cerbu, Andrei Chintil\u0103, Lena Constante-Brauner, Roman Coto\u0219man, Chiril Cucu, Horia Damian, Max Ernst, David Farca\u0219, Harun Farocki, Constantin Flondor, Adrian Ghenie, Marin Gherasim, Bogdan G\u00eerbovan, Vasile Gorduz, Ion Grigorescu, Jacques H\u00e9rold, Isidore Isou, Marcel Janco, Wassily Kandinsky, Ana Lupa\u0219, Victor Man, Tincu\u021ba Marin, Max Hermann Maxy, Hortensia Mi Kafchin, Joan Mir\u00f3, Alex Mirutziu, Florin Mitroi, Gili Mocanu, Herta M\u00fcller, Ciprian Mure\u0219an, Paul Neagu, Ioana Neme\u0219, Mircea Nicolae, Andrei Pandele, Paul P\u0103un, Jules S. Perahim, Dan Perjovschi, Pusha Petrov, Silvia Radu, Lea Rasovszky, Eugen Ro\u0219ca, \u0218erban Savu, Arthur Segal, Hedda Sterne, subREAL, Mircea Suciu, Yves Tanguy, Ovidiu Toader, Sergiu Toma, Doru Tulcan, Tristan Tzara, Andrei Ujic\u0103, Andra Ursu\u021ba<\/p>\n<p>&nbsp;<\/p>\n<p><strong>Published by<\/strong> \u00a9 Mi\u0119dzynarodowe Centrum Kultury, Krak\u00f3w 2025<\/p>\n<p><strong>Coordinating editor<\/strong><br \/>\nPaulina Or\u0142owska-Ba\u0144do<\/p>\n<p><strong>Graphic design and DTP of the book and other printed materials<br \/>\n<\/strong>Kuba Sowi\u0144ski<\/p>\n<p><strong>Edited by<\/strong><br \/>\nJerzy Cierniak, Jessica Taylor-Kucia<\/p>\n<p><strong>Translations <\/strong><br \/>\nAlistair Ian Blyth, Marta Duda-Gryc, Nicholas Hodge, Kazimierz Jurczak, Jessica Taylor-Kucia, Aga Zano<\/p>\n<p><strong>Proofread by<\/strong><br \/>\nAnastazja Ole\u015bkiewicz, Jessica Taylor-Kucia<\/p>\n<p><strong>Printed and bound by<\/strong><br \/>\nDrukarnia Skleniarz<\/p>\n<p><strong>The exhibition is part of the 2024-2025 Poland-Romania Cultural Season<\/strong><\/p>\n<p>The Romania-Poland Cultural Season 2024-2025 is organized by the Romanian Ministry of Culture and the Romanian Institute of Culture, on the Romanian side, and by the Ministry of Culture and National Heritage and the Adam Mickiewicz Institute, in cooperation with the Polish Institute in Bucharest, on the Polish side.<\/p>\n<p>&nbsp;<\/p>\n<p>&nbsp;<\/p>\n<p>&nbsp;<\/p>\n<p>&nbsp;<\/p>\n","protected":false},"excerpt":{"rendered":"<p>Album to accompany the exhibition at the International Cultural Centre The bilingual Polish-English album accompanying the exhibition \u201cLaughing with one eye, crying with the other\u201d is a comprehensive publication (312 pages) that is a unique guide to contemporary Romanian art. It presents a selection of works from the collection of Ovidiu \u015eandor, one of the [&hellip;]<\/p>\n","protected":false},"featured_media":18295,"template":"","meta":{"_acf_changed":false,"iawp_total_views":1},"product_brand":[],"product_cat":[123,131],"product_tag":[2617,2618],"class_list":{"0":"post-18298","1":"product","2":"type-product","3":"status-publish","4":"has-post-thumbnail","6":"product_cat-albums","7":"product_cat-promotions","8":"product_tag-album-do-wystawy-en","9":"product_tag-rumunia-en","11":"first","12":"instock","13":"sale","14":"taxable","15":"shipping-taxable","16":"purchasable","17":"product-type-simple"},"acf":[],"_links":{"self":[{"href":"https:\/\/ksiegarniamck.pl\/en\/wp-json\/wp\/v2\/product\/18298","targetHints":{"allow":["GET"]}}],"collection":[{"href":"https:\/\/ksiegarniamck.pl\/en\/wp-json\/wp\/v2\/product"}],"about":[{"href":"https:\/\/ksiegarniamck.pl\/en\/wp-json\/wp\/v2\/types\/product"}],"version-history":[{"count":8,"href":"https:\/\/ksiegarniamck.pl\/en\/wp-json\/wp\/v2\/product\/18298\/revisions"}],"predecessor-version":[{"id":18348,"href":"https:\/\/ksiegarniamck.pl\/en\/wp-json\/wp\/v2\/product\/18298\/revisions\/18348"}],"wp:featuredmedia":[{"embeddable":true,"href":"https:\/\/ksiegarniamck.pl\/en\/wp-json\/wp\/v2\/media\/18295"}],"wp:attachment":[{"href":"https:\/\/ksiegarniamck.pl\/en\/wp-json\/wp\/v2\/media?parent=18298"}],"wp:term":[{"taxonomy":"product_brand","embeddable":true,"href":"https:\/\/ksiegarniamck.pl\/en\/wp-json\/wp\/v2\/product_brand?post=18298"},{"taxonomy":"product_cat","embeddable":true,"href":"https:\/\/ksiegarniamck.pl\/en\/wp-json\/wp\/v2\/product_cat?post=18298"},{"taxonomy":"product_tag","embeddable":true,"href":"https:\/\/ksiegarniamck.pl\/en\/wp-json\/wp\/v2\/product_tag?post=18298"}],"curies":[{"name":"wp","href":"https:\/\/api.w.org\/{rel}","templated":true}]}}