{"id":19480,"date":"2025-10-06T09:56:03","date_gmt":"2025-10-06T07:56:03","guid":{"rendered":"https:\/\/ksiegarniamck.pl\/?post_type=product&#038;p=19480"},"modified":"2025-10-06T11:01:07","modified_gmt":"2025-10-06T09:01:07","slug":"brancusi-sculpting-with-light-brancusi-rzezbienie-swiatlem","status":"publish","type":"product","link":"https:\/\/ksiegarniamck.pl\/en\/produkt\/brancusi-sculpting-with-light-brancusi-rzezbienie-swiatlem\/","title":{"rendered":"Br\u00e2ncu\u0219i. Sculpting with Light \/ Br\u00e2ncu\u0219i. Rze\u017abienie \u015bwiat\u0142em"},"content":{"rendered":"<p>Photobook for the exhibition at the International Cultural Centre in Krakow.<\/p>\n<p><strong>The exhibition and photobook \u201cBr\u00e2ncu\u0219i. Sculpting with Light\u201d are an attempt to enter the world of one of the most important artists of the 20th century \u2013 Romanian sculptor Constantin Br\u00e2ncu\u0219i \u2013 and to look at his work through the prism of light and photography. Wystawa i photobook \u201eBr\u00e2ncu\u0219i. Rze\u017abienie \u015bwiat\u0142em\u201d <\/strong><strong>s\u0105 pr\u00f3b\u0105 wej\u015bcia w \u015bwiat jednego z najwa\u017cniejszych artyst\u00f3w XX wieku \u2013 rumu\u0144skiego rze\u017abiarza Constantina Br\u00e2ncu\u0219iego \u2013 oraz spojrzenia na jego tw\u00f3rczo\u015b\u0107 poprzez pryzmat \u015bwiat\u0142a i fotografii. <\/strong><\/p>\n<p>This is not a traditional biographical story about the artist. It is an attempt to delve into his creative process, to understand the way he perceived the world and matter, as well as how he used light and shadow to give form deeper meanings.<\/p>\n<p>At the beginning of the 20th century in Paris, Constantin Br\u00e2ncu\u0219i revolutionised the language of sculpture, reducing form to its essence and seeking purity and spiritual depth within it. Considered one of the fathers of modern art, he introduced abstraction and organic simplicity into sculpture, inspiring entire generations of artists. His works \u2013 \u2018Endless Column\u2019 and \u2018Bird in Space\u2019 \u2013 are not only sculptures, but meditations on light, space and transcendence, which places Br\u00e2ncu\u0219i among the most outstanding visionaries of 20th-century art.<\/p>\n<p>At the beginning of the 20th century in Paris, Constantin Br\u00e2ncu\u0219i revolutionised the language of sculpture, reducing form to its essence and seeking purity and spiritual depth within it. Considered one of the fathers of modern art, he introduced abstraction and organic simplicity into sculpture, inspiring entire generations of artists. His works \u2013 \u2018Endless Column\u2019 and \u2018Bird in Space\u2019 \u2013 are not only sculptures, but meditations on light, space and transcendence, which places Br\u00e2ncu\u0219i among the most outstanding visionaries of 20th-century art.<\/p>\n<p>The publication also presents a detailed biography of the artist, which describes, among other things, his journey from his hometown of Hobi\u021ba in Olteni, Romania, to Paris, his education and artistic development, and his most famous exhibitions.<\/p>\n<p>The catalogue contains reproductions of 40 original photographs by Constantin Br\u00e2ncu\u0219i from prestigious private collections: David Grob, Christian Reyntjens and Bruce Silverstein.<\/p>\n<p>The last chapter also presents 22 photographs by one of Romania&#8217;s most famous photographers, Ion Miclea. These are photographs of the sculpture complex in T\u00e2rgu Jiu, the most valuable legacy that Constantin Br\u00e2ncu\u0219i left to his homeland. The project, which is included in the UNESCO World Heritage List, was the fulfilment of the artist&#8217;s great dream to erect a monument in his native region commemorating the events of the First World War, which would also be a reflection on love, death and memory.<\/p>\n<p>&nbsp;<\/p>\n<p>The exhibition and catalogue were designed by the International Cultural Centre in Krakow in cooperation with the Romanian Cultural Institute as part of the Romania-Poland Cultural Season 2024-2025, co-financed by the City of Krakow.<\/p>\n<p>Published by \u00a9 Mi\u0119dzynarodowe Centrum Kultury, Krak\u00f3w 2025<\/p>\n<p>&nbsp;<\/p>\n<p><strong>Author of the texts<\/strong><\/p>\n<p>Do\u00efna Lemny<\/p>\n<p>Managing editor<br \/>\nPaulina Roszak \u2013 Niemirska<\/p>\n<p>Graphic design and DTP<br \/>\nKuba Sowi\u0144ski<\/p>\n<p><strong>Translations<\/strong><\/p>\n<p>Marta Duda-Gryc, Jessica Taylor-Kucia,<\/p>\n<p><strong>Proofread by<\/strong><\/p>\n<p>Aleksandra \u0141ozi\u0144ska, Jessica Taylor-Kucia, Eduard Enache<\/p>\n<p><strong>Printed and bound by<\/strong><\/p>\n<p>Drukarnia Skleniarz<\/p>\n","protected":false},"excerpt":{"rendered":"<p>Photobook for the exhibition at the International Cultural Centre in Krakow. The exhibition and photobook \u201cBr\u00e2ncu\u0219i. Sculpting with Light\u201d are an attempt to enter the world of one of the most important artists of the 20th century \u2013 Romanian sculptor Constantin Br\u00e2ncu\u0219i \u2013 and to look at his work through the prism of light and [&hellip;]<\/p>\n","protected":false},"featured_media":19461,"template":"","meta":{"_acf_changed":false,"iawp_total_views":5},"product_brand":[],"product_cat":[123],"product_tag":[],"class_list":{"0":"post-19480","1":"product","2":"type-product","3":"status-publish","4":"has-post-thumbnail","6":"product_cat-albums","8":"first","9":"instock","10":"sale","11":"featured","12":"taxable","13":"shipping-taxable","14":"purchasable","15":"product-type-simple"},"acf":[],"_links":{"self":[{"href":"https:\/\/ksiegarniamck.pl\/en\/wp-json\/wp\/v2\/product\/19480","targetHints":{"allow":["GET"]}}],"collection":[{"href":"https:\/\/ksiegarniamck.pl\/en\/wp-json\/wp\/v2\/product"}],"about":[{"href":"https:\/\/ksiegarniamck.pl\/en\/wp-json\/wp\/v2\/types\/product"}],"version-history":[{"count":3,"href":"https:\/\/ksiegarniamck.pl\/en\/wp-json\/wp\/v2\/product\/19480\/revisions"}],"predecessor-version":[{"id":19493,"href":"https:\/\/ksiegarniamck.pl\/en\/wp-json\/wp\/v2\/product\/19480\/revisions\/19493"}],"wp:featuredmedia":[{"embeddable":true,"href":"https:\/\/ksiegarniamck.pl\/en\/wp-json\/wp\/v2\/media\/19461"}],"wp:attachment":[{"href":"https:\/\/ksiegarniamck.pl\/en\/wp-json\/wp\/v2\/media?parent=19480"}],"wp:term":[{"taxonomy":"product_brand","embeddable":true,"href":"https:\/\/ksiegarniamck.pl\/en\/wp-json\/wp\/v2\/product_brand?post=19480"},{"taxonomy":"product_cat","embeddable":true,"href":"https:\/\/ksiegarniamck.pl\/en\/wp-json\/wp\/v2\/product_cat?post=19480"},{"taxonomy":"product_tag","embeddable":true,"href":"https:\/\/ksiegarniamck.pl\/en\/wp-json\/wp\/v2\/product_tag?post=19480"}],"curies":[{"name":"wp","href":"https:\/\/api.w.org\/{rel}","templated":true}]}}