{"id":19528,"date":"2025-10-17T14:24:54","date_gmt":"2025-10-17T12:24:54","guid":{"rendered":"https:\/\/ksiegarniamck.pl\/?post_type=product&#038;p=19528"},"modified":"2025-10-17T14:46:31","modified_gmt":"2025-10-17T12:46:31","slug":"herito-no-57-banat","status":"publish","type":"product","link":"https:\/\/ksiegarniamck.pl\/en\/produkt\/herito-no-57-banat\/","title":{"rendered":"Herito, No. 57: Banat"},"content":{"rendered":"<p>The Banat has always been hidden on the fringes, in the moisture-wrapped corner of the map of Dacia, the Ottoman Empire, the Habsburg monarchy and finally Austro-Hungary, which treated the region as a buffer zone separating two worlds. Colonised with vigour, however, it became a new home for Europeans lured by the promise of prosperity &#8211; from Barcelona to the Vistula. Did those who eventually stayed create a multicultural atmosphere, or merely closed enclaves, scattered chaotically across the map?<br \/>\nIs the Banat&#8217;s multi-ethnicity a marketing slogan or a worldwide phenomenon? What is the region today, whose name is even a Habsburg concept, and how does it cherish its centuries-old heritage?<\/p>\n<p>&nbsp;<\/p>\n<p>In the pages of the 57th issue of Herito magazine, Adriana Babe\u0163i, Kazimierz Jurczak, J\u00e1nos Szekerny\u00e9s and Daniel Warmuz look at the history and multiculturalism of the Banat.<\/p>\n<p>Tomasz Kwoka, Katarzyna Marcol and Kamila Wo\u017aniak visit Banat&#8217;s minorities, while Bogdan Achimescu, Olga Bartosiewicz-Nikolaev, Vlad Alexandru Gaivoronschi, Ileana Pintilie, Wojciech Stanis\u0142awski and Sorin D. Vintil\u0103 immerse themselves in Banat&#8217;s architecture, literature and art.<\/p>\n","protected":false},"excerpt":{"rendered":"<p>The Banat has always been hidden on the fringes, in the moisture-wrapped corner of the map of Dacia, the Ottoman Empire, the Habsburg monarchy and finally Austro-Hungary, which treated the region as a buffer zone separating two worlds. Colonised with vigour, however, it became a new home for Europeans lured by the promise of prosperity [&hellip;]<\/p>\n","protected":false},"featured_media":19521,"template":"","meta":{"_acf_changed":false,"iawp_total_views":7},"product_brand":[],"product_cat":[125],"product_tag":[2631,2534],"class_list":{"0":"post-19528","1":"product","2":"type-product","3":"status-publish","4":"has-post-thumbnail","6":"product_cat-herito-en","7":"product_tag-banat-en","8":"product_tag-herito-en-2","10":"first","11":"instock","12":"featured","13":"taxable","14":"shipping-taxable","15":"purchasable","16":"product-type-simple"},"acf":[],"_links":{"self":[{"href":"https:\/\/ksiegarniamck.pl\/en\/wp-json\/wp\/v2\/product\/19528","targetHints":{"allow":["GET"]}}],"collection":[{"href":"https:\/\/ksiegarniamck.pl\/en\/wp-json\/wp\/v2\/product"}],"about":[{"href":"https:\/\/ksiegarniamck.pl\/en\/wp-json\/wp\/v2\/types\/product"}],"version-history":[{"count":3,"href":"https:\/\/ksiegarniamck.pl\/en\/wp-json\/wp\/v2\/product\/19528\/revisions"}],"predecessor-version":[{"id":19538,"href":"https:\/\/ksiegarniamck.pl\/en\/wp-json\/wp\/v2\/product\/19528\/revisions\/19538"}],"wp:featuredmedia":[{"embeddable":true,"href":"https:\/\/ksiegarniamck.pl\/en\/wp-json\/wp\/v2\/media\/19521"}],"wp:attachment":[{"href":"https:\/\/ksiegarniamck.pl\/en\/wp-json\/wp\/v2\/media?parent=19528"}],"wp:term":[{"taxonomy":"product_brand","embeddable":true,"href":"https:\/\/ksiegarniamck.pl\/en\/wp-json\/wp\/v2\/product_brand?post=19528"},{"taxonomy":"product_cat","embeddable":true,"href":"https:\/\/ksiegarniamck.pl\/en\/wp-json\/wp\/v2\/product_cat?post=19528"},{"taxonomy":"product_tag","embeddable":true,"href":"https:\/\/ksiegarniamck.pl\/en\/wp-json\/wp\/v2\/product_tag?post=19528"}],"curies":[{"name":"wp","href":"https:\/\/api.w.org\/{rel}","templated":true}]}}