{"id":20009,"date":"2025-12-03T16:38:32","date_gmt":"2025-12-03T15:38:32","guid":{"rendered":"https:\/\/ksiegarniamck.pl\/?post_type=product&#038;p=20009"},"modified":"2026-01-12T11:04:04","modified_gmt":"2026-01-12T10:04:04","slug":"zestaw-na-swieta-ksiazki-w-rozmiarze-xxxl","status":"publish","type":"product","link":"https:\/\/ksiegarniamck.pl\/en\/produkt\/zestaw-na-swieta-ksiazki-w-rozmiarze-xxxl\/","title":{"rendered":"Zestaw promocyjny: Na dobry pocz\u0105tek Nowego Roku &#8211; ksi\u0105\u017cki w rozmiarze XXXL"},"content":{"rendered":"<p>Zupe\u0142nie r\u00f3\u017cne i r\u00f3wnie wci\u0105gaj\u0105ce opowie\u015bci o regionach pe\u0142nych sprzeczno\u015bci, r\u00f3\u017cnorodno\u015bci i fascynuj\u0105cej historii, kt\u00f3re wybrzmiewaj\u0105 w sztuce, literaturze i politycznych dziejach. Zapraszamy do lektury zestawu zawieraj\u0105cego ksi\u0105\u017cki o Karpatach, Litwie i Ukrainie napisane przez wybitnych ekspert\u00f3w i znawc\u00f3w tych region\u00f3w.<\/p>\n<p>Zestaw promocyjny: Na dobry pocz\u0105tek Nowego Roku zawiera trzy publikacje:<\/p>\n<p><strong>\u201eKarpaty. Opowie\u015b\u0107 o pewnych g\u00f3rach\u201d Maciej Janowski <\/strong><br \/>\nKsi\u0105\u017cka opisuje dzieje Karpat od prehistorii po wsp\u00f3\u0142czesno\u015b\u0107. Autor ujmuje je jako przestrze\u0144, w kt\u00f3rej cz\u0142owiek i krajobraz tworz\u0105 wsp\u00f3lnot\u0119 losu, a historia toczy si\u0119 w rytmie dolin i prze\u0142\u0119czy. Przedstawia Karpaty jako obszar wielonarodowy, gdzie przez stulecia wsp\u00f3\u0142istnia\u0142y r\u00f3\u017cne grupy etniczne i wyznaniowe. W swojej ksi\u0105\u017cce odmalowuje pejza\u017c rozpi\u0119ty mi\u0119dzy kulturami i imperiami, w kt\u00f3rym \u201eg\u00f3rsko\u015b\u0107\u201d staje si\u0119 kategori\u0105 kulturow\u0105 \u2014 sposobem \u017cycia i my\u015blenia kszta\u0142towanym przez przyrod\u0119, wierzenia i sztuk\u0119.<\/p>\n<p><strong>\u201eLitwa, ojczyzna moja\u201d, Tomas Venclova<\/strong><br \/>\nKsi\u0105\u017cka to barwny obraz dziej\u00f3w Litwy \u2013 od przybycia na jej ziemie praindoeuropejczyk\u00f3w do odzyskania przez Litwin\u00f3w niepodleg\u0142o\u015bci w 1990 roku. Opisuje nie tylko histori\u0119 polityczn\u0105 kraju, ale i jego kultur\u0119, zmiany spo\u0142eczne i obyczajowe, relacje z s\u0105siadami czy fale emigracji. Autor \u015bwietnie zna i rozumie swoich rodak\u00f3w, cho\u0107 potrafi si\u0119 z nimi nie zgadza\u0107, a jednocze\u015bnie umie wczu\u0107 si\u0119 w tych, z kt\u00f3rymi przysz\u0142o im dzieli\u0107 histori\u0119 \u2014 Polak\u00f3w, \u017byd\u00f3w, Bia\u0142orusin\u00f3w, Tatar\u00f3w, Rosjan, Niemc\u00f3w, a tak\u017ce innych bli\u017cszych i dalszych s\u0105siad\u00f3w.<\/p>\n<p><strong>\u201eUkraina. Wyrwa\u0107 si\u0119 z przesz\u0142o\u015bci\u201d, Jaros\u0142aw Hrycak<\/strong><br \/>\nTo opowie\u015b\u0107 o Ukrainie oparta zar\u00f3wno na lokalnej historii Europy, na relacjach z Polsk\u0105, Bia\u0142orusi\u0105 oraz Rosj\u0105, jak i globalnych procesach politycznych i spo\u0142ecznych w innych zak\u0105tkach \u015bwiata. Cho\u0107 Jaros\u0142aw Hrycak ko\u0144czy\u0142 pisa\u0107 t\u0119 ksi\u0105\u017ck\u0119 w pierwszych miesi\u0105cach wojny, skupia\u0142 si\u0119 w r\u00f3wnym stopniu na zjawiskach politycznych, ekonomicznych, spo\u0142ecznych i j\u0119zykowych. W swojej publikacji mierzy si\u0119 z innymi badaczami i teoriami, a ich ostatecznym weryfikatorem staje si\u0119 rzeczywisto\u015b\u0107 wojenna, towarzysz\u0105ca pisaniu.<\/p>\n<p>&nbsp;<\/p>\n<p>Cena regularna: 209 z\u0142<\/p>\n<p>Koszty wysy\u0142ki s\u0105 wliczone w cen\u0119 zestawu.<\/p>\n<p>&nbsp;<\/p>\n<p>Zam\u00f3wienia z\u0142o\u017cone od 19 grudnia zostan\u0105 zrealizowane po 12 stycznia 2026.<\/p>\n","protected":false},"excerpt":{"rendered":"<p>Zupe\u0142nie r\u00f3\u017cne i r\u00f3wnie wci\u0105gaj\u0105ce opowie\u015bci o regionach pe\u0142nych sprzeczno\u015bci, r\u00f3\u017cnorodno\u015bci i fascynuj\u0105cej historii, kt\u00f3re wybrzmiewaj\u0105 w sztuce, literaturze i politycznych dziejach. Zapraszamy do lektury zestawu zawieraj\u0105cego ksi\u0105\u017cki o Karpatach, Litwie i Ukrainie napisane przez wybitnych ekspert\u00f3w i znawc\u00f3w tych region\u00f3w. Zestaw promocyjny: Na dobry pocz\u0105tek Nowego Roku zawiera trzy publikacje: \u201eKarpaty. Opowie\u015b\u0107 o pewnych [&hellip;]<\/p>\n","protected":false},"featured_media":20030,"template":"","meta":{"_acf_changed":false,"iawp_total_views":14},"product_brand":[],"product_cat":[307,25],"product_tag":[],"class_list":{"0":"post-20009","1":"product","2":"type-product","3":"status-publish","4":"has-post-thumbnail","6":"product_cat-pakiety","7":"product_cat-europa-srodkowa","9":"first","10":"outofstock","11":"sale","12":"taxable","13":"shipping-taxable","14":"purchasable","15":"product-type-simple"},"acf":[],"_links":{"self":[{"href":"https:\/\/ksiegarniamck.pl\/en\/wp-json\/wp\/v2\/product\/20009","targetHints":{"allow":["GET"]}}],"collection":[{"href":"https:\/\/ksiegarniamck.pl\/en\/wp-json\/wp\/v2\/product"}],"about":[{"href":"https:\/\/ksiegarniamck.pl\/en\/wp-json\/wp\/v2\/types\/product"}],"version-history":[{"count":10,"href":"https:\/\/ksiegarniamck.pl\/en\/wp-json\/wp\/v2\/product\/20009\/revisions"}],"predecessor-version":[{"id":20356,"href":"https:\/\/ksiegarniamck.pl\/en\/wp-json\/wp\/v2\/product\/20009\/revisions\/20356"}],"wp:featuredmedia":[{"embeddable":true,"href":"https:\/\/ksiegarniamck.pl\/en\/wp-json\/wp\/v2\/media\/20030"}],"wp:attachment":[{"href":"https:\/\/ksiegarniamck.pl\/en\/wp-json\/wp\/v2\/media?parent=20009"}],"wp:term":[{"taxonomy":"product_brand","embeddable":true,"href":"https:\/\/ksiegarniamck.pl\/en\/wp-json\/wp\/v2\/product_brand?post=20009"},{"taxonomy":"product_cat","embeddable":true,"href":"https:\/\/ksiegarniamck.pl\/en\/wp-json\/wp\/v2\/product_cat?post=20009"},{"taxonomy":"product_tag","embeddable":true,"href":"https:\/\/ksiegarniamck.pl\/en\/wp-json\/wp\/v2\/product_tag?post=20009"}],"curies":[{"name":"wp","href":"https:\/\/api.w.org\/{rel}","templated":true}]}}