{"id":20593,"date":"2026-03-16T10:05:27","date_gmt":"2026-03-16T09:05:27","guid":{"rendered":"https:\/\/ksiegarniamck.pl\/?post_type=product&#038;p=20593"},"modified":"2026-03-23T09:23:46","modified_gmt":"2026-03-23T08:23:46","slug":"karpaty-opowiesc-o-pewnych-gorach-e-book","status":"publish","type":"product","link":"https:\/\/ksiegarniamck.pl\/en\/produkt\/karpaty-opowiesc-o-pewnych-gorach-e-book\/","title":{"rendered":"Karpaty. Opowie\u015b\u0107 o pewnych g\u00f3rach. E-BOOK"},"content":{"rendered":"<p><strong>Ksi\u0105\u017cka Macieja Janowskiego \u201eKarpaty. Opowie\u015b\u0107 o pewnych g\u00f3rach\u201d obejmuje ca\u0142y \u0142a\u0144cuch Karpat \u2014 od Bratys\u0142awy po \u017belazne Wrota, od Bieszczad\u00f3w po G\u00f3ry Bihorskie \u2014 i opisuje dzieje tego regionu od prehistorii po wsp\u00f3\u0142czesno\u015b\u0107. Dla autora Karpaty to przestrze\u0144, w kt\u00f3rej cz\u0142owiek i krajobraz tworz\u0105 wsp\u00f3lnot\u0119 losu, a historia toczy si\u0119 w rytmie dolin i prze\u0142\u0119czy.<\/strong><\/p>\n<p>Janowski przedstawia Karpaty jako obszar wielonarodowy, gdzie przez stulecia wsp\u00f3\u0142istnia\u0142y r\u00f3\u017cne grupy etniczne i wyznaniowe \u2014 Polacy, Rusini, S\u0142owacy, W\u0119grzy, Rumuni, Czesi, \u017bydzi, Niemcy. W tym pejza\u017cu, rozpi\u0119tym mi\u0119dzy kulturami i imperiami, \u201eg\u00f3rsko\u015b\u0107\u201d staje si\u0119 kategori\u0105 kulturow\u0105 \u2014 sposobem \u017cycia i my\u015blenia kszta\u0142towanym przez przyrod\u0119, wierzenia i sztuk\u0119.<\/p>\n<p>Autor przygl\u0105da si\u0119 r\u00f3wnie\u017c okresowi powojennych przemian: wysiedleniom, industrializacji, zmianom krajobrazu i pami\u0119ci. W tej cz\u0119\u015bci wida\u0107 \u015bcieranie si\u0119 dziedzictwa imperi\u00f3w z rzeczywisto\u015bci\u0105 pa\u0144stw socjalistycznych, a nast\u0119pnie z procesem transformacji po 1989 roku.<\/p>\n<p>Bez egzaltacji, ale z literack\u0105 uwa\u017cno\u015bci\u0105 i historyczn\u0105 erudycj\u0105 autor kre\u015bli panoram\u0119 Karpat, kt\u00f3re nie maj\u0105 jednego centrum.<\/p>\n<p>&nbsp;<\/p>\n<p>Dwudziesty trzeci tom serii Biblioteka Europy \u015arodka.<\/p>\n<p>Publikacja elektroniczna dost\u0119pna w formacie EPUB + MOBI<\/p>\n","protected":false},"excerpt":{"rendered":"<p>Ksi\u0105\u017cka Macieja Janowskiego \u201eKarpaty. Opowie\u015b\u0107 o pewnych g\u00f3rach\u201d obejmuje ca\u0142y \u0142a\u0144cuch Karpat \u2014 od Bratys\u0142awy po \u017belazne Wrota, od Bieszczad\u00f3w po G\u00f3ry Bihorskie \u2014 i opisuje dzieje tego regionu od prehistorii po wsp\u00f3\u0142czesno\u015b\u0107. Dla autora Karpaty to przestrze\u0144, w kt\u00f3rej cz\u0142owiek i krajobraz tworz\u0105 wsp\u00f3lnot\u0119 losu, a historia toczy si\u0119 w rytmie dolin i prze\u0142\u0119czy. [&hellip;]<\/p>\n","protected":false},"featured_media":20595,"template":"","meta":{"_acf_changed":false,"iawp_total_views":0},"product_brand":[],"product_cat":[26,25],"product_tag":[515,2632],"class_list":{"0":"post-20593","1":"product","2":"type-product","3":"status-publish","4":"has-post-thumbnail","6":"product_cat-e-booki","7":"product_cat-europa-srodkowa","8":"product_tag-karpaty","9":"product_tag-maciej-janowski","11":"first","12":"instock","13":"downloadable","14":"virtual","15":"sold-individually","16":"taxable","17":"purchasable","18":"product-type-simple"},"acf":[],"_links":{"self":[{"href":"https:\/\/ksiegarniamck.pl\/en\/wp-json\/wp\/v2\/product\/20593","targetHints":{"allow":["GET"]}}],"collection":[{"href":"https:\/\/ksiegarniamck.pl\/en\/wp-json\/wp\/v2\/product"}],"about":[{"href":"https:\/\/ksiegarniamck.pl\/en\/wp-json\/wp\/v2\/types\/product"}],"version-history":[{"count":3,"href":"https:\/\/ksiegarniamck.pl\/en\/wp-json\/wp\/v2\/product\/20593\/revisions"}],"predecessor-version":[{"id":20611,"href":"https:\/\/ksiegarniamck.pl\/en\/wp-json\/wp\/v2\/product\/20593\/revisions\/20611"}],"wp:featuredmedia":[{"embeddable":true,"href":"https:\/\/ksiegarniamck.pl\/en\/wp-json\/wp\/v2\/media\/20595"}],"wp:attachment":[{"href":"https:\/\/ksiegarniamck.pl\/en\/wp-json\/wp\/v2\/media?parent=20593"}],"wp:term":[{"taxonomy":"product_brand","embeddable":true,"href":"https:\/\/ksiegarniamck.pl\/en\/wp-json\/wp\/v2\/product_brand?post=20593"},{"taxonomy":"product_cat","embeddable":true,"href":"https:\/\/ksiegarniamck.pl\/en\/wp-json\/wp\/v2\/product_cat?post=20593"},{"taxonomy":"product_tag","embeddable":true,"href":"https:\/\/ksiegarniamck.pl\/en\/wp-json\/wp\/v2\/product_tag?post=20593"}],"curies":[{"name":"wp","href":"https:\/\/api.w.org\/{rel}","templated":true}]}}