{"id":20676,"date":"2026-04-15T13:16:51","date_gmt":"2026-04-15T11:16:51","guid":{"rendered":"https:\/\/ksiegarniamck.pl\/?post_type=product&#038;p=20676"},"modified":"2026-04-16T11:32:42","modified_gmt":"2026-04-16T09:32:42","slug":"wyobrazone-stolice","status":"publish","type":"product","link":"https:\/\/ksiegarniamck.pl\/en\/produkt\/wyobrazone-stolice\/","title":{"rendered":"Wyobra\u017cone stolice. Miasta monarchii habsburskiej jako centra narod\u00f3w 1815 \u2014 1918"},"content":{"rendered":"<p><strong>Czy stolica mo\u017ce istnie\u0107 bez pa\u0144stwa? I czy miasto mo\u017ce si\u0119 sta\u0107 centrum narodu, zanim ten zdob\u0119dzie niepodleg\u0142o\u015b\u0107?<\/strong><\/p>\n<p>Ksi\u0105\u017cka \u0141ukasza Galuska pokazuje dziewi\u0119tnastowieczn\u0105 Europ\u0119 \u015arodkow\u0105, w kt\u00f3rej pozbawione w\u0142asnych pa\u0144stw narody tworzy\u0142y swoje \u201ewyobra\u017cone stolice\u201d. Budapeszt, Bratys\u0142awa, Lublana, Praga, Zagrzeb nie by\u0142y jeszcze miastami sto\u0142ecznymi, ale ju\u017c wtedy stawa\u0142y si\u0119 przestrzeni\u0105, w kt\u00f3rej rodzi\u0142a si\u0119 nowoczesna to\u017csamo\u015b\u0107 narodowa.<\/p>\n<p>To opowie\u015b\u0107 o ambicjach, aspiracjach i symbolach \u2013 o tym, jak architektura, urbanistyka, kultura i pami\u0119\u0107 historyczna budowa\u0142y poczucie wsp\u00f3lnoty. W wielonarodowym imperium Habsburg\u00f3w miasta stawa\u0142y si\u0119 \u201esercami\u201d narod\u00f3w, zanim jeszcze mog\u0142y si\u0119 sta\u0107 oficjalnymi stolicami.<\/p>\n<p>Autor pokazuje, \u017ce sto\u0142eczno\u015b\u0107 jest kwesti\u0105 nie tylko polityki, lecz przede wszystkim wyobra\u017ani i kultury. <em>Wyobra\u017cone stolice<\/em> to fascynuj\u0105ce spojrzenie na moment, w kt\u00f3rym miasta zaczynaj\u0105 \u201em\u00f3wi\u0107\u201d w imieniu narod\u00f3w \u2013 i przygotowuj\u0105 si\u0119 do roli, kt\u00f3r\u0105 odegraj\u0105 po 1918 roku.<\/p>\n<p>Ksi\u0105\u017cka dla wszystkich, kt\u00f3rzy chc\u0105 zrozumie\u0107, jak powstaj\u0105 narody \u2013 i jak wielkie znaczenie w tym procesie maj\u0105 miasta.<\/p>\n<p>&nbsp;<\/p>\n<p>&nbsp;<\/p>\n<p><strong>Premiera ksi\u0105\u017cki w maju<\/strong><\/p>\n","protected":false},"excerpt":{"rendered":"<p>Czy stolica mo\u017ce istnie\u0107 bez pa\u0144stwa? I czy miasto mo\u017ce si\u0119 sta\u0107 centrum narodu, zanim ten zdob\u0119dzie niepodleg\u0142o\u015b\u0107? Ksi\u0105\u017cka \u0141ukasza Galuska pokazuje dziewi\u0119tnastowieczn\u0105 Europ\u0119 \u015arodkow\u0105, w kt\u00f3rej pozbawione w\u0142asnych pa\u0144stw narody tworzy\u0142y swoje \u201ewyobra\u017cone stolice\u201d. Budapeszt, Bratys\u0142awa, Lublana, Praga, Zagrzeb nie by\u0142y jeszcze miastami sto\u0142ecznymi, ale ju\u017c wtedy stawa\u0142y si\u0119 przestrzeni\u0105, w kt\u00f3rej rodzi\u0142a si\u0119 [&hellip;]<\/p>\n","protected":false},"featured_media":20685,"template":"","meta":{"_acf_changed":false,"iawp_total_views":15},"product_brand":[],"product_cat":[82],"product_tag":[],"class_list":{"0":"post-20676","1":"product","2":"type-product","3":"status-publish","4":"has-post-thumbnail","6":"product_cat-zapowiedzi","8":"first","9":"outofstock","10":"taxable","11":"shipping-taxable","12":"product-type-simple"},"acf":[],"_links":{"self":[{"href":"https:\/\/ksiegarniamck.pl\/en\/wp-json\/wp\/v2\/product\/20676","targetHints":{"allow":["GET"]}}],"collection":[{"href":"https:\/\/ksiegarniamck.pl\/en\/wp-json\/wp\/v2\/product"}],"about":[{"href":"https:\/\/ksiegarniamck.pl\/en\/wp-json\/wp\/v2\/types\/product"}],"version-history":[{"count":8,"href":"https:\/\/ksiegarniamck.pl\/en\/wp-json\/wp\/v2\/product\/20676\/revisions"}],"predecessor-version":[{"id":20709,"href":"https:\/\/ksiegarniamck.pl\/en\/wp-json\/wp\/v2\/product\/20676\/revisions\/20709"}],"wp:featuredmedia":[{"embeddable":true,"href":"https:\/\/ksiegarniamck.pl\/en\/wp-json\/wp\/v2\/media\/20685"}],"wp:attachment":[{"href":"https:\/\/ksiegarniamck.pl\/en\/wp-json\/wp\/v2\/media?parent=20676"}],"wp:term":[{"taxonomy":"product_brand","embeddable":true,"href":"https:\/\/ksiegarniamck.pl\/en\/wp-json\/wp\/v2\/product_brand?post=20676"},{"taxonomy":"product_cat","embeddable":true,"href":"https:\/\/ksiegarniamck.pl\/en\/wp-json\/wp\/v2\/product_cat?post=20676"},{"taxonomy":"product_tag","embeddable":true,"href":"https:\/\/ksiegarniamck.pl\/en\/wp-json\/wp\/v2\/product_tag?post=20676"}],"curies":[{"name":"wp","href":"https:\/\/api.w.org\/{rel}","templated":true}]}}