{"id":4001,"date":"2021-08-05T18:38:37","date_gmt":"2021-08-05T16:38:37","guid":{"rendered":"http:\/\/server382631.nazwa.pl\/ksiegarnia2\/produkt\/wynalezienie-europy-wschodniej-mapa-cywilizacji-w-dobie-oswiecenia\/"},"modified":"2024-08-08T14:18:06","modified_gmt":"2024-08-08T12:18:06","slug":"wynalezienie-europy-wschodniej-mapa-cywilizacji-w-dobie-oswiecenia","status":"publish","type":"product","link":"https:\/\/ksiegarniamck.pl\/en\/produkt\/wynalezienie-europy-wschodniej-mapa-cywilizacji-w-dobie-oswiecenia\/","title":{"rendered":"Wynalezienie Europy Wschodniej. Mapa cywilizacji w dobie O\u015bwiecenia"},"content":{"rendered":"<p>Wolff uderza w samo sedno i zadaje pytania o to, jak i po co skonstruowano ten mit \u201egorszej\u201d Europy Wschodniej, dlaczego Europ\u0119 \u015arodkow\u0105 odbijano niczym pi\u0142eczk\u0119 pingpongow\u0105, dlaczego z tak\u0105 \u0142atwo\u015bci\u0105 przesuwano lini\u0119, kt\u00f3ra za ka\u017cdym razem oddziela\u0142a Cywilizacj\u0119 od Barbarii, Kultur\u0119 od Natury, Ludzi od Bestii.<\/p>\n<p>W swojej ksi\u0105\u017cce po\u015bwi\u0119conej sposobom, w jaki zachodnioeuropejskie O\u015bwiecenie projektowa\u0142o wyobra\u017cenia Europy Wschodniej, Wolff pr\u00f3buje wyj\u015b\u0107 poza pary opozycji i stereotyp\u00f3w dotycz\u0105cych tego regionu i sprawdzi\u0107, w jaki spos\u00f3b one powstawa\u0142y. Przygl\u0105da si\u0119 nie tyle Europie Wschodniej, co stanowi wiedzy Europy Zachodniej na temat Wschodu, propozycji jego \u201eucywilizowania\u201d, \u201euporz\u0105dkowania\u201d i podboju. Podejrzliwie i krytycznie przygl\u0105da si\u0119 pismom filozof\u00f3w, sztukom teatralnym, pami\u0119tnikom, listom i kodeksom prawnym. Jego bohaterami s\u0105 Katarzyna II, Wolter, Rousseau, Casanova, pierwsi badacze, antropolodzy, dyplomaci i wojskowi. Ale te\u017c Edward Said, Jacques Derrida i Michel Foucault.<\/p>\n<p>Ten wykszta\u0142cony w O\u015bwieceniu paradygmat my\u015blenia o Europie Wschodniej wci\u0105\u017c jest aktywny, wp\u0142ywa nie tylko na wyobra\u017cenia kulturowe, ale tak\u017ce na dzia\u0142ania polityczne i ekonomiczne oraz przyporz\u0105dkowania ideologiczne i \u015bwiatopogl\u0105dowe, domagaj\u0105ce si\u0119 od Europy \u015arodkowej potwierdzania wci\u0105\u017c na nowo jej \u201eeuropejsko\u015bci\u201d i przydzielaj\u0105ce okre\u015blone role \u2013 wed\u0142ug kt\u00f3rych na przyk\u0142ad Polce przypada w udziale pozycja przedmurza wobec wp\u0142yw\u00f3w rosyjskich.<\/p>\n<p>Wolff ma \u015bwiadomo\u015b\u0107, \u017ce proces, kt\u00f3ry opisuje, doprowadzi\u0142 nie tylko do podboju Europy Wschodniej przez Napoleona, ale jego konsekwencj\u0105 ostateczn\u0105 by\u0142a tak\u017ce hitlerowska ekspansja na Wsch\u00f3d, a tak\u017ce ci\u0105gle aktualna polityka wobec Rosji. Pyta zatem o jego \u017ar\u00f3d\u0142a, ale r\u00f3wnie\u017c o to, co sprawi\u0142o, \u017ce sta\u0142 si\u0119 on wygodnym schematem, \u017cywym nawet wsp\u00f3\u0142cze\u015bnie.<\/p>\n<p>Autor nie ogranicza si\u0119 do studiowania kolejnych pism \u2013 schodzi na pola bitew, pokazuje efekty wojen, jakie przetacza\u0142y si\u0119 przez Europ\u0119 sto lat wcze\u015bniej i p\u00f3\u017aniej. Z konstrukt\u00f3w r\u00f3\u017cnych \u201eEurop\u201d Wolff wyprowadza bardzo konkretne konsekwencje polityczne, maj\u0105ce wp\u0142yw na najwi\u0119ksze konflikty XX wieku.<\/p>\n<p>\u201eWynalezienie Europy Wschodniej. Mapa cywilizacji w dobie O\u015bwiecenia\u201d to pierwsze polskie wydanie klasycznej ju\u017c ksi\u0105\u017cki Larry\u2019ego Wolffa.<\/p>\n<p><strong>Larry Wolff<\/strong> \u2013 profesor na New York University, dyrektor Remarque Institute, cz\u0142onek American Academy of Arts and Sciences. Wyr\u00f3\u017cniony stypendiami Fulbrighta, American Council of Learned Societies oraz Guggenheima. Uznawany za jednego z najwa\u017cniejszych zachodnich badaczy Europy \u015arodkowej i Wschodniej \u2013 obok Normana Daviesa, Tony\u2019ego Judta, Timothy\u2019ego Gartona Asha. Autor m. in: <em>Idei Galicji<\/em>, kt\u00f3ra ukaza\u0142a si\u0119 nak\u0142adem Wydawnictwa MCK w 2021 roku.<\/p>\n<p>Siedemnasty tom serii\u00a0BIBLIOTEKA EUROPY \u015aRODKA pod redakcj\u0105 Jacka Purchli.<\/p>\n<p>Prze\u0142. Tomasz Biero\u0144<\/p>\n<p>&nbsp;<\/p>\n","protected":false},"excerpt":{"rendered":"<p>Wolff uderza w samo sedno i zadaje pytania o to, jak i po co skonstruowano ten mit \u201egorszej\u201d Europy Wschodniej, dlaczego Europ\u0119 \u015arodkow\u0105 odbijano niczym pi\u0142eczk\u0119 pingpongow\u0105, dlaczego z tak\u0105 \u0142atwo\u015bci\u0105 przesuwano lini\u0119, kt\u00f3ra za ka\u017cdym razem oddziela\u0142a Cywilizacj\u0119 od Barbarii, Kultur\u0119 od Natury, Ludzi od Bestii. W swojej ksi\u0105\u017cce po\u015bwi\u0119conej sposobom, w jaki zachodnioeuropejskie [&hellip;]<\/p>\n","protected":false},"featured_media":4970,"template":"","meta":{"_acf_changed":false,"iawp_total_views":28},"product_brand":[],"product_cat":[133],"product_tag":[],"class_list":{"0":"post-4001","1":"product","2":"type-product","3":"status-publish","4":"has-post-thumbnail","6":"product_cat-the-central-european-library","7":"pa_format-ebook","8":"pa_format-book","9":"pa_format-wydania-ebook-en","10":"pa_format-wydania-soft-cover","11":"pa_format-wydania-hard-cover","13":"first","14":"instock","15":"sale","16":"taxable","17":"shipping-taxable","18":"purchasable","19":"product-type-variable"},"acf":[],"_links":{"self":[{"href":"https:\/\/ksiegarniamck.pl\/en\/wp-json\/wp\/v2\/product\/4001","targetHints":{"allow":["GET"]}}],"collection":[{"href":"https:\/\/ksiegarniamck.pl\/en\/wp-json\/wp\/v2\/product"}],"about":[{"href":"https:\/\/ksiegarniamck.pl\/en\/wp-json\/wp\/v2\/types\/product"}],"version-history":[{"count":3,"href":"https:\/\/ksiegarniamck.pl\/en\/wp-json\/wp\/v2\/product\/4001\/revisions"}],"predecessor-version":[{"id":13780,"href":"https:\/\/ksiegarniamck.pl\/en\/wp-json\/wp\/v2\/product\/4001\/revisions\/13780"}],"wp:featuredmedia":[{"embeddable":true,"href":"https:\/\/ksiegarniamck.pl\/en\/wp-json\/wp\/v2\/media\/4970"}],"wp:attachment":[{"href":"https:\/\/ksiegarniamck.pl\/en\/wp-json\/wp\/v2\/media?parent=4001"}],"wp:term":[{"taxonomy":"product_brand","embeddable":true,"href":"https:\/\/ksiegarniamck.pl\/en\/wp-json\/wp\/v2\/product_brand?post=4001"},{"taxonomy":"product_cat","embeddable":true,"href":"https:\/\/ksiegarniamck.pl\/en\/wp-json\/wp\/v2\/product_cat?post=4001"},{"taxonomy":"product_tag","embeddable":true,"href":"https:\/\/ksiegarniamck.pl\/en\/wp-json\/wp\/v2\/product_tag?post=4001"}],"curies":[{"name":"wp","href":"https:\/\/api.w.org\/{rel}","templated":true}]}}