{"id":4037,"date":"2021-08-08T18:37:51","date_gmt":"2021-08-08T16:37:51","guid":{"rendered":"http:\/\/server382631.nazwa.pl\/ksiegarnia2\/produkt\/czechy-instrukcja-obslugi-e-book\/"},"modified":"2024-08-08T14:16:34","modified_gmt":"2024-08-08T12:16:34","slug":"czechy-instrukcja-obslugi","status":"publish","type":"product","link":"https:\/\/ksiegarniamck.pl\/en\/produkt\/czechy-instrukcja-obslugi\/","title":{"rendered":"Czechy. Instrukcja obs\u0142ugi"},"content":{"rendered":"<p><strong><em>\u201e<\/em>Po niemiecku Praga jest rodzaju nijakiego. Ale po czesku to dama. Nic wi\u0119c dziwnego, \u017ce zrobiono z niej latawic\u0119. Cho\u0107 nie by\u0142a tak ogromna jak Pary\u017c, to Czechom wydawa\u0142a si\u0119 nieprzenikniona. Czasem okrutna, wybredna i zimna. Nieraz mo\u017cna by\u0142o odnie\u015b\u0107 wra\u017cenie, \u017ce woli przeciwnik\u00f3w ni\u017c szacownych czcicieli. Niemal z rozkosz\u0105 gn\u0119bi\u0142a swoich wie\u015bniak\u00f3w\u201d.<\/strong><\/p>\n<p>Ksi\u0105\u017cka Gru\u0161y opowiada o czeskiej historii (zw\u0142aszcza niedawnej) oraz o czeskich mitach i legendach. Ale tak\u017ce o ciemnych stronach przesz\u0142o\u015bci tego kraju, o czeskich kompleksach, \u201etrupach w szafie\u201d i zdarzeniach, o kt\u00f3rych dzi\u015b \u2013 mimo wolno\u015bci s\u0142owa \u2013 m\u00f3wi si\u0119 tam raczej niech\u0119tnie. To tak\u017ce opowie\u015b\u0107 wspania\u0142ego erudyty i cz\u0142owieka obdarzonego ogromn\u0105 wiedz\u0105, napisana ze swad\u0105, z czeskim poczuciem humoru i autoironi\u0105, pe\u0142na zabawnych gier s\u0142\u00f3w i poetyckich obraz\u00f3w. A jednocze\u015bnie mo\u017cna je\u017adzi\u0107 po Czechach, trzymaj\u0105c j\u0105 na kolanach, bo spe\u0142nia tak\u017ce niemal wszystkie wymogi typowego przewodnika.<\/p>\n<p>\u201eLiteracki przewodnik Gru\u0161y po Czechach (i Morawach) bywa irytuj\u0105cy, ale jego intelektualna si\u0142a jest niepodwa\u017calna. Wydobywa na wierzch historyczne dziedzictwo czeskiej my\u015bli liberalnej, krytykuj\u0105c ka\u017cdy przejaw \u201ezginania karku\u201d \u2013 przed form\u0105, w\u0142adz\u0105 i narodowymi fobiami\u201d<strong>.<\/strong><em><br \/>\n<\/em>Kacper Szulecki, \u201eKultura Liberalna\u201d<\/p>\n<p>\u201eCzechy. Instrukcja obs\u0142ugi\u201d jest w najwy\u017cszym stopniu przekonuj\u0105cym dowodem, jak ma\u0142o o czeskiej kulturze i literaturze wiemy, jakie &#8211; nam nieznane &#8211; skarby si\u0119 w nich kryj\u0105.<br \/>\nW\u0142odzimierz Kalicki \u201eGazeta Wyborcza\u201d, \u201eDu\u017cy Format\u201d<\/p>\n<p>&nbsp;<\/p>\n<p><strong>Ji\u0159\u00ed Gru\u0161a<\/strong> jest jednym z najwa\u017cniejszych czeskich pisarzy drugiej po\u0142owy XX wieku. Podczas kr\u00f3tkiej odwil\u017cy (1964\u20131965) nale\u017ca\u0142 do za\u0142o\u017cycieli (m. in. z V\u00e1clavem Havlem) jednego z najciekawszych pism literackich \u201eTv\u00e1\u0159\u201d. Po likwidacji pisma publikowa\u0142 pod pseudonimem g\u0142\u00f3wnie przek\u0142ady i recenzje. W okresie demokratyzacji Praskiej Wiosny 1968 roku by\u0142 wsp\u00f3\u0142za\u0142o\u017cycielem innego wa\u017cnego pisma literackiego \u201eSe\u0161ity pro mladou literaturu\u201d. Po wkroczeniu wojsk Uk\u0142adu Warszawskiego do Czechos\u0142owacji r\u00f3wnie\u017c zosta\u0142o ono zlikwidowane, a sam pisarz otrzyma\u0142 zakaz publikacji.<\/p>\n<p>Na pocz\u0105tku lat 70. ub. w. wraz z Ludv\u00edkiem Vacul\u00edkiem i Ivanem Kl\u00edm\u0105 stworzy\u0142 pierwsze i najwa\u017cniejsze wydawnictwo niezale\u017cne, dzia\u0142aj\u0105ce poza zasi\u0119giem cenzury \u2013 \u201ePetlice\u201d (Skobel). Za to, a tak\u017ce za swoj\u0105 dzia\u0142alno\u015b\u0107 w ramach opozycyjnej Karty 77 by\u0142 wielokrotnie wi\u0119ziony. W 1980 roku otrzyma\u0142 zgod\u0119 w\u0142adz na wyjazd na stypendium literackie do USA, ale w trakcie pobytu za granic\u0105 zosta\u0142 pozbawiony obywatelstwa czechos\u0142owackiego. Osiad\u0142 w Niemczech, gdzie pracowa\u0142 mi\u0119dzy innymi jako pisarz miejski w Bonn, t\u0142umaczy\u0142 i pisa\u0142 teksty literackie oraz aktywnie dzia\u0142a\u0142 w \u015brodowisku czechos\u0142owackiej emigracji politycznej. Do kraju m\u00f3g\u0142 wr\u00f3ci\u0107 dopiero po aksamitnej rewolucji 1989 roku. Jest autorem kilku tom\u00f3w wierszy oraz powie\u015bci i zbior\u00f3w esej\u00f3w, za kt\u00f3re otrzyma\u0142 najwa\u017cniejsze czeskie nagrody literackie.<\/p>\n","protected":false},"excerpt":{"rendered":"<p>\u201ePo niemiecku Praga jest rodzaju nijakiego. Ale po czesku to dama. Nic wi\u0119c dziwnego, \u017ce zrobiono z niej latawic\u0119. Cho\u0107 nie by\u0142a tak ogromna jak Pary\u017c, to Czechom wydawa\u0142a si\u0119 nieprzenikniona. Czasem okrutna, wybredna i zimna. Nieraz mo\u017cna by\u0142o odnie\u015b\u0107 wra\u017cenie, \u017ce woli przeciwnik\u00f3w ni\u017c szacownych czcicieli. Niemal z rozkosz\u0105 gn\u0119bi\u0142a swoich wie\u015bniak\u00f3w\u201d. Ksi\u0105\u017cka Gru\u0161y [&hellip;]<\/p>\n","protected":false},"featured_media":4918,"template":"","meta":{"_acf_changed":false,"iawp_total_views":43},"product_brand":[],"product_cat":[25],"product_tag":[511],"class_list":{"0":"post-4037","1":"product","2":"type-product","3":"status-publish","4":"has-post-thumbnail","6":"product_cat-europa-srodkowa","7":"product_tag-czechy","8":"pa_format-e-book","9":"pa_format-ksiazka","10":"pa_format-wydania-ebook","11":"pa_format-wydania-okladka-miekka","12":"pa_format-wydania-okladka-twarda","14":"first","15":"instock","16":"sale","17":"taxable","18":"shipping-taxable","19":"purchasable","20":"product-type-variable"},"acf":[],"_links":{"self":[{"href":"https:\/\/ksiegarniamck.pl\/en\/wp-json\/wp\/v2\/product\/4037","targetHints":{"allow":["GET"]}}],"collection":[{"href":"https:\/\/ksiegarniamck.pl\/en\/wp-json\/wp\/v2\/product"}],"about":[{"href":"https:\/\/ksiegarniamck.pl\/en\/wp-json\/wp\/v2\/types\/product"}],"version-history":[{"count":4,"href":"https:\/\/ksiegarniamck.pl\/en\/wp-json\/wp\/v2\/product\/4037\/revisions"}],"predecessor-version":[{"id":7649,"href":"https:\/\/ksiegarniamck.pl\/en\/wp-json\/wp\/v2\/product\/4037\/revisions\/7649"}],"wp:featuredmedia":[{"embeddable":true,"href":"https:\/\/ksiegarniamck.pl\/en\/wp-json\/wp\/v2\/media\/4918"}],"wp:attachment":[{"href":"https:\/\/ksiegarniamck.pl\/en\/wp-json\/wp\/v2\/media?parent=4037"}],"wp:term":[{"taxonomy":"product_brand","embeddable":true,"href":"https:\/\/ksiegarniamck.pl\/en\/wp-json\/wp\/v2\/product_brand?post=4037"},{"taxonomy":"product_cat","embeddable":true,"href":"https:\/\/ksiegarniamck.pl\/en\/wp-json\/wp\/v2\/product_cat?post=4037"},{"taxonomy":"product_tag","embeddable":true,"href":"https:\/\/ksiegarniamck.pl\/en\/wp-json\/wp\/v2\/product_tag?post=4037"}],"curies":[{"name":"wp","href":"https:\/\/api.w.org\/{rel}","templated":true}]}}