{"id":4200,"date":"2021-06-01T19:06:24","date_gmt":"2021-06-01T17:06:24","guid":{"rendered":"http:\/\/server382631.nazwa.pl\/ksiegarnia2\/produkt\/petersburg-i-polska\/"},"modified":"2023-05-22T09:42:56","modified_gmt":"2023-05-22T07:42:56","slug":"petersburg-i-polska","status":"publish","type":"product","link":"https:\/\/ksiegarniamck.pl\/en\/produkt\/petersburg-i-polska\/","title":{"rendered":"Petersburg i Polska"},"content":{"rendered":"<p>Zbi\u00f3r esej\u00f3w \u201ePetersburg i Polska\u201d pod redakcj\u0105 naukow\u0105 Dariusza Konstantynowa to bogato ilustrowana publikacja elektroniczna przygotowana przez Mi\u0119dzynarodowe Centrum Kultury w ramach encyklopedii internetowej <a href=\"http:\/\/www.polskipetersburg.pl\/\" target=\"_blank\" rel=\"noopener\"><strong>Polski Petersburg<\/strong><\/a><em>. <\/em>Prezentuje histori\u0119, liczebno\u015b\u0107 i struktur\u0119 spo\u0142eczn\u0105 polskiej kolonii w Petersburgu od ko\u0144ca XVIII wieku po lata 30. XX w.<\/p>\n<p>Ksi\u0105\u017cka przybli\u017ca wiedz\u0119 o roli, jak\u0105 przez wieki odgrywali Polacy w \u017cyciu spo\u0142ecznym, zawodowym, towarzyskim, gospodarczym, naukowym, kulturalnym i artystycznym miasta nad New\u0105. W publikacji sporo miejsca po\u015bwi\u0119cono obecno\u015bci Polak\u00f3w w \u017cyciu politycznym Rosji i Petersburga oraz losom leningradzkich Polak\u00f3w w okresie wielkiego terroru, a tak\u017ce polskim zbiorom w petersburskich muzeach, bibliotekach i archiwach.<\/p>\n<p>Darmowy ebook mo\u017cna pobra\u0107 <strong><a href=\"http:\/\/www.polskipetersburg.pl\/zbior-esejow\" target=\"_blank\" rel=\"noopener\">tutaj<\/a><\/strong><\/p>\n<p>&nbsp;<\/p>\n","protected":false},"excerpt":{"rendered":"<p>Zbi\u00f3r esej\u00f3w \u201ePetersburg i Polska\u201d pod redakcj\u0105 naukow\u0105 Dariusza Konstantynowa to bogato ilustrowana publikacja elektroniczna przygotowana przez Mi\u0119dzynarodowe Centrum Kultury w ramach encyklopedii internetowej Polski Petersburg. Prezentuje histori\u0119, liczebno\u015b\u0107 i struktur\u0119 spo\u0142eczn\u0105 polskiej kolonii w Petersburgu od ko\u0144ca XVIII wieku po lata 30. XX w. Ksi\u0105\u017cka przybli\u017ca wiedz\u0119 o roli, jak\u0105 przez wieki odgrywali Polacy [&hellip;]<\/p>\n","protected":false},"featured_media":5155,"template":"","meta":{"_acf_changed":false,"iawp_total_views":3},"product_brand":[],"product_cat":[26],"product_tag":[365],"class_list":{"0":"post-4200","1":"product","2":"type-product","3":"status-publish","4":"has-post-thumbnail","6":"product_cat-e-booki","7":"product_tag-ebook","9":"first","10":"instock","11":"downloadable","12":"virtual","13":"taxable","14":"purchasable","15":"product-type-simple"},"acf":[],"_links":{"self":[{"href":"https:\/\/ksiegarniamck.pl\/en\/wp-json\/wp\/v2\/product\/4200","targetHints":{"allow":["GET"]}}],"collection":[{"href":"https:\/\/ksiegarniamck.pl\/en\/wp-json\/wp\/v2\/product"}],"about":[{"href":"https:\/\/ksiegarniamck.pl\/en\/wp-json\/wp\/v2\/types\/product"}],"version-history":[{"count":2,"href":"https:\/\/ksiegarniamck.pl\/en\/wp-json\/wp\/v2\/product\/4200\/revisions"}],"predecessor-version":[{"id":6762,"href":"https:\/\/ksiegarniamck.pl\/en\/wp-json\/wp\/v2\/product\/4200\/revisions\/6762"}],"wp:featuredmedia":[{"embeddable":true,"href":"https:\/\/ksiegarniamck.pl\/en\/wp-json\/wp\/v2\/media\/5155"}],"wp:attachment":[{"href":"https:\/\/ksiegarniamck.pl\/en\/wp-json\/wp\/v2\/media?parent=4200"}],"wp:term":[{"taxonomy":"product_brand","embeddable":true,"href":"https:\/\/ksiegarniamck.pl\/en\/wp-json\/wp\/v2\/product_brand?post=4200"},{"taxonomy":"product_cat","embeddable":true,"href":"https:\/\/ksiegarniamck.pl\/en\/wp-json\/wp\/v2\/product_cat?post=4200"},{"taxonomy":"product_tag","embeddable":true,"href":"https:\/\/ksiegarniamck.pl\/en\/wp-json\/wp\/v2\/product_tag?post=4200"}],"curies":[{"name":"wp","href":"https:\/\/api.w.org\/{rel}","templated":true}]}}