{"id":4234,"date":"2021-06-01T19:07:31","date_gmt":"2021-06-01T17:07:31","guid":{"rendered":"http:\/\/server382631.nazwa.pl\/ksiegarnia2\/produkt\/krakow-w-europie-srodka-eng\/"},"modified":"2023-02-22T00:17:16","modified_gmt":"2023-02-21T23:17:16","slug":"krakow-w-europie-srodka-eng","status":"publish","type":"product","link":"https:\/\/ksiegarniamck.pl\/en\/produkt\/krakow-w-europie-srodka-eng\/","title":{"rendered":"Cracow in the European Core [EN]"},"content":{"rendered":"<p><strong>Historia cywilizacji i kultury nigdzie nie odbija si\u0119 tak wiernie jak w dziejach miast. Te ostatnie s\u0105 do tego stopnia fascynuj\u0105ce, \u017ce zas\u0142u\u017cy\u0142y nawet na w\u0142asny gatunek: &#8220;biografie miast&#8221;. Krak\u00f3w w Europie \u015arodka prof. Jacka Purchli doczeka\u0142 si\u0119 dw\u00f3ch albumowych wyda\u0144. Nowa wersja wydobywa literacki, \u201ebiograficzny\u201d aspekt ksi\u0105\u017cki. Kulturowa historia Krakowa pi\u00f3ra prof. Purchli obejmuje ca\u0142e spektrum dziej\u00f3w miasta \u2013 od czas\u00f3w najdawniejszych po wsp\u00f3\u0142czesno\u015b\u0107. To jak dot\u0105d jedyna pe\u0142na ich synteza.<\/strong><\/p>\n<p>Krak\u00f3w nale\u017cy do tych miast naszego kontynentu, gdzie przesz\u0142o\u015b\u0107 i tradycja w zasadniczy spos\u00f3b determinuj\u0105 wsp\u00f3\u0142czesny rozw\u00f3j, a historia okre\u015bla jego to\u017csamo\u015b\u0107. Jest te\u017c pomi\u0119dzy Warszaw\u0105, Berlinem, Prag\u0105, Bratys\u0142aw\u0105, Wiedniem i Budapesztem jedynym tak du\u017cym miastem o historycznie ukszta\u0142towanych funkcjach metropolitalnych.<\/p>\n<p>Wersja angielskoj\u0119zyczna.<\/p>\n<p>&nbsp;<\/p>\n<p><strong>Prof. dr hab. Jacek Purchla<\/strong>, profesor zwyczajny nauk humanistycznych; cz\u0142onek czynny Polskiej Akademii Umiej\u0119tno\u015bci; przewodnicz\u0105cy Polskiego Komitetu ds. UNESCO i przedstawiciel Polski w Radzie Wykonawczej UNESCO w Pary\u017cu. W latach 2016-2017 przewodnicz\u0105cy Komitetu \u015awiatowego Dziedzictwa UNESCO. Kieruje Katedr\u0105 Historii Gospodarczej i Spo\u0142ecznej Uniwersytetu Ekonomicznego w Krakowie, a tak\u017ce Instytutem Dziedzictwa Europejskiego Mi\u0119dzynarodowego Centrum Kultury, kt\u00f3rego jest za\u0142o\u017cycielem i w latach 1991-2017 by\u0142 dyrektorem. Przewodnicz\u0105cy Rady Uczelni Uniwersytetu Jagiello\u0144skiego. Doktor honoris causa Uniwersytetu Narodowego Politechnika Lwowska.<\/p>\n<p>Prowadzi badania nad rozwojem miast, histori\u0105 spo\u0142eczn\u0105 i histori\u0105 sztuki XIX i XX wieku, jak r\u00f3wnie\u017c teori\u0105 i ochron\u0105 dziedzictwa kulturowego. Autor ponad czterystu prac naukowych, w tym wielu ksi\u0105\u017cek. Cz\u0142onek licznych organizacji i stowarzysze\u0144, mi\u0119dzy innymi Comit\u00e9 international d\u2019histoire de l\u2019art (cz\u0142onek tytularny), ekspert Komisji Europejskiej przy projekcie European Heritage Label (Znak Dziedzictwa Europejskiego). W latach 2000-2016 przewodniczy\u0142 Radzie Ochrony Zabytk\u00f3w przy Ministrze Kultury i Dziedzictwa Narodowego. Prezes Towarzystwa Mi\u0142o\u015bnik\u00f3w Historii i Zabytk\u00f3w Krakowa i redaktor \u201eRocznika Krakowskiego\u201d. W 2018 roku wybrany na stanowisko wiceprezydenta Europa Nostra.<\/p>\n","protected":false},"excerpt":{"rendered":"<p>Historia cywilizacji i kultury nigdzie nie odbija si\u0119 tak wiernie jak w dziejach miast. Te ostatnie s\u0105 do tego stopnia fascynuj\u0105ce, \u017ce zas\u0142u\u017cy\u0142y nawet na w\u0142asny gatunek: &#8220;biografie miast&#8221;. Krak\u00f3w w Europie \u015arodka prof. Jacka Purchli doczeka\u0142 si\u0119 dw\u00f3ch albumowych wyda\u0144. Nowa wersja wydobywa literacki, \u201ebiograficzny\u201d aspekt ksi\u0105\u017cki. Kulturowa historia Krakowa pi\u00f3ra prof. Purchli obejmuje [&hellip;]<\/p>\n","protected":false},"featured_media":4953,"template":"","meta":{"_acf_changed":false,"iawp_total_views":1},"product_brand":[],"product_cat":[24],"product_tag":[1289,1287],"class_list":{"0":"post-4234","1":"product","2":"type-product","3":"status-publish","4":"has-post-thumbnail","6":"product_cat-albumy","7":"product_tag-cracow","8":"product_tag-european-core","10":"first","11":"instock","12":"sale","13":"taxable","14":"shipping-taxable","15":"purchasable","16":"product-type-simple"},"acf":[],"_links":{"self":[{"href":"https:\/\/ksiegarniamck.pl\/en\/wp-json\/wp\/v2\/product\/4234","targetHints":{"allow":["GET"]}}],"collection":[{"href":"https:\/\/ksiegarniamck.pl\/en\/wp-json\/wp\/v2\/product"}],"about":[{"href":"https:\/\/ksiegarniamck.pl\/en\/wp-json\/wp\/v2\/types\/product"}],"version-history":[{"count":1,"href":"https:\/\/ksiegarniamck.pl\/en\/wp-json\/wp\/v2\/product\/4234\/revisions"}],"predecessor-version":[{"id":14687,"href":"https:\/\/ksiegarniamck.pl\/en\/wp-json\/wp\/v2\/product\/4234\/revisions\/14687"}],"wp:featuredmedia":[{"embeddable":true,"href":"https:\/\/ksiegarniamck.pl\/en\/wp-json\/wp\/v2\/media\/4953"}],"wp:attachment":[{"href":"https:\/\/ksiegarniamck.pl\/en\/wp-json\/wp\/v2\/media?parent=4234"}],"wp:term":[{"taxonomy":"product_brand","embeddable":true,"href":"https:\/\/ksiegarniamck.pl\/en\/wp-json\/wp\/v2\/product_brand?post=4234"},{"taxonomy":"product_cat","embeddable":true,"href":"https:\/\/ksiegarniamck.pl\/en\/wp-json\/wp\/v2\/product_cat?post=4234"},{"taxonomy":"product_tag","embeddable":true,"href":"https:\/\/ksiegarniamck.pl\/en\/wp-json\/wp\/v2\/product_tag?post=4234"}],"curies":[{"name":"wp","href":"https:\/\/api.w.org\/{rel}","templated":true}]}}