{"id":4276,"date":"2021-06-01T19:08:56","date_gmt":"2021-06-01T17:08:56","guid":{"rendered":"http:\/\/server382631.nazwa.pl\/ksiegarnia2\/produkt\/koscioly-i-klasztory-rzymskokatolickie-dawnego-wojewodztwa-trockiego-cz-iv-t-2\/"},"modified":"2025-05-12T11:01:28","modified_gmt":"2025-05-12T09:01:28","slug":"koscioly-i-klasztory-rzymskokatolickie-dawnego-wojewodztwa-trockiego-cz-iv-t-2","status":"publish","type":"product","link":"https:\/\/ksiegarniamck.pl\/en\/produkt\/koscioly-i-klasztory-rzymskokatolickie-dawnego-wojewodztwa-trockiego-cz-iv-t-2\/","title":{"rendered":"Ko\u015bcio\u0142y i klasztory rzymskokatolickie dawnego wojew\u00f3dztwa trockiego. Cz\u0119\u015b\u0107 IV, tom 2. Materia\u0142y do Dziej\u00f3w Sztuki Sakralnej."},"content":{"rendered":"<p>Tom zawiera opracowanie obiekt\u00f3w stanowi\u0105cych ca\u0142y dawny zesp\u00f3\u0142 jezuit\u00f3w w Grodnie, z\u0142o\u017cony z ko\u015bcio\u0142a (obecnej katedry), kolegium i szko\u0142y (obecnie budynki wi\u0119zienne), apteki (mieszcz\u0105cej te\u017c plebani\u0119), korytarzy \u0142\u0105cz\u0105cych kolegium z ko\u015bcio\u0142em i aptek\u0105 oraz tzw. starej bursy, kt\u00f3rej mury wtopione s\u0105 w zachodnie skrzyd\u0142o zabudowa\u0144 kurii biskupiej. Opisowi i om\u00f3wieniu architektury towarzyszy kompleksowe przedstawienie wystroju oraz sta\u0142ego i ruchomego wyposa\u017cenia ko\u015bcio\u0142a.<\/p>\n<p>Ksi\u0105\u017cka zosta\u0142a zaopatrzona w spisy wykorzystanych materia\u0142\u00f3w archiwalnych, bibliografi\u0119, indeksy nazwisk i miejscowo\u015bci oraz spis ilustracji.<\/p>\n<p>&nbsp;<\/p>\n<p><strong>Publikacja w j\u0119zyku polskim.<\/strong><br \/>\n<strong>Oferta wa\u017cna tylko dla klient\u00f3w indywidualnych.<\/strong><\/p>\n<p>&nbsp;<\/p>\n<p>&nbsp;<\/p>\n<p>&nbsp;<\/p>\n","protected":false},"excerpt":{"rendered":"<p>Tom zawiera opracowanie obiekt\u00f3w stanowi\u0105cych ca\u0142y dawny zesp\u00f3\u0142 jezuit\u00f3w w Grodnie, z\u0142o\u017cony z ko\u015bcio\u0142a (obecnej katedry), kolegium i szko\u0142y (obecnie budynki wi\u0119zienne), apteki (mieszcz\u0105cej te\u017c plebani\u0119), korytarzy \u0142\u0105cz\u0105cych kolegium z ko\u015bcio\u0142em i aptek\u0105 oraz tzw. starej bursy, kt\u00f3rej mury wtopione s\u0105 w zachodnie skrzyd\u0142o zabudowa\u0144 kurii biskupiej. Opisowi i om\u00f3wieniu architektury towarzyszy kompleksowe przedstawienie wystroju [&hellip;]<\/p>\n","protected":false},"featured_media":4943,"template":"","meta":{"_acf_changed":false,"iawp_total_views":0},"product_brand":[],"product_cat":[72],"product_tag":[461,459,2120],"class_list":{"0":"post-4276","1":"product","2":"type-product","3":"status-publish","4":"has-post-thumbnail","6":"product_cat-materialy-do-dziejow-sztuki-sakralnej","7":"product_tag-klasztory","8":"product_tag-koscioly","9":"product_tag-maria-kalamajska-saeed","11":"first","12":"instock","13":"sale","14":"taxable","15":"shipping-taxable","16":"purchasable","17":"product-type-simple"},"acf":[],"_links":{"self":[{"href":"https:\/\/ksiegarniamck.pl\/en\/wp-json\/wp\/v2\/product\/4276","targetHints":{"allow":["GET"]}}],"collection":[{"href":"https:\/\/ksiegarniamck.pl\/en\/wp-json\/wp\/v2\/product"}],"about":[{"href":"https:\/\/ksiegarniamck.pl\/en\/wp-json\/wp\/v2\/types\/product"}],"version-history":[{"count":4,"href":"https:\/\/ksiegarniamck.pl\/en\/wp-json\/wp\/v2\/product\/4276\/revisions"}],"predecessor-version":[{"id":18914,"href":"https:\/\/ksiegarniamck.pl\/en\/wp-json\/wp\/v2\/product\/4276\/revisions\/18914"}],"wp:featuredmedia":[{"embeddable":true,"href":"https:\/\/ksiegarniamck.pl\/en\/wp-json\/wp\/v2\/media\/4943"}],"wp:attachment":[{"href":"https:\/\/ksiegarniamck.pl\/en\/wp-json\/wp\/v2\/media?parent=4276"}],"wp:term":[{"taxonomy":"product_brand","embeddable":true,"href":"https:\/\/ksiegarniamck.pl\/en\/wp-json\/wp\/v2\/product_brand?post=4276"},{"taxonomy":"product_cat","embeddable":true,"href":"https:\/\/ksiegarniamck.pl\/en\/wp-json\/wp\/v2\/product_cat?post=4276"},{"taxonomy":"product_tag","embeddable":true,"href":"https:\/\/ksiegarniamck.pl\/en\/wp-json\/wp\/v2\/product_tag?post=4276"}],"curies":[{"name":"wp","href":"https:\/\/api.w.org\/{rel}","templated":true}]}}