{"id":5061,"date":"2021-10-29T04:45:08","date_gmt":"2021-10-29T02:45:08","guid":{"rendered":"https:\/\/ksiegarniamck.pl\/?post_type=product&#038;p=5061"},"modified":"2023-07-11T12:25:08","modified_gmt":"2023-07-11T10:25:08","slug":"herito-no-8-nations-history-and-memory","status":"publish","type":"product","link":"https:\/\/ksiegarniamck.pl\/en\/produkt\/herito-no-8-nations-history-and-memory\/","title":{"rendered":"HERITO, No. 8: Nations \u2013 history and memory"},"content":{"rendered":"<p><strong class=\"lead article_lead\">The new, eighth issue of the Herito quarterly devoted to nations in the context of history and memory brings text by Miroslav Hroch, Alexandr Lipatov, Zdzis\u0142aw Najder, Robert Traba and Wojciech Wilczyk. In addition, Joanna Sanetra-Szeliga&#8230;<\/strong><\/p>\n<p>The new, eighth issue of the Herito quarterly devoted to nations in the context of history and memory brings text by Miroslav Hroch, Alexandr Lipatov, Zdzis\u0142aw Najder, Robert Traba and Wojciech Wilczyk. In addition, Joanna Sanetra-Szeliga talks to Krzysztof Czy\u017cewski, the artistic director of the Wroc\u0142aw European Capital of Culture 2016 project; https:\/\/ksiegarniamck.pl\/wp-content\/uploads\/2022\/12\/christmas-set-1.jpg Zab\u0142ocka Kos reviews the idea and competition of the Bauhaus Museum in Weimar; Katarzyna Jagodzi\u0144ska writes about the failed Museum of Contemporary Art in Warsaw, and Piotr Piotrowski and Jaros\u0142aw Suchan comment on the fiasco of the project.<br \/>\nMaria Poprz\u0119cka, \u0141ukasz Galusek, Magdalena Ujma, Maciej Czerwi\u0144ski and Pawe\u0142 Jarosz share their reflections on books and exhibitions. The issue closes with essays by Janusz Sepio\u0142 on the landscape of Eastern Prussia and the lost town of Kr\u00f3lewiec (K\u00f6nigsberg, today\u2019s Kaliningrad), and Dariusz Kacprzak on art collectors in old time \u0141\u00f3d\u017a.<\/p>\n<p>Polish-English version<\/p>\n<div class=\"divider\"><\/div>\n","protected":false},"excerpt":{"rendered":"<p>The new, eighth issue of the Herito quarterly devoted to nations in the context of history and memory brings text by Miroslav Hroch, Alexandr Lipatov, Zdzis\u0142aw Najder, Robert Traba and Wojciech Wilczyk. In addition, Joanna Sanetra-Szeliga&#8230; The new, eighth issue of the Herito quarterly devoted to nations in the context of history and memory brings [&hellip;]<\/p>\n","protected":false},"featured_media":11068,"template":"","meta":{"_acf_changed":false,"iawp_total_views":0},"product_brand":[],"product_cat":[125],"product_tag":[2534],"class_list":{"0":"post-5061","1":"product","2":"type-product","3":"status-publish","4":"has-post-thumbnail","6":"product_cat-herito-en","7":"product_tag-herito-en-2","9":"first","10":"outofstock","11":"sale","12":"taxable","13":"shipping-taxable","14":"purchasable","15":"product-type-simple"},"acf":[],"_links":{"self":[{"href":"https:\/\/ksiegarniamck.pl\/en\/wp-json\/wp\/v2\/product\/5061","targetHints":{"allow":["GET"]}}],"collection":[{"href":"https:\/\/ksiegarniamck.pl\/en\/wp-json\/wp\/v2\/product"}],"about":[{"href":"https:\/\/ksiegarniamck.pl\/en\/wp-json\/wp\/v2\/types\/product"}],"version-history":[{"count":1,"href":"https:\/\/ksiegarniamck.pl\/en\/wp-json\/wp\/v2\/product\/5061\/revisions"}],"predecessor-version":[{"id":11894,"href":"https:\/\/ksiegarniamck.pl\/en\/wp-json\/wp\/v2\/product\/5061\/revisions\/11894"}],"wp:featuredmedia":[{"embeddable":true,"href":"https:\/\/ksiegarniamck.pl\/en\/wp-json\/wp\/v2\/media\/11068"}],"wp:attachment":[{"href":"https:\/\/ksiegarniamck.pl\/en\/wp-json\/wp\/v2\/media?parent=5061"}],"wp:term":[{"taxonomy":"product_brand","embeddable":true,"href":"https:\/\/ksiegarniamck.pl\/en\/wp-json\/wp\/v2\/product_brand?post=5061"},{"taxonomy":"product_cat","embeddable":true,"href":"https:\/\/ksiegarniamck.pl\/en\/wp-json\/wp\/v2\/product_cat?post=5061"},{"taxonomy":"product_tag","embeddable":true,"href":"https:\/\/ksiegarniamck.pl\/en\/wp-json\/wp\/v2\/product_tag?post=5061"}],"curies":[{"name":"wp","href":"https:\/\/api.w.org\/{rel}","templated":true}]}}