{"id":5062,"date":"2021-10-29T22:00:11","date_gmt":"2021-10-29T20:00:11","guid":{"rendered":"https:\/\/ksiegarniamck.pl\/?post_type=product&#038;p=5062"},"modified":"2023-07-11T11:42:53","modified_gmt":"2023-07-11T09:42:53","slug":"herito-no-41-belarus","status":"publish","type":"product","link":"https:\/\/ksiegarniamck.pl\/en\/produkt\/herito-no-41-belarus\/","title":{"rendered":"HERITO, No. 41: Belarus"},"content":{"rendered":"<p><strong class=\"lead article_lead\">&#8220;The Ugly Duckling of Post-Soviet Transformation&#8221;? \u00a0Or the &#8220;Terra incognita for the world&#8221; \u2013 as Svetlana Alexievich wrote about her country? Belarus is often perceived unfavourably, and sometimes even unfairly. Meanwhile, our neighbours\u2019 country is much more than the last remaining old-style European dictatorship. It is a country where the thirst for freedom is as strong as anywhere else in Europe. A country that still searches for and defines its own roots but does not reject them. Belarus is much closer to us than it seems. At the same time, no other neighbour do we know so poorly. Therefore, instead of being afraid of Belarus, it is better to discover and understand it, with the help of Belarusian authors, supported by voices from Poland, England and\u2026 Japan.<\/strong><\/p>\n<p>Hienad\u017a Sahanovi\u0107 and Hieronim Grala explain the struggle of Belarus with its own history. Nelly Bekus explains the pillars on which today&#8217;s democratic uprising rests and how the opposition tries to redefine the Belarusian identity. Ziemowit Szczerek shows how order and cleanliness translated into a sense of superiority in relation to Ukrainians and Russians in Belarus. Irina So\u0142omatina looks at the female face of the protests, as well as their historical associations, i.e. the participation of women in the patriotic war.Maria Dawydczyk talks about the relations between Belarus and the European Union, questioning the &#8220;monolith&#8221; called Eastern Europe. Valiantsin Akudovich addresses the &#8220;non-memory&#8221; of Chernobyl. Owen Hatherley brings out the fascinating diversity of Belarusian architecture in the 20th century. Anna \u0141azar shows what Belarus has brought to global art and what kind of art is popular there today. Tokimasa Sekiguchi explains a Japanese fascination with the Neman river and the Sviciaz\u2019 Lake.<\/p>\n<p>Herito also interviewed Ivan \u0141ysiuk, who told Przemys\u0142aw Witkowski about Belarusian neopaganism, and Stsiapan Stureika, who, in conversation with Micha\u0142 Wi\u015bniewski, discussed layers of Belarusian heritage.<\/p>\n<div class=\"divider\"><\/div>\n","protected":false},"excerpt":{"rendered":"<p>&#8220;The Ugly Duckling of Post-Soviet Transformation&#8221;? \u00a0Or the &#8220;Terra incognita for the world&#8221; \u2013 as Svetlana Alexievich wrote about her country? Belarus is often perceived unfavourably, and sometimes even unfairly. Meanwhile, our neighbours\u2019 country is much more than the last remaining old-style European dictatorship. It is a country where the thirst for freedom is as [&hellip;]<\/p>\n","protected":false},"featured_media":11081,"template":"","meta":{"_acf_changed":false,"iawp_total_views":0},"product_brand":[],"product_cat":[125],"product_tag":[2534],"class_list":{"0":"post-5062","1":"product","2":"type-product","3":"status-publish","4":"has-post-thumbnail","6":"product_cat-herito-en","7":"product_tag-herito-en-2","9":"first","10":"instock","11":"sale","12":"taxable","13":"shipping-taxable","14":"purchasable","15":"product-type-simple"},"acf":[],"_links":{"self":[{"href":"https:\/\/ksiegarniamck.pl\/en\/wp-json\/wp\/v2\/product\/5062","targetHints":{"allow":["GET"]}}],"collection":[{"href":"https:\/\/ksiegarniamck.pl\/en\/wp-json\/wp\/v2\/product"}],"about":[{"href":"https:\/\/ksiegarniamck.pl\/en\/wp-json\/wp\/v2\/types\/product"}],"version-history":[{"count":3,"href":"https:\/\/ksiegarniamck.pl\/en\/wp-json\/wp\/v2\/product\/5062\/revisions"}],"predecessor-version":[{"id":11876,"href":"https:\/\/ksiegarniamck.pl\/en\/wp-json\/wp\/v2\/product\/5062\/revisions\/11876"}],"wp:featuredmedia":[{"embeddable":true,"href":"https:\/\/ksiegarniamck.pl\/en\/wp-json\/wp\/v2\/media\/11081"}],"wp:attachment":[{"href":"https:\/\/ksiegarniamck.pl\/en\/wp-json\/wp\/v2\/media?parent=5062"}],"wp:term":[{"taxonomy":"product_brand","embeddable":true,"href":"https:\/\/ksiegarniamck.pl\/en\/wp-json\/wp\/v2\/product_brand?post=5062"},{"taxonomy":"product_cat","embeddable":true,"href":"https:\/\/ksiegarniamck.pl\/en\/wp-json\/wp\/v2\/product_cat?post=5062"},{"taxonomy":"product_tag","embeddable":true,"href":"https:\/\/ksiegarniamck.pl\/en\/wp-json\/wp\/v2\/product_tag?post=5062"}],"curies":[{"name":"wp","href":"https:\/\/api.w.org\/{rel}","templated":true}]}}