{"id":5069,"date":"2021-10-29T20:30:38","date_gmt":"2021-10-29T18:30:38","guid":{"rendered":"https:\/\/ksiegarniamck.pl\/?post_type=product&#038;p=5069"},"modified":"2023-07-11T11:46:51","modified_gmt":"2023-07-11T09:46:51","slug":"herito-no-39-green","status":"publish","type":"product","link":"https:\/\/ksiegarniamck.pl\/en\/produkt\/herito-no-39-green\/","title":{"rendered":"HERITO, No. 39: Green"},"content":{"rendered":"<div class=\"page-content product\">\n<p><strong>The issue of HERITO quarterly dedicated to the relationship between humans and nature. Developed in exceptional conditions, between an epidemic, a fire in the Biebrza National Park and the forecasts of a summer drought, it made us even more aware of the need for contact not only with other people, but also with wild nature.<\/strong><\/p>\n<p>Lockdown intensified the longing for nature: we know that greenery de-stresses and relaxes, while viewing lush landscapes has a soothing effect. At the same time, however, we are deeply aware of the upcoming climate threats and challenges that will define the future of our planet in the coming months and years. Ultimately, this awareness gave shape to the &#8220;green&#8221; issue of HERITO, with its central bold thesis put forward by professor Ewa Bi\u0144czyk that &#8220;there may be no heritage.&#8221;The Anthropocene era is coming to an end before our eyes &#8211; an epoch of complete and mindless domination of man over nature. But is everyone aware of it? Are we aware of the consequences of the climate crisis? Or maybe it is worth taking a closer look, acknowledging its cultural consequences, and also more narrowly &#8211; how it will impact our everyday life in the years to come?<\/p>\n<p>Should we get used to virtual walks in the forest and to listening recordings of birds singing? What kind of world will we leave to the next generations? These questions have been with us for a long time and we are happy that we could articulate them in the new issue of HERITO.<\/p>\n<p>In the issue: Renata Lis, on the margin of Micha\u0142 Korta&#8217;s photos, writes about &#8220;Festung Antropocene&#8221;, Ewa Bi\u0144czyk in an interview with Przemys\u0142aw Witkowski forecasts that there may be no heritage, Urszula Zaj\u0105czkowska describes the escape from the botanical garden, Bartosz Panek tells the story of the Polish air, and Pawe\u0142 Roma\u0144czuk presents &#8220;bird music&#8221;, Ma\u0142gorzata Gr\u0105bczewska looks at the history of nature photography in Central Europe, Janusz Sepio\u0142 visits the landscapes of Ma\u0142opolska, Magdalena Petryna reviews nature books. We also publish an excerpt from Maja Fowkes&#8217; book &#8220;The Green Bloc&#8221; about Central European neo-avant-garde art in the times of socialism, Bartosz Sadulski&#8217;s conversation with Karolina Lewandowska, curator at the Centre Pompidou, as well as exhibition announcements and reviews.<\/p>\n<div class=\"divider\"><\/div>\n<\/div>\n","protected":false},"excerpt":{"rendered":"<p>The issue of HERITO quarterly dedicated to the relationship between humans and nature. Developed in exceptional conditions, between an epidemic, a fire in the Biebrza National Park and the forecasts of a summer drought, it made us even more aware of the need for contact not only with other people, but also with wild nature. [&hellip;]<\/p>\n","protected":false},"featured_media":11079,"template":"","meta":{"_acf_changed":false,"iawp_total_views":0},"product_brand":[],"product_cat":[125],"product_tag":[2534],"class_list":{"0":"post-5069","1":"product","2":"type-product","3":"status-publish","4":"has-post-thumbnail","6":"product_cat-herito-en","7":"product_tag-herito-en-2","9":"first","10":"instock","11":"sale","12":"taxable","13":"shipping-taxable","14":"purchasable","15":"product-type-simple"},"acf":[],"_links":{"self":[{"href":"https:\/\/ksiegarniamck.pl\/en\/wp-json\/wp\/v2\/product\/5069","targetHints":{"allow":["GET"]}}],"collection":[{"href":"https:\/\/ksiegarniamck.pl\/en\/wp-json\/wp\/v2\/product"}],"about":[{"href":"https:\/\/ksiegarniamck.pl\/en\/wp-json\/wp\/v2\/types\/product"}],"version-history":[{"count":1,"href":"https:\/\/ksiegarniamck.pl\/en\/wp-json\/wp\/v2\/product\/5069\/revisions"}],"predecessor-version":[{"id":11880,"href":"https:\/\/ksiegarniamck.pl\/en\/wp-json\/wp\/v2\/product\/5069\/revisions\/11880"}],"wp:featuredmedia":[{"embeddable":true,"href":"https:\/\/ksiegarniamck.pl\/en\/wp-json\/wp\/v2\/media\/11079"}],"wp:attachment":[{"href":"https:\/\/ksiegarniamck.pl\/en\/wp-json\/wp\/v2\/media?parent=5069"}],"wp:term":[{"taxonomy":"product_brand","embeddable":true,"href":"https:\/\/ksiegarniamck.pl\/en\/wp-json\/wp\/v2\/product_brand?post=5069"},{"taxonomy":"product_cat","embeddable":true,"href":"https:\/\/ksiegarniamck.pl\/en\/wp-json\/wp\/v2\/product_cat?post=5069"},{"taxonomy":"product_tag","embeddable":true,"href":"https:\/\/ksiegarniamck.pl\/en\/wp-json\/wp\/v2\/product_tag?post=5069"}],"curies":[{"name":"wp","href":"https:\/\/api.w.org\/{rel}","templated":true}]}}