{"id":5070,"date":"2021-10-29T19:45:48","date_gmt":"2021-10-29T17:45:48","guid":{"rendered":"https:\/\/ksiegarniamck.pl\/?post_type=product&#038;p=5070"},"modified":"2024-05-31T19:07:28","modified_gmt":"2024-05-31T17:07:28","slug":"herito-no-37-38-magical-socialist-realism","status":"publish","type":"product","link":"https:\/\/ksiegarniamck.pl\/en\/produkt\/herito-no-37-38-magical-socialist-realism\/","title":{"rendered":"HERITO, No. 37-38: Magical socialist realism?"},"content":{"rendered":"<p><strong class=\"lead article_lead\">Socialist in content and national in form \u2013 these were required features of art and architecture made under the doctrine of socialist realism. Today, in Central Europe, the relics of socialist realism evoke unambiguously negative connotations. Fifty years on, are we able to look at them without these emotions? Which works have stood the test of time? Magical socialist realism \u2013 a joke or a hypothesis?<\/strong><\/p>\n<p>The new issue of \u201cHerito\u201d brings more than 160 photos and fourteen texts on architecture, literature, and the arts. Authors present a subjective atlas of socialist realist architecture in Central Europe, recall the history of the construction of the famous Marsza\u0142kowska Housing District, and discuss iconic works of Bohdan Pniewski \u2013 one of the most elusive figures of postwar architecture. They also examine the first Polish socialist realist building listed as a historical monument, wander to Krakow\u2019s Nowa Huta district, to Poruba in Ostrava, to Eisenh\u00fcttenstadt and Prievidza, and search for forgotten socialist monuments in the countries of former Yugoslavia. Moreover, they investigate the Soviet orientalism, the rhetoric of socialist optimism, and contemplate the cosmos together with socialist artists.<\/p>\n<p>The issue features texts and essays by Greg Castillo, Bohdan Cherkes, Beata Chom\u0105towska, \u0141ukasz Galusek, Anna \u0141azar, Karol Kurnicki, Lidia Pa\u0144k\u00f3w, Grzegorz Pi\u0105tek, Anna Syska, Katarzyna Trzeciak, Mi\u0142osz Walig\u00f3rski, Micha\u0142 Wi\u015bniewski, Aleksandra Wojtaszek, Marcin Zgli\u0144ski, as well as reviews of recommended Central European publications.<\/p>\n<p>Launch date: 4 March 2020<\/p>\n<p>The publication is also in the E-BOOK form in <strong><a href=\"https:\/\/ksiegarniamck.pl\/en\/produkt\/herito-no-37-38-magical-socialist-realism-english-version-e-book\/\" target=\"_blank\" rel=\"noopener\">English<\/a><\/strong> and <a href=\"https:\/\/ksiegarniamck.pl\/en\/produkt\/herito-no-37-38-magical-socialist-realism-english-version-e-book\/\" target=\"_blank\" rel=\"noopener\"><strong>Polish.<\/strong><\/a><\/p>\n","protected":false},"excerpt":{"rendered":"<p>Socialist in content and national in form \u2013 these were required features of art and architecture made under the doctrine of socialist realism. Today, in Central Europe, the relics of socialist realism evoke unambiguously negative connotations. Fifty years on, are we able to look at them without these emotions? Which works have stood the test [&hellip;]<\/p>\n","protected":false},"featured_media":11078,"template":"","meta":{"_acf_changed":false,"iawp_total_views":0},"product_brand":[],"product_cat":[125],"product_tag":[2534],"class_list":{"0":"post-5070","1":"product","2":"type-product","3":"status-publish","4":"has-post-thumbnail","6":"product_cat-herito-en","7":"product_tag-herito-en-2","9":"first","10":"outofstock","11":"sale","12":"taxable","13":"shipping-taxable","14":"purchasable","15":"product-type-simple"},"acf":[],"_links":{"self":[{"href":"https:\/\/ksiegarniamck.pl\/en\/wp-json\/wp\/v2\/product\/5070","targetHints":{"allow":["GET"]}}],"collection":[{"href":"https:\/\/ksiegarniamck.pl\/en\/wp-json\/wp\/v2\/product"}],"about":[{"href":"https:\/\/ksiegarniamck.pl\/en\/wp-json\/wp\/v2\/types\/product"}],"version-history":[{"count":2,"href":"https:\/\/ksiegarniamck.pl\/en\/wp-json\/wp\/v2\/product\/5070\/revisions"}],"predecessor-version":[{"id":11881,"href":"https:\/\/ksiegarniamck.pl\/en\/wp-json\/wp\/v2\/product\/5070\/revisions\/11881"}],"wp:featuredmedia":[{"embeddable":true,"href":"https:\/\/ksiegarniamck.pl\/en\/wp-json\/wp\/v2\/media\/11078"}],"wp:attachment":[{"href":"https:\/\/ksiegarniamck.pl\/en\/wp-json\/wp\/v2\/media?parent=5070"}],"wp:term":[{"taxonomy":"product_brand","embeddable":true,"href":"https:\/\/ksiegarniamck.pl\/en\/wp-json\/wp\/v2\/product_brand?post=5070"},{"taxonomy":"product_cat","embeddable":true,"href":"https:\/\/ksiegarniamck.pl\/en\/wp-json\/wp\/v2\/product_cat?post=5070"},{"taxonomy":"product_tag","embeddable":true,"href":"https:\/\/ksiegarniamck.pl\/en\/wp-json\/wp\/v2\/product_tag?post=5070"}],"curies":[{"name":"wp","href":"https:\/\/api.w.org\/{rel}","templated":true}]}}