{"id":5073,"date":"2021-10-29T19:00:02","date_gmt":"2021-10-29T17:00:02","guid":{"rendered":"https:\/\/ksiegarniamck.pl\/?post_type=product&#038;p=5073"},"modified":"2023-07-11T11:53:08","modified_gmt":"2023-07-11T09:53:08","slug":"herito-no-36carpathians","status":"publish","type":"product","link":"https:\/\/ksiegarniamck.pl\/en\/produkt\/herito-no-36carpathians\/","title":{"rendered":"HERITO, No 36: Carpathians"},"content":{"rendered":"\t\t<div data-elementor-type=\"product-post\" data-elementor-id=\"5073\" class=\"elementor elementor-5073 elementor-4119\" data-elementor-post-type=\"product\">\n\t\t\t\t\t\t<section class=\"elementor-section elementor-top-section elementor-element elementor-element-d3e574f elementor-section-boxed elementor-section-height-default elementor-section-height-default\" data-id=\"d3e574f\" data-element_type=\"section\" data-e-type=\"section\">\n\t\t\t\t\t\t<div class=\"elementor-container elementor-column-gap-default\">\n\t\t\t\t\t<div class=\"elementor-column elementor-col-100 elementor-top-column elementor-element elementor-element-64357db8\" data-id=\"64357db8\" data-element_type=\"column\" data-e-type=\"column\">\n\t\t\t<div class=\"elementor-widget-wrap elementor-element-populated\">\n\t\t\t\t\t\t<div class=\"elementor-element elementor-element-ed2e3f0 elementor-widget elementor-widget-text-editor\" data-id=\"ed2e3f0\" data-element_type=\"widget\" data-e-type=\"widget\" data-widget_type=\"text-editor.default\">\n\t\t\t\t<div class=\"elementor-widget-container\">\n\t\t\t\t\t\t\t\t\t<p><strong style=\"font-weight: bold; margin: 0px; line-height: inherit; color: rgb(55, 55, 55); background-color: rgb(244, 244, 244);\">Ci\u0105gn\u0105 si\u0119 przez blisko p\u00f3\u0142tora tysi\u0105ca kilometr\u00f3w przez terytoria o\u015bmiu pa\u0144stw i zajmuj\u0105 powierzchni\u0119 pi\u0119ciokrotnie wi\u0119ksz\u0105 ni\u017c Szwajcaria. Przez wieki dawa\u0142y przestrze\u0144 do rozwoju kultur i ma\u0142ych centr\u00f3w \u015bwiata Bojk\u00f3w, \u0141emk\u00f3w, Hucu\u0142\u00f3w, Wo\u0142os\u00f3w, Szekler\u00f3w czy siedmiogrodzkich Sas\u00f3w. W swoim upartym bezruchu rzadko zwa\u017ca\u0142y na pomys\u0142y niedoskona\u0142ych kartograf\u00f3w \u2013 cz\u0119\u015bciej \u0142\u0105czy\u0142y ni\u017c dzieli\u0142y, a dzi\u015b pozostaj\u0105 idealnym puntem odniesienia do dyskusji o \u015brodkowoeuropejskim dziedzictwie. Karpaty, bo o nich mowa, s\u0105 tematem najnowszego kwartalnika \u201eHerito\u201d.<\/strong><br><\/p><p>W numerze: Maciej Pinkwart dekonstruuje mit \u201epolskich Aten\u201d \u2013 Zakopanego i przypomina, kto i gdzie wymy\u015bli\u0142 prysznic; Andrzej Dybczak w\u0119druje po zdzicza\u0142ych sadach nad Popradem i szuka \u015blad\u00f3w po \u0142emkowskich chy\u017cach; Weronika Drohobycka-Grzesiak zagl\u0105da do huculskiej chaty w dwudziestym wieku; Andriej Lubka przypomina mozaikow\u0105 histori\u0119 Zakarpacia; Csaba G. Kiss t\u0142umaczy, dlaczego karpackie wzg\u00f3rza nadal budz\u0105 nostalgi\u0119 W\u0119gr\u00f3w; Bogumi\u0142 Luft zabiera nas na Szeklerszczyzn\u0119, a Wojciech Stanis\u0142awski w g\u00f3ry Siedmiogrodu; Patrice M. Dabrowski opisuje, jak przez lata zmienia\u0142 si\u0119 stosunek polskich w\u0142adz do Bieszczad\u00f3w; Radoslav Passia przygl\u0105da si\u0119 orientalizacji Karpat w literaturze polskiej, s\u0142owackiej, ukrai\u0144skiej czy rumu\u0144skiej.<\/p>\n<p>W numerze znalaz\u0142 si\u0119 ponadto esej Bartosza Sadulskiego przypominaj\u0105cy posta\u0107 M\u00e9nie Muriel Dowie \u2013 dwudziestodwuletniej angielskiej podr\u00f3\u017cniczki z Liverpoolu, kt\u00f3ra pod koniec XIX wieku przemierzy\u0142a tras\u0119 z Ko\u0142omyi do Czarnohory. Fragment jej bestsellerowego reporta\u017cu w t\u0142umaczeniu Agi Zano zamyka 36. numer \u201eHerito\u201d.<\/p>\n<p>W kwartalniku znalaz\u0142y si\u0119 tak\u017ce recenzje ksi\u0105\u017cek autorstwa Olgi Drendy, Wojciecha Wilczyka, Aleksandry Wojtaszek, a tak\u017ce zapowiedzi wartych obejrzenia wystaw w Berlinie, Budapeszcie, Bratys\u0142awie, Krakowie, Pradze, Warszawie czy Wiedniu.<\/p>\t\t\t\t\t\t\t\t<\/div>\n\t\t\t\t<\/div>\n\t\t\t\t\t<\/div>\n\t\t<\/div>\n\t\t\t\t\t<\/div>\n\t\t<\/section>\n\t\t\t\t<\/div>\n\t\t","protected":false},"excerpt":{"rendered":"<p>They span over nearly fifteen hundred kilometres across the territories of eight countries and cover the space five times the size of Switzerland. For centuries they have offered the ground for the development of cultures and small centres of the world of the Boykos, Lemkos, Hutsuls, Wallachians, Sz\u00e9kelys, and the Transylvanian Saxons. Persistently still, they [&hellip;]<\/p>\n","protected":false},"featured_media":11077,"template":"","meta":{"_acf_changed":false,"iawp_total_views":1},"product_brand":[],"product_cat":[125],"product_tag":[2534],"class_list":{"0":"post-5073","1":"product","2":"type-product","3":"status-publish","4":"has-post-thumbnail","6":"product_cat-herito-en","7":"product_tag-herito-en-2","9":"first","10":"outofstock","11":"sale","12":"taxable","13":"shipping-taxable","14":"purchasable","15":"product-type-simple"},"acf":[],"_links":{"self":[{"href":"https:\/\/ksiegarniamck.pl\/en\/wp-json\/wp\/v2\/product\/5073","targetHints":{"allow":["GET"]}}],"collection":[{"href":"https:\/\/ksiegarniamck.pl\/en\/wp-json\/wp\/v2\/product"}],"about":[{"href":"https:\/\/ksiegarniamck.pl\/en\/wp-json\/wp\/v2\/types\/product"}],"version-history":[{"count":1,"href":"https:\/\/ksiegarniamck.pl\/en\/wp-json\/wp\/v2\/product\/5073\/revisions"}],"predecessor-version":[{"id":11882,"href":"https:\/\/ksiegarniamck.pl\/en\/wp-json\/wp\/v2\/product\/5073\/revisions\/11882"}],"wp:featuredmedia":[{"embeddable":true,"href":"https:\/\/ksiegarniamck.pl\/en\/wp-json\/wp\/v2\/media\/11077"}],"wp:attachment":[{"href":"https:\/\/ksiegarniamck.pl\/en\/wp-json\/wp\/v2\/media?parent=5073"}],"wp:term":[{"taxonomy":"product_brand","embeddable":true,"href":"https:\/\/ksiegarniamck.pl\/en\/wp-json\/wp\/v2\/product_brand?post=5073"},{"taxonomy":"product_cat","embeddable":true,"href":"https:\/\/ksiegarniamck.pl\/en\/wp-json\/wp\/v2\/product_cat?post=5073"},{"taxonomy":"product_tag","embeddable":true,"href":"https:\/\/ksiegarniamck.pl\/en\/wp-json\/wp\/v2\/product_tag?post=5073"}],"curies":[{"name":"wp","href":"https:\/\/api.w.org\/{rel}","templated":true}]}}