{"id":5082,"date":"2021-10-29T12:00:51","date_gmt":"2021-10-29T10:00:51","guid":{"rendered":"https:\/\/ksiegarniamck.pl\/?post_type=product&#038;p=5082"},"modified":"2023-07-11T12:17:56","modified_gmt":"2023-07-11T10:17:56","slug":"herito-no-28-memory-of-the-reformation","status":"publish","type":"product","link":"https:\/\/ksiegarniamck.pl\/en\/produkt\/herito-no-28-memory-of-the-reformation\/","title":{"rendered":"HERITO, No. 28: Memory of the Reformation"},"content":{"rendered":"<p><strong>On 31 October 1517, an Augustinian friar and professor of theology, Martin Luther, attached to the door of the castle church in Wittenberg his 95 theses that addressed the abuses of the Roman Catholic Church. Was this event crucial for the development of our concepts of individual freedom and human rights? Would capitalism ever be conceived without the protestant ethos? What was the role of Reformation in the shaping of modern Central European nations? These questions are tackled by authors featured in the 28. issue of \u201cHerito\u201d quarterly.<\/strong><\/p>\n<p>Bishop Waldemar Pytel examines the paradox of Lutheran continuity on the example of the Church of Peace in \u015awidnica. Jaros\u0142aw R. Kubacki and Micha\u0142 Choptiany recall the Mennonites and the Polish Brethren, the \u201cenfants terribles\u201d of Reformation.\u00a0J\u00e1nos L. Gy\u0151ri, Milo\u0161 Kova\u010dka, Magda V\u00e1\u0161\u00e1ryov\u00e1 and Pavel Kosat\u00edk explain how Protestantism shaped the history and culture of Hungary, Slovakia, and the Czech Republic.\u00a0Arleta Nawrocka-Wysocka writes about chants, hymnals, and the rise of the Central European languages, while \u0141ukasz Galusek draws a subjective atlas of the Central European heritage of Reformation.<\/p>\n<p>Of particular interest is a text by Ewa Chojecka on the promotion of knowledge of Reformation in Central Europe in museum education, and Weronika Murek\u2019s essay on Pawe\u0142 Hulka-Laskowski, a \u017byrard\u00f3w-based descendant of the Czech Brethren and the first translator of \u201cThe Good Soldier \u0160vejk\u201d.<\/p>\n<p>The new issue of \u201cHerito\u201d features reviews of interesting books and announcements of upcoming exhibitions.<\/p>\n","protected":false},"excerpt":{"rendered":"<p>On 31 October 1517, an Augustinian friar and professor of theology, Martin Luther, attached to the door of the castle church in Wittenberg his 95 theses that addressed the abuses of the Roman Catholic Church. Was this event crucial for the development of our concepts of individual freedom and human rights? Would capitalism ever be [&hellip;]<\/p>\n","protected":false},"featured_media":11071,"template":"","meta":{"_acf_changed":false,"iawp_total_views":1},"product_brand":[],"product_cat":[125],"product_tag":[2534],"class_list":{"0":"post-5082","1":"product","2":"type-product","3":"status-publish","4":"has-post-thumbnail","6":"product_cat-herito-en","7":"product_tag-herito-en-2","9":"first","10":"instock","11":"sale","12":"taxable","13":"shipping-taxable","14":"purchasable","15":"product-type-simple"},"acf":[],"_links":{"self":[{"href":"https:\/\/ksiegarniamck.pl\/en\/wp-json\/wp\/v2\/product\/5082","targetHints":{"allow":["GET"]}}],"collection":[{"href":"https:\/\/ksiegarniamck.pl\/en\/wp-json\/wp\/v2\/product"}],"about":[{"href":"https:\/\/ksiegarniamck.pl\/en\/wp-json\/wp\/v2\/types\/product"}],"version-history":[{"count":2,"href":"https:\/\/ksiegarniamck.pl\/en\/wp-json\/wp\/v2\/product\/5082\/revisions"}],"predecessor-version":[{"id":11891,"href":"https:\/\/ksiegarniamck.pl\/en\/wp-json\/wp\/v2\/product\/5082\/revisions\/11891"}],"wp:featuredmedia":[{"embeddable":true,"href":"https:\/\/ksiegarniamck.pl\/en\/wp-json\/wp\/v2\/media\/11071"}],"wp:attachment":[{"href":"https:\/\/ksiegarniamck.pl\/en\/wp-json\/wp\/v2\/media?parent=5082"}],"wp:term":[{"taxonomy":"product_brand","embeddable":true,"href":"https:\/\/ksiegarniamck.pl\/en\/wp-json\/wp\/v2\/product_brand?post=5082"},{"taxonomy":"product_cat","embeddable":true,"href":"https:\/\/ksiegarniamck.pl\/en\/wp-json\/wp\/v2\/product_cat?post=5082"},{"taxonomy":"product_tag","embeddable":true,"href":"https:\/\/ksiegarniamck.pl\/en\/wp-json\/wp\/v2\/product_tag?post=5082"}],"curies":[{"name":"wp","href":"https:\/\/api.w.org\/{rel}","templated":true}]}}