{"id":5084,"date":"2021-10-29T11:00:09","date_gmt":"2021-10-29T09:00:09","guid":{"rendered":"https:\/\/ksiegarniamck.pl\/?post_type=product&#038;p=5084"},"modified":"2023-07-11T12:19:48","modified_gmt":"2023-07-11T10:19:48","slug":"herito-no-26-hungary","status":"publish","type":"product","link":"https:\/\/ksiegarniamck.pl\/en\/produkt\/herito-no-26-hungary\/","title":{"rendered":"HERITO, No. 26: Hungary"},"content":{"rendered":"<p><strong>Who are contemporary Hungarians and what is their self-image in Central Europe?What were the reasons for Budapest\u2019s great development at the turn of the 19th and 20th century? What is Hungarians\u2019 idea of Poles? What does the Danube mean to them? What links Sz\u00e9ll K\u00e1lm\u00e1n Square in Budapest with Elvis Presley, Mao Zedong, and the Kremlin?<\/strong><\/p>\n<p>These questions will be addressed by the contributors to the 26th issue of \u201cHerito\u201d magazine dedicated to Hungary. In this issue L\u00e1szl\u00f3 F. F\u00f6ld\u00e9nyi, \u00c9va Forg\u00e1cs, L\u00e1szl\u00f3 N\u00e9meth, and Csaba G. Kiss examine Hungarian dilemmas, Rafa\u0142 Wi\u015bniewski discusses the phenomenon of Budapest circa 1900, Adam Balcer, Bal\u00e1zs Ablonczy, and Krzysztof Wo\u0142osiuk write about the Hungarian fascination with the East, while Robert Nemes explores Hungarian provinces \u2013 those of the past and the present.<\/p>\n","protected":false},"excerpt":{"rendered":"<p>Who are contemporary Hungarians and what is their self-image in Central Europe?What were the reasons for Budapest\u2019s great development at the turn of the 19th and 20th century? What is Hungarians\u2019 idea of Poles? What does the Danube mean to them? What links Sz\u00e9ll K\u00e1lm\u00e1n Square in Budapest with Elvis Presley, Mao Zedong, and the [&hellip;]<\/p>\n","protected":false},"featured_media":11070,"template":"","meta":{"_acf_changed":false,"iawp_total_views":0},"product_brand":[],"product_cat":[125],"product_tag":[2534],"class_list":{"0":"post-5084","1":"product","2":"type-product","3":"status-publish","4":"has-post-thumbnail","6":"product_cat-herito-en","7":"product_tag-herito-en-2","9":"first","10":"outofstock","11":"sale","12":"taxable","13":"shipping-taxable","14":"purchasable","15":"product-type-simple"},"acf":[],"_links":{"self":[{"href":"https:\/\/ksiegarniamck.pl\/en\/wp-json\/wp\/v2\/product\/5084","targetHints":{"allow":["GET"]}}],"collection":[{"href":"https:\/\/ksiegarniamck.pl\/en\/wp-json\/wp\/v2\/product"}],"about":[{"href":"https:\/\/ksiegarniamck.pl\/en\/wp-json\/wp\/v2\/types\/product"}],"version-history":[{"count":2,"href":"https:\/\/ksiegarniamck.pl\/en\/wp-json\/wp\/v2\/product\/5084\/revisions"}],"predecessor-version":[{"id":11892,"href":"https:\/\/ksiegarniamck.pl\/en\/wp-json\/wp\/v2\/product\/5084\/revisions\/11892"}],"wp:featuredmedia":[{"embeddable":true,"href":"https:\/\/ksiegarniamck.pl\/en\/wp-json\/wp\/v2\/media\/11070"}],"wp:attachment":[{"href":"https:\/\/ksiegarniamck.pl\/en\/wp-json\/wp\/v2\/media?parent=5084"}],"wp:term":[{"taxonomy":"product_brand","embeddable":true,"href":"https:\/\/ksiegarniamck.pl\/en\/wp-json\/wp\/v2\/product_brand?post=5084"},{"taxonomy":"product_cat","embeddable":true,"href":"https:\/\/ksiegarniamck.pl\/en\/wp-json\/wp\/v2\/product_cat?post=5084"},{"taxonomy":"product_tag","embeddable":true,"href":"https:\/\/ksiegarniamck.pl\/en\/wp-json\/wp\/v2\/product_tag?post=5084"}],"curies":[{"name":"wp","href":"https:\/\/api.w.org\/{rel}","templated":true}]}}