{"id":5086,"date":"2021-10-29T18:00:13","date_gmt":"2021-10-29T16:00:13","guid":{"rendered":"https:\/\/ksiegarniamck.pl\/?post_type=product&#038;p=5086"},"modified":"2023-07-11T11:55:40","modified_gmt":"2023-07-11T09:55:40","slug":"herito-nr-35-europe-and-the-east-decade-of-the-eastern-partnership-2","status":"publish","type":"product","link":"https:\/\/ksiegarniamck.pl\/en\/produkt\/herito-nr-35-europe-and-the-east-decade-of-the-eastern-partnership-2\/","title":{"rendered":"HERITO, No. 35: Europe and the East. Decade of the Eastern Partnership"},"content":{"rendered":"\t\t<div data-elementor-type=\"product-post\" data-elementor-id=\"5086\" class=\"elementor elementor-5086 elementor-4127\" data-elementor-post-type=\"product\">\n\t\t\t\t\t\t<section class=\"elementor-section elementor-top-section elementor-element elementor-element-3b4064ea elementor-section-boxed elementor-section-height-default elementor-section-height-default\" data-id=\"3b4064ea\" data-element_type=\"section\" data-e-type=\"section\">\n\t\t\t\t\t\t<div class=\"elementor-container elementor-column-gap-default\">\n\t\t\t\t\t<div class=\"elementor-column elementor-col-100 elementor-top-column elementor-element elementor-element-1cd6d17b\" data-id=\"1cd6d17b\" data-element_type=\"column\" data-e-type=\"column\">\n\t\t\t<div class=\"elementor-widget-wrap elementor-element-populated\">\n\t\t\t\t\t\t<div class=\"elementor-element elementor-element-204b5e96 elementor-widget elementor-widget-text-editor\" data-id=\"204b5e96\" data-element_type=\"widget\" data-e-type=\"widget\" data-widget_type=\"text-editor.default\">\n\t\t\t\t<div class=\"elementor-widget-container\">\n\t\t\t\t\t\t\t\t\t<p><strong style=\"font-weight: bold; margin: 0px; line-height: inherit; color: rgb(55, 55, 55); background-color: rgb(244, 244, 244);\">Czy Wsch\u00f3d przesta\u0142 dzi\u015b interesowa\u0107 Zach\u00f3d i jak definiowano \u201enowy Wsch\u00f3d\u201d po przemianach 1989 roku? Jak\u0105 rol\u0119 odegra\u0142 Dniepr w kszta\u0142towaniu si\u0119 ukrai\u0144skiej to\u017csamo\u015bci narodowej i dlaczego przysz\u0142o\u015b\u0107 tego kraju zwi\u0105zana jest z rzek\u0105? Kto wygra\u0142 niepisany konkurs na wsp\u00f3\u0142czesnego bohatera narodowego Mo\u0142dawii? Czego mo\u017cemy nauczy\u0107 si\u0119 od Tatar\u00f3w krymskich? Czy Europa zacz\u0119\u0142a si\u0119 w Gruzji i co da\u0142o Partnerstwo Wschodnie krajom Kaukazu Po\u0142udniowego?<\/strong><br style=\"margin: 0px; line-height: inherit; color: rgb(55, 55, 55); background-color: rgb(244, 244, 244);\"><\/p><p>Partnerstwo Wschodnie, realizowane przez Polsk\u0119 przy wsparciu Szwecji, jest cz\u0119\u015bci\u0105 Europejskiej Polityki S\u0105siedztwa. Zainicjowane w 2009 roku, obejmuje trzy kraje wschodnioeuropejskie: Bia\u0142oru\u015b, Mo\u0142dawi\u0119 i Ukrain\u0119, oraz trzy po\u0142udniowokaukaskie: Armeni\u0119, Azerbejd\u017can i Gruzj\u0119. Dziesi\u0119\u0107 lat funkcjonowania programu to naturalny moment do podsumowa\u0144, ale zarazem moment szczeg\u00f3lny, jako \u017ce w ci\u0105gu dekady zar\u00f3wno Europa, jak i jej geopolityczny kontekst zmieni\u0142y si\u0119 diametralnie. Nowe wyzwania, a tak\u017ce kulturowe i historyczne aspekty wschodniego s\u0105siedztwa s\u0105 tematem tego numeru.<\/p>\n<p>Pawe\u0142 Kowal przypomina genez\u0119 Partnerstwa Wschodniego, Krzysztof Czy\u017cewski opowiada o znaczeniu \u201ema\u0142ych centr\u00f3w \u015bwiata\u201d w budowaniu dialogu mi\u0119dzykulturowego, Myko\u0142a Riabczuk, Katarzyna Koty\u0144ska i Myko\u0142a Knia\u017cycki, Anna \u0141azar, Ramin Mazur, Wojciech G\u00f3recki, Ewa Polak i Micha\u0142 Jurecki prezentuj\u0105 kraje nale\u017c\u0105ce do Partnerstwa Wschodniego, Rafa\u0142 Dutkiewicz opisuje histori\u0119 pomnika polskich profesor\u00f3w na Wzg\u00f3rzach Wuleckich we Lwowie, a Adam Balcer i \u017banna Komar ods\u0142aniaj\u0105 dziedzictwo Krymu i Tatar\u00f3w krymskich. W numerze znalaz\u0142 si\u0119 tez tekst Johna Maciuika przypominaj\u0105cy setn\u0105 rocznic\u0119 powstania Bauhausu i analizuj\u0105cy jego oddzia\u0142ywania na sztuk\u0119, architektur\u0119 i dizajn Europy \u015arodkowej.<\/p>\t\t\t\t\t\t\t\t<\/div>\n\t\t\t\t<\/div>\n\t\t\t\t\t<\/div>\n\t\t<\/div>\n\t\t\t\t\t<\/div>\n\t\t<\/section>\n\t\t\t\t<\/div>\n\t\t","protected":false},"excerpt":{"rendered":"<p>Has the East ceased to interest the West and how has the \u201cnew East\u201d been defined after the political transition of 1989? What was the role of the Dnieper in the formation of the Ukrainian national identity and why is the future of this country dependent on this river? Who has won the unofficial competition [&hellip;]<\/p>\n","protected":false},"featured_media":11076,"template":"","meta":{"_acf_changed":false,"iawp_total_views":0},"product_brand":[],"product_cat":[125],"product_tag":[2534],"class_list":{"0":"post-5086","1":"product","2":"type-product","3":"status-publish","4":"has-post-thumbnail","6":"product_cat-herito-en","7":"product_tag-herito-en-2","9":"first","10":"outofstock","11":"sale","12":"taxable","13":"shipping-taxable","14":"purchasable","15":"product-type-simple"},"acf":[],"_links":{"self":[{"href":"https:\/\/ksiegarniamck.pl\/en\/wp-json\/wp\/v2\/product\/5086","targetHints":{"allow":["GET"]}}],"collection":[{"href":"https:\/\/ksiegarniamck.pl\/en\/wp-json\/wp\/v2\/product"}],"about":[{"href":"https:\/\/ksiegarniamck.pl\/en\/wp-json\/wp\/v2\/types\/product"}],"version-history":[{"count":2,"href":"https:\/\/ksiegarniamck.pl\/en\/wp-json\/wp\/v2\/product\/5086\/revisions"}],"predecessor-version":[{"id":11883,"href":"https:\/\/ksiegarniamck.pl\/en\/wp-json\/wp\/v2\/product\/5086\/revisions\/11883"}],"wp:featuredmedia":[{"embeddable":true,"href":"https:\/\/ksiegarniamck.pl\/en\/wp-json\/wp\/v2\/media\/11076"}],"wp:attachment":[{"href":"https:\/\/ksiegarniamck.pl\/en\/wp-json\/wp\/v2\/media?parent=5086"}],"wp:term":[{"taxonomy":"product_brand","embeddable":true,"href":"https:\/\/ksiegarniamck.pl\/en\/wp-json\/wp\/v2\/product_brand?post=5086"},{"taxonomy":"product_cat","embeddable":true,"href":"https:\/\/ksiegarniamck.pl\/en\/wp-json\/wp\/v2\/product_cat?post=5086"},{"taxonomy":"product_tag","embeddable":true,"href":"https:\/\/ksiegarniamck.pl\/en\/wp-json\/wp\/v2\/product_tag?post=5086"}],"curies":[{"name":"wp","href":"https:\/\/api.w.org\/{rel}","templated":true}]}}