{"id":5093,"date":"2021-10-29T04:00:33","date_gmt":"2021-10-29T02:00:33","guid":{"rendered":"https:\/\/ksiegarniamck.pl\/?post_type=product&#038;p=5093"},"modified":"2023-07-11T12:45:10","modified_gmt":"2023-07-11T10:45:10","slug":"herito-no-6-culture-and-politics","status":"publish","type":"product","link":"https:\/\/ksiegarniamck.pl\/en\/produkt\/herito-no-6-culture-and-politics\/","title":{"rendered":"HERITO, No. 6: Culture and politics"},"content":{"rendered":"<div class=\"page-content product\">\n<p><strong class=\"lead article_lead\">In the current issue of the Polish-English \u201cHerito\u201d quarterly various facets of the marriage of culture and politics are investigated by Anda Rottenberg, Ekaterina Andreeva, Ivan \u010colovi\u0107, Janusz Sepio\u0142, and Bo\u017cena Gierat-Biero\u0144. In two articles, the current state of affairs in Hungary and Ukraine is shrewdly addressed by Katarzyna Jagodzi\u0144ska\u2019s and \u017banna Komar\u2019s discussions of the so-called \u201cmuseum crises\u201d.<\/strong><\/p>\n<p>Moreover, in the current issue:<\/p>\n<ul>\n<li>Joanna Sanetra-Szeliga writes about the European Capital of Culture Maribor 2012 and talks to Suzana \u017dili\u010d Fi\u0161er and Mitja \u010cander, the creators of the city\u2019s programme;<\/li>\n<li>Joan Roca i Albert introduces the Barcelona City History Museum to the readers of HERITO;<\/li>\n<li>Drago Jan\u010dar addresses Ivo Andri\u0107\u2019s political in-correctness;<\/li>\n<li>Anna Saciuk-G\u0105sowska, Zolt\u00e1n Gyal\u00f3kay, Ji\u0159\u00ed Fajt, Wojciech Wilczyk, and\u00a0 Beata Nykiel share their impressions on new Central European exhibitions and books.<\/li>\n<\/ul>\n<p>The quarterly is a unique forum for discussion on Central Europe, heritage, culture, our times and the future. Excellent graphic design and high quality print are what further distinguishes HERITO from other journals and magazines of its kind.<\/p>\n<div class=\"divider\"><\/div>\n<\/div>\n","protected":false},"excerpt":{"rendered":"<p>In the current issue of the Polish-English \u201cHerito\u201d quarterly various facets of the marriage of culture and politics are investigated by Anda Rottenberg, Ekaterina Andreeva, Ivan \u010colovi\u0107, Janusz Sepio\u0142, and Bo\u017cena Gierat-Biero\u0144. In two articles, the current state of affairs in Hungary and Ukraine is shrewdly addressed by Katarzyna Jagodzi\u0144ska\u2019s and \u017banna Komar\u2019s discussions of [&hellip;]<\/p>\n","protected":false},"featured_media":11066,"template":"","meta":{"_acf_changed":false,"iawp_total_views":0},"product_brand":[],"product_cat":[125],"product_tag":[2534],"class_list":{"0":"post-5093","1":"product","2":"type-product","3":"status-publish","4":"has-post-thumbnail","6":"product_cat-herito-en","7":"product_tag-herito-en-2","9":"first","10":"instock","11":"sale","12":"taxable","13":"shipping-taxable","14":"purchasable","15":"product-type-simple"},"acf":[],"_links":{"self":[{"href":"https:\/\/ksiegarniamck.pl\/en\/wp-json\/wp\/v2\/product\/5093","targetHints":{"allow":["GET"]}}],"collection":[{"href":"https:\/\/ksiegarniamck.pl\/en\/wp-json\/wp\/v2\/product"}],"about":[{"href":"https:\/\/ksiegarniamck.pl\/en\/wp-json\/wp\/v2\/types\/product"}],"version-history":[{"count":2,"href":"https:\/\/ksiegarniamck.pl\/en\/wp-json\/wp\/v2\/product\/5093\/revisions"}],"predecessor-version":[{"id":11897,"href":"https:\/\/ksiegarniamck.pl\/en\/wp-json\/wp\/v2\/product\/5093\/revisions\/11897"}],"wp:featuredmedia":[{"embeddable":true,"href":"https:\/\/ksiegarniamck.pl\/en\/wp-json\/wp\/v2\/media\/11066"}],"wp:attachment":[{"href":"https:\/\/ksiegarniamck.pl\/en\/wp-json\/wp\/v2\/media?parent=5093"}],"wp:term":[{"taxonomy":"product_brand","embeddable":true,"href":"https:\/\/ksiegarniamck.pl\/en\/wp-json\/wp\/v2\/product_brand?post=5093"},{"taxonomy":"product_cat","embeddable":true,"href":"https:\/\/ksiegarniamck.pl\/en\/wp-json\/wp\/v2\/product_cat?post=5093"},{"taxonomy":"product_tag","embeddable":true,"href":"https:\/\/ksiegarniamck.pl\/en\/wp-json\/wp\/v2\/product_tag?post=5093"}],"curies":[{"name":"wp","href":"https:\/\/api.w.org\/{rel}","templated":true}]}}