{"id":5119,"date":"2021-06-01T18:41:16","date_gmt":"2021-07-28T15:21:54","guid":{"rendered":"https:\/\/ksiegarniamck.pl\/?post_type=product&#038;p=5119"},"modified":"2023-02-22T00:25:34","modified_gmt":"2023-02-21T23:25:34","slug":"krakow-history-and-art-2","status":"publish","type":"product","link":"https:\/\/ksiegarniamck.pl\/en\/produkt\/krakow-history-and-art-2\/","title":{"rendered":"Krak\u00f3w: History and Art [EN]"},"content":{"rendered":"<p><strong class=\"lead article_lead\">Poland\u2019s former capital is presently breaking popularity records as Poland\u2019s most attractive tourist destination. How to tell its history and its culture to attract a young reader? Can Krakow\u2019s thousand-year-long history be fit into one book?\u00a0<em>Krakow: History and Art<\/em>\u00a0offers a synthesis of the city\u2019s history and culture. Numerous photographs, a handy format, and paperback edition make the book a convenient companion during the tours of the city\u2019s treasures in multiple unexpected ways.<\/strong><\/p>\n<p>Authors show Krakow as more than a collection of outstanding monuments of architecture of several different epochs, a city that was listed among the first twelve objects on the UNESCO World Cultural and Natural Heritage list forty years ago. Krakow is also a treasure chest where art works and other material traces of the city\u2019s history have been collected for centuries, as well as a myth.<\/p>\n<p>The book is divided into chronological chapters that tell Krakow\u2019s history from its remotest past to the present day. Each of them features texts by two experts: a historian provides a broad historical background, where political issues are discussed next to religious, economic, and social aspects, while an art historian complements this picture by adding a synthesis of the history of broadly defined artistic culture.<\/p>\n<p>This structure is supplemented by \u201ccapsules\u201d \u2013 excursions separated from the main text by graphic means, discussing topics that require a more detailed explanation, such the history and significance of the Main Square, St Mary\u2019 Church, the Wawel Castle tapestries, the work of Stanis\u0142aw Wyspia\u0144ski, and the story of how the \u201cLady with an Ermine\u201d by Leonardo da Vinci found its way to Krakow.<\/p>\n<p>Photographs, gathered as a catalogue, create together a rich visual material. Their selection suggests a collection of values that define the richness of Krakow\u2019s identity. Some of them come with extended captions that present a comprehensive and suggestive narrative of the history of Krakow.<\/p>\n<p>The book is a result of the work of a team of outstanding researchers invited to collaborate on the publication by Professor Jacek Purchla on the occasion of the project\u00a0<em>Thousand Treasures of Krakow<\/em>\u00a0(2018), initiated by the Mayor Jacek Majchrowski. The team of authors includes the leading specialists in the history and culture of the city: Andrzej Chwalba, Krzysztof J. Czy\u017cewski, Kamila Follprecht, Edyta Gawron, Karolina Grodziska, Mateusz Grz\u0119da, Anna Kr\u00f3l, Waldemar \u0141azuga, Micha\u0142 Niezabitowski, Zdzis\u0142aw Noga, Magdalena Piwocka, Jacek Purchla, Krzysztof Stopka, Marek Walczak, Janusz Wa\u0142ek.<\/p>\n<p>Publication in English.<\/p>\n<p>Book is available in Polish\u00a0<a href=\"https:\/\/ksiegarniamck.pl\/en\/produkt\/krakow-history-and-art-3\/\"><strong>HERE<\/strong><\/a><\/p>\n","protected":false},"excerpt":{"rendered":"<p>Poland\u2019s former capital is presently breaking popularity records as Poland\u2019s most attractive tourist destination. How to tell its history and its culture to attract a young reader? Can Krakow\u2019s thousand-year-long history be fit into one book?\u00a0Krakow: History and Art\u00a0offers a synthesis of the city\u2019s history and culture. Numerous photographs, a handy format, and paperback edition [&hellip;]<\/p>\n","protected":false},"featured_media":11038,"template":"","meta":{"_acf_changed":false,"iawp_total_views":6},"product_brand":[],"product_cat":[123],"product_tag":[],"class_list":{"0":"post-5119","1":"product","2":"type-product","3":"status-publish","4":"has-post-thumbnail","6":"product_cat-albums","8":"first","9":"instock","10":"sale","11":"taxable","12":"shipping-taxable","13":"purchasable","14":"product-type-simple"},"acf":[],"_links":{"self":[{"href":"https:\/\/ksiegarniamck.pl\/en\/wp-json\/wp\/v2\/product\/5119","targetHints":{"allow":["GET"]}}],"collection":[{"href":"https:\/\/ksiegarniamck.pl\/en\/wp-json\/wp\/v2\/product"}],"about":[{"href":"https:\/\/ksiegarniamck.pl\/en\/wp-json\/wp\/v2\/types\/product"}],"version-history":[{"count":1,"href":"https:\/\/ksiegarniamck.pl\/en\/wp-json\/wp\/v2\/product\/5119\/revisions"}],"predecessor-version":[{"id":11614,"href":"https:\/\/ksiegarniamck.pl\/en\/wp-json\/wp\/v2\/product\/5119\/revisions\/11614"}],"wp:featuredmedia":[{"embeddable":true,"href":"https:\/\/ksiegarniamck.pl\/en\/wp-json\/wp\/v2\/media\/11038"}],"wp:attachment":[{"href":"https:\/\/ksiegarniamck.pl\/en\/wp-json\/wp\/v2\/media?parent=5119"}],"wp:term":[{"taxonomy":"product_brand","embeddable":true,"href":"https:\/\/ksiegarniamck.pl\/en\/wp-json\/wp\/v2\/product_brand?post=5119"},{"taxonomy":"product_cat","embeddable":true,"href":"https:\/\/ksiegarniamck.pl\/en\/wp-json\/wp\/v2\/product_cat?post=5119"},{"taxonomy":"product_tag","embeddable":true,"href":"https:\/\/ksiegarniamck.pl\/en\/wp-json\/wp\/v2\/product_tag?post=5119"}],"curies":[{"name":"wp","href":"https:\/\/api.w.org\/{rel}","templated":true}]}}