{"id":5129,"date":"2021-06-01T18:41:38","date_gmt":"2021-07-28T16:06:59","guid":{"rendered":"https:\/\/ksiegarniamck.pl\/?post_type=product&#038;p=5129"},"modified":"2023-02-22T00:25:40","modified_gmt":"2023-02-21T23:25:40","slug":"years-of-disarray-art-of-the-avant-garde-in-central-europe-1908-1928","status":"publish","type":"product","link":"https:\/\/ksiegarniamck.pl\/en\/produkt\/years-of-disarray-art-of-the-avant-garde-in-central-europe-1908-1928\/","title":{"rendered":"Years of Disarray. Art of the Avant-Garde in Central Europe 1908-1928"},"content":{"rendered":"<p><strong class=\"lead article_lead\">Years of Disarray: Art of the Avant-garde in Central Europe 1980\u20131928 is a guide for the exhibition presented at the ICC Gallery from 8 March to 9 June 2019. It can also be treated as a separate publication on the specificity of Central European avant-garde art of the 1st half of the 20th century.<\/strong><\/p>\n<p>The book is divided into 12 chapters dedicated to Central European Cubism, Constructivism, and the theory of Unism, the artists\u2019 reaction to and involvement in World War I, the modern fascination with the city, and avant-garde typography, among others. This survey is complemented by maps that show Central Europe before and after World War I, as well as by chronology of major events in avant-garde art in the early 20<sup>th<\/sup> century.<\/p>\n<p>The book features high-quality reproductions of works by more than a hundred avant-garde artists such as\u00a0Henryk Berlewi, S\u00e1ndor Bortnyik, Victor Brauner, Josef \u010capek, Avgust \u010cernigoj, Leon Chwistek, Tytus Czy\u017cewski, El Lissitzky, \u013dudov\u00edt Fulla, Otto Gutfreund, Marcel Iancu, Anton Jasusch, Lajos Kass\u00e1k, Katarzyna Kobro, Jarom\u00edr Krejcar, Eugen Kr\u00f3n, Bohumil Kubi\u0161ta, Franti\u0161ek Kupka, Tadeusz Makowski, Rafa\u0142 Malczewski, L\u00e1szl\u00f3 Medny\u00e1nszky, Ljubomir Mici\u0107, L\u00e1szl\u00f3 Moholy-Nagy, Anton\u00edn Proch\u00e1zka, G\u00e9za Schiller, Henryk Sta\u017cewski, W\u0142adys\u0142aw Strzemi\u0144ski, Jind\u0159ich \u0160tyrsk\u00fd, Sava \u0160umanovi\u0107, Mieczys\u0142aw Szczuka, Karel Teige, Toyen, B\u00e9la Uitz, Ilarie Voronca, Zygmunt Waliszewski, Stanis\u0142aw Ignacy Witkiewicz (Witkacy), August Zamoyski, Teresa \u017barnower\u00f3wna, Jan Zrzav\u00fd.<\/p>\n<p>&nbsp;<\/p>\n<p>Published by Arbor vitae societas and the International Cultural Centre in Krakow, in 2019, as an accompanying publication to the exhibition of the same title, held from March\u00a07 to June 9, 2019<\/p>\n<p>First edition<\/p>\n<p>&nbsp;<\/p>\n<p><strong>The offer is valid only for individual clients.<\/strong><\/p>\n","protected":false},"excerpt":{"rendered":"<p>Years of Disarray: Art of the Avant-garde in Central Europe 1980\u20131928 is a guide for the exhibition presented at the ICC Gallery from 8 March to 9 June 2019. It can also be treated as a separate publication on the specificity of Central European avant-garde art of the 1st half of the 20th century. The [&hellip;]<\/p>\n","protected":false},"featured_media":10997,"template":"","meta":{"_acf_changed":false,"iawp_total_views":0},"product_brand":[],"product_cat":[123],"product_tag":[],"class_list":{"0":"post-5129","1":"product","2":"type-product","3":"status-publish","4":"has-post-thumbnail","6":"product_cat-albums","8":"first","9":"instock","10":"sale","11":"taxable","12":"shipping-taxable","13":"purchasable","14":"product-type-simple"},"acf":[],"_links":{"self":[{"href":"https:\/\/ksiegarniamck.pl\/en\/wp-json\/wp\/v2\/product\/5129","targetHints":{"allow":["GET"]}}],"collection":[{"href":"https:\/\/ksiegarniamck.pl\/en\/wp-json\/wp\/v2\/product"}],"about":[{"href":"https:\/\/ksiegarniamck.pl\/en\/wp-json\/wp\/v2\/types\/product"}],"version-history":[{"count":2,"href":"https:\/\/ksiegarniamck.pl\/en\/wp-json\/wp\/v2\/product\/5129\/revisions"}],"predecessor-version":[{"id":11613,"href":"https:\/\/ksiegarniamck.pl\/en\/wp-json\/wp\/v2\/product\/5129\/revisions\/11613"}],"wp:featuredmedia":[{"embeddable":true,"href":"https:\/\/ksiegarniamck.pl\/en\/wp-json\/wp\/v2\/media\/10997"}],"wp:attachment":[{"href":"https:\/\/ksiegarniamck.pl\/en\/wp-json\/wp\/v2\/media?parent=5129"}],"wp:term":[{"taxonomy":"product_brand","embeddable":true,"href":"https:\/\/ksiegarniamck.pl\/en\/wp-json\/wp\/v2\/product_brand?post=5129"},{"taxonomy":"product_cat","embeddable":true,"href":"https:\/\/ksiegarniamck.pl\/en\/wp-json\/wp\/v2\/product_cat?post=5129"},{"taxonomy":"product_tag","embeddable":true,"href":"https:\/\/ksiegarniamck.pl\/en\/wp-json\/wp\/v2\/product_tag?post=5129"}],"curies":[{"name":"wp","href":"https:\/\/api.w.org\/{rel}","templated":true}]}}