{"id":5131,"date":"2021-06-01T18:37:05","date_gmt":"2021-06-01T16:37:05","guid":{"rendered":"https:\/\/ksiegarniamck.pl\/?post_type=product&#038;p=5131"},"modified":"2023-02-13T15:12:52","modified_gmt":"2023-02-13T14:12:52","slug":"printmaking-as-a-pair-jadwiga-kaim%e2%80%91otreba-and-ryszard-otreba","status":"publish","type":"product","link":"https:\/\/ksiegarniamck.pl\/en\/produkt\/printmaking-as-a-pair-jadwiga-kaim%e2%80%91otreba-and-ryszard-otreba\/","title":{"rendered":"Printmaking as a Pair. Jadwiga Kaim\u2011Otr\u0119ba and Ryszard Otr\u0119ba"},"content":{"rendered":"<p><strong>The album presents a selection of works by Jadwiga and Ryszard Otr\u0119ba, outstanding artists who were also linked by their love for graphic arts. Although their works differ in terms of technique and form, the publication is an attempt to find common references and experiences that connect them.<\/strong><\/p>\n<p><em>We often ask ourselves: \u201cWhat is the most important\u00a0thing in life?\u201d. Love, goodness, beauty (not only understood<\/em><br \/>\n<em>in aesthetic terms)? Or is it empathy? This\u00a0timeless dilemma seems to be resolved when we\u00a0think about the lives of two artists who are also partners\u00a0in real life \u2013 Jadwiga Kaim-Otr\u0119ba and Ryszard\u00a0Otr\u0119ba \u2013 a couple united by love and art who seem\u00a0to be the embodiment of goodness, beauty and empathy.<\/em> \u2013 says\u00a0Agata W\u0105sowska-Pawlik, director of the ICC.<\/p>\n<p>The album presents the works of two outstanding artists, couple for sixty years, who were also linked by their love for graphics. It is also a story about studies, family and joint work told by Jadwiga Kaim Otr\u0119ba and Ryszard Otr\u0119ba, answering Monika Rydiger&#8217;s questions.<\/p>\n<p>Jadwiga Kaim-Otr\u0119ba is an artist who places humanity at the centre of her art, while her works bring a sense of acceptance of life in all its variety. Lyricism, femininity, a sensitive presentation of the prosaic and spiritual sphere of everyday life \u2013 these are the elements that can be found in her painterly graphics. It is beautiful, timeless and contemplative art.<\/p>\n<p>Professor Ryszard Otr\u0119ba has secured a permanent place in the history of Polish art as an artist recognised and appreciated not only in the country but also abroad. His characteristic ascetic and minimalist works are a real lesson in artistic craftsmanship and mastery in the technical aspects of printmaking. His professional artistic life was linked with the Academy of Fine Arts in Krakow, where he was a professor for many years. There, he created the pioneering Department of Visual Communication, which laid the foundations for a contemporary approach to design and applied arts.<\/p>\n<p>The catalogue was published on the occasion of <em><a href=\"https:\/\/mck.krakow.pl\/exhibitions\/printmaking-as-a-pair-jadwiga-kaim-otreba-and-ryszard-otreba\" target=\"_blank\" rel=\"noopener\"><strong>Printmaking as a Pair. Jadwiga Kaim-Otr\u0119ba and Ryszard Otr\u0119b<\/strong>a<\/a>, <\/em>an exhibition on show at the ICC Gallery from February 2nd to March 28th, 2021.<\/p>\n<p>&nbsp;<\/p>\n<p><strong class=\"lead article_lead\">Album, Polish\u2011English version.<\/strong><\/p>\n","protected":false},"excerpt":{"rendered":"<p>The album presents a selection of works by Jadwiga and Ryszard Otr\u0119ba, outstanding artists who were also linked by their love for graphic arts. Although their works differ in terms of technique and form, the publication is an attempt to find common references and experiences that connect them. We often ask ourselves: \u201cWhat is the [&hellip;]<\/p>\n","protected":false},"featured_media":11002,"template":"","meta":{"_acf_changed":false,"iawp_total_views":0},"product_brand":[],"product_cat":[123],"product_tag":[],"class_list":{"0":"post-5131","1":"product","2":"type-product","3":"status-publish","4":"has-post-thumbnail","6":"product_cat-albums","8":"first","9":"instock","10":"sale","11":"taxable","12":"shipping-taxable","13":"purchasable","14":"product-type-simple"},"acf":[],"_links":{"self":[{"href":"https:\/\/ksiegarniamck.pl\/en\/wp-json\/wp\/v2\/product\/5131","targetHints":{"allow":["GET"]}}],"collection":[{"href":"https:\/\/ksiegarniamck.pl\/en\/wp-json\/wp\/v2\/product"}],"about":[{"href":"https:\/\/ksiegarniamck.pl\/en\/wp-json\/wp\/v2\/types\/product"}],"version-history":[{"count":2,"href":"https:\/\/ksiegarniamck.pl\/en\/wp-json\/wp\/v2\/product\/5131\/revisions"}],"predecessor-version":[{"id":11612,"href":"https:\/\/ksiegarniamck.pl\/en\/wp-json\/wp\/v2\/product\/5131\/revisions\/11612"}],"wp:featuredmedia":[{"embeddable":true,"href":"https:\/\/ksiegarniamck.pl\/en\/wp-json\/wp\/v2\/media\/11002"}],"wp:attachment":[{"href":"https:\/\/ksiegarniamck.pl\/en\/wp-json\/wp\/v2\/media?parent=5131"}],"wp:term":[{"taxonomy":"product_brand","embeddable":true,"href":"https:\/\/ksiegarniamck.pl\/en\/wp-json\/wp\/v2\/product_brand?post=5131"},{"taxonomy":"product_cat","embeddable":true,"href":"https:\/\/ksiegarniamck.pl\/en\/wp-json\/wp\/v2\/product_cat?post=5131"},{"taxonomy":"product_tag","embeddable":true,"href":"https:\/\/ksiegarniamck.pl\/en\/wp-json\/wp\/v2\/product_tag?post=5131"}],"curies":[{"name":"wp","href":"https:\/\/api.w.org\/{rel}","templated":true}]}}