{"id":5136,"date":"2021-06-01T18:41:11","date_gmt":"2021-06-01T16:41:11","guid":{"rendered":"https:\/\/ksiegarniamck.pl\/?post_type=product&#038;p=5136"},"modified":"2023-02-22T00:25:38","modified_gmt":"2023-02-21T23:25:38","slug":"skopje-city-architecture-and-art-of-solidarity","status":"publish","type":"product","link":"https:\/\/ksiegarniamck.pl\/en\/produkt\/skopje-city-architecture-and-art-of-solidarity\/","title":{"rendered":"Skopje. City, Architecture and Art of Solidarity"},"content":{"rendered":"<p><strong>\u201cFrom the Shar Mountains, where snow rarely melts, to the three-toed Chalkidiki plunging into the Aegean Sea. This is Macedonia. And who are Macedonians? Four centuries BC, they dominated almost the entire oikum\u00e9ne \u2013 the inhabited world. Today, the right to their inheritance has been a bone of contention. When in 1991 the Macedonian state of 2 million citizens was established \u2013 it was denied its name. With a legacy of myths more abundant than it can digest, modern Macedonia is stubbornly looking for its own way.\u201d<\/strong><\/p>\n<p>On July 26, 1963, the Macedonian capital found itself at the epicentre of the largest and most tragic earthquake in the modern history of this country, after which the city, destroyed in almost 80 percent, had to reinvent itself. Its reconstruction was a forgotten example of great international solidarity of politicians, architects, urban planners, artists and people of good will.<\/p>\n<p>The album presents the history of the city&#8217;s reconstruction. The urban plan of the very centre was drafted by the famous studio of Kenz\u00f4 Tange \u2013 a Japanese architect known for such projects as the Hiroshima Peace Centre. Polish architects and urban planners also made invaluable contributions, e.g. Adolf Ciborowski, who supervised the reconstruction process on behalf of the United Nations, and Stanis\u0142aw Jankowski, head of the Polish team developing the general plan for the new Macedonian capital. A separate theme in the book is the story of the Museum of Contemporary Art in Skopje \u2013 a gift from the Polish government, whose seat on the hill above the Vardar was designed by Polish architects from the &#8220;Tigers&#8221; design team: Wac\u0142aw K\u0142yszewski, Jerzy Mokrzy\u0144ski and Eugeniusz Wierzbicki.<\/p>\n","protected":false},"excerpt":{"rendered":"<p>\u201cFrom the Shar Mountains, where snow rarely melts, to the three-toed Chalkidiki plunging into the Aegean Sea. This is Macedonia. And who are Macedonians? Four centuries BC, they dominated almost the entire oikum\u00e9ne \u2013 the inhabited world. Today, the right to their inheritance has been a bone of contention. When in 1991 the Macedonian state [&hellip;]<\/p>\n","protected":false},"featured_media":10991,"template":"","meta":{"_acf_changed":false,"iawp_total_views":2},"product_brand":[],"product_cat":[123],"product_tag":[2606],"class_list":{"0":"post-5136","1":"product","2":"type-product","3":"status-publish","4":"has-post-thumbnail","6":"product_cat-albums","7":"product_tag-architecture-en","9":"first","10":"outofstock","11":"sale","12":"taxable","13":"shipping-taxable","14":"purchasable","15":"product-type-simple"},"acf":[],"_links":{"self":[{"href":"https:\/\/ksiegarniamck.pl\/en\/wp-json\/wp\/v2\/product\/5136","targetHints":{"allow":["GET"]}}],"collection":[{"href":"https:\/\/ksiegarniamck.pl\/en\/wp-json\/wp\/v2\/product"}],"about":[{"href":"https:\/\/ksiegarniamck.pl\/en\/wp-json\/wp\/v2\/types\/product"}],"version-history":[{"count":1,"href":"https:\/\/ksiegarniamck.pl\/en\/wp-json\/wp\/v2\/product\/5136\/revisions"}],"predecessor-version":[{"id":11611,"href":"https:\/\/ksiegarniamck.pl\/en\/wp-json\/wp\/v2\/product\/5136\/revisions\/11611"}],"wp:featuredmedia":[{"embeddable":true,"href":"https:\/\/ksiegarniamck.pl\/en\/wp-json\/wp\/v2\/media\/10991"}],"wp:attachment":[{"href":"https:\/\/ksiegarniamck.pl\/en\/wp-json\/wp\/v2\/media?parent=5136"}],"wp:term":[{"taxonomy":"product_brand","embeddable":true,"href":"https:\/\/ksiegarniamck.pl\/en\/wp-json\/wp\/v2\/product_brand?post=5136"},{"taxonomy":"product_cat","embeddable":true,"href":"https:\/\/ksiegarniamck.pl\/en\/wp-json\/wp\/v2\/product_cat?post=5136"},{"taxonomy":"product_tag","embeddable":true,"href":"https:\/\/ksiegarniamck.pl\/en\/wp-json\/wp\/v2\/product_tag?post=5136"}],"curies":[{"name":"wp","href":"https:\/\/api.w.org\/{rel}","templated":true}]}}