{"id":5142,"date":"2021-06-01T19:07:11","date_gmt":"2021-06-01T17:07:11","guid":{"rendered":"https:\/\/ksiegarniamck.pl\/?post_type=product&#038;p=5142"},"modified":"2023-02-22T00:25:34","modified_gmt":"2023-02-21T23:25:34","slug":"kosice-modernism","status":"publish","type":"product","link":"https:\/\/ksiegarniamck.pl\/en\/produkt\/kosice-modernism\/","title":{"rendered":"Ko\u0161ice Modernism"},"content":{"rendered":"<p><strong class=\"lead article_lead\">In the 1920s, the Slovak city of Ko\u0161ice was a vibrant centre of artistic life.<\/strong><\/p>\n<p>The multicultural character of the place fostered the atmosphere of openness and tolerance, which attracted numerous artists. At the time, the city became a space for dialogue for artists representing surprisingly diverse stylistics and embracing a variety of inspirations. A bilingual catalogue of the exhibition \u201cKo\u0161ice Modernism\u201d introduces this amazing mosaic of artistic personalities with superb paintings by artists such as S\u00e1ndor Bortnyik, Anton Jaszusch, Eugen Kr\u00f3n, Franti\u0161ek Folt\u00fdn, G\u00e9za Schiller, Koloman Sokol, Kon\u0161tant\u00edn Bauer, as well as with archive photographs, maps, exhibition posters, and essays written by specialists in arts and culture of Central Europe. An extensive album offers a comprehensive picture of the true phenomenon of Ko\u0161ice in the interwar period.<\/p>\n","protected":false},"excerpt":{"rendered":"<p>In the 1920s, the Slovak city of Ko\u0161ice was a vibrant centre of artistic life. The multicultural character of the place fostered the atmosphere of openness and tolerance, which attracted numerous artists. At the time, the city became a space for dialogue for artists representing surprisingly diverse stylistics and embracing a variety of inspirations. A [&hellip;]<\/p>\n","protected":false},"featured_media":11031,"template":"","meta":{"_acf_changed":false,"iawp_total_views":5},"product_brand":[],"product_cat":[123],"product_tag":[],"class_list":{"0":"post-5142","1":"product","2":"type-product","3":"status-publish","4":"has-post-thumbnail","6":"product_cat-albums","8":"first","9":"instock","10":"sale","11":"taxable","12":"shipping-taxable","13":"purchasable","14":"product-type-simple"},"acf":[],"_links":{"self":[{"href":"https:\/\/ksiegarniamck.pl\/en\/wp-json\/wp\/v2\/product\/5142","targetHints":{"allow":["GET"]}}],"collection":[{"href":"https:\/\/ksiegarniamck.pl\/en\/wp-json\/wp\/v2\/product"}],"about":[{"href":"https:\/\/ksiegarniamck.pl\/en\/wp-json\/wp\/v2\/types\/product"}],"version-history":[{"count":1,"href":"https:\/\/ksiegarniamck.pl\/en\/wp-json\/wp\/v2\/product\/5142\/revisions"}],"predecessor-version":[{"id":11609,"href":"https:\/\/ksiegarniamck.pl\/en\/wp-json\/wp\/v2\/product\/5142\/revisions\/11609"}],"wp:featuredmedia":[{"embeddable":true,"href":"https:\/\/ksiegarniamck.pl\/en\/wp-json\/wp\/v2\/media\/11031"}],"wp:attachment":[{"href":"https:\/\/ksiegarniamck.pl\/en\/wp-json\/wp\/v2\/media?parent=5142"}],"wp:term":[{"taxonomy":"product_brand","embeddable":true,"href":"https:\/\/ksiegarniamck.pl\/en\/wp-json\/wp\/v2\/product_brand?post=5142"},{"taxonomy":"product_cat","embeddable":true,"href":"https:\/\/ksiegarniamck.pl\/en\/wp-json\/wp\/v2\/product_cat?post=5142"},{"taxonomy":"product_tag","embeddable":true,"href":"https:\/\/ksiegarniamck.pl\/en\/wp-json\/wp\/v2\/product_tag?post=5142"}],"curies":[{"name":"wp","href":"https:\/\/api.w.org\/{rel}","templated":true}]}}