{"id":5148,"date":"2021-06-01T19:09:16","date_gmt":"2021-06-01T17:09:16","guid":{"rendered":"https:\/\/ksiegarniamck.pl\/?post_type=product&#038;p=5148"},"modified":"2023-02-22T00:25:39","modified_gmt":"2023-02-21T23:25:39","slug":"the-myth-of-galicia-english-version","status":"publish","type":"product","link":"https:\/\/ksiegarniamck.pl\/en\/produkt\/the-myth-of-galicia-english-version\/","title":{"rendered":"The Myth of Galicia [EN]"},"content":{"rendered":"<p><strong class=\"lead article_lead\">What do we know about Galicia? What is Galicia today? What values do we attach to it \u2013 positive or negative? <em>Galicia felix<\/em> or <em>Galicia miserabilis<\/em>? The beloved good Emperor or a conservative bureaucrat? Arcadia or periphery and \u201csemi-Asia\u201d? \u201cGalician poverty\u201d or progress against all odds? Country of liberal legislation or the proverbial \u201cGalician elections\u201d? A place of happy coexistence or of national and social conflicts?<\/strong><\/p>\n<p>The photo book accompanying an exhibition or under the same title attempts to answer the questions asked above. An attempt at looking at a Galicia that is no longer there, and yet, despite both the world wars, and both the totalitarianisms that made their brunt on this part of Europe, it is still present as a mythical place, an imagined space. An endeavour at telling a tale of a shared territory of memory for Poles, Ukrainians, Austrians, Jews nowadays separated by borders.<\/p>\n<p>Despite the existence of the imagined, universal Galicia, its historical area in real life is intersected by the border of Schengen Zone being at the same time the border of the European Union, clearly separating the western Polish Galicia from Eastern Galicia \u2013 the Ukrainian Halychyna. Yet \u201cthe Galician experience\u201d of Western Ukraine became one of the most important arguments for the \u201cEuropean drive\u201d that came to prominence in Kyiv\u2019s Maidan. Therefore, the phenomenon of Galicia is not only the question of a surviving memory, but primarily a proof of reality-influencing power that a myth can have.<\/p>\n<p>Over 300 works and documents from Polish, Ukrainian, and Austrian collections are reproduced in the book, and the history and myth of Galicia have been investigated by the most eminent experts of Galicia questions from Europe and overseas: Matthias Beitl, Emil Brix, Patrice M. Dabrowski, Katrin Ecker, Jaros\u0142aw Hrycak, Kerstin S. Jobst, Klemens Kaps, Maria K\u0142a\u0144ska, \u017banna Komar, Wolfgang Kos, B\u00f6rries Kuzmany, Waldemar \u0141azuga, Hans-Christian Maner, Martin Pollack, Jurko Procha\u015bko, Jacek Purchla, Mykola Riabchuk, Jan Rydel, Monika Rydiger, Werner Michael Schwarz, Joshua Shanes, Telse Hartmann, Alois Woldan, Larry Wolff, Taras Wozniak, and Krzysztof Zamorski.<\/p>\n<p><strong>The offer is valid only for individual clients.<\/strong><\/p>\n","protected":false},"excerpt":{"rendered":"<p>What do we know about Galicia? What is Galicia today? What values do we attach to it \u2013 positive or negative? Galicia felix or Galicia miserabilis? The beloved good Emperor or a conservative bureaucrat? Arcadia or periphery and \u201csemi-Asia\u201d? \u201cGalician poverty\u201d or progress against all odds? Country of liberal legislation or the proverbial \u201cGalician elections\u201d? [&hellip;]<\/p>\n","protected":false},"featured_media":11047,"template":"","meta":{"_acf_changed":false,"iawp_total_views":1},"product_brand":[],"product_cat":[123],"product_tag":[],"class_list":{"0":"post-5148","1":"product","2":"type-product","3":"status-publish","4":"has-post-thumbnail","6":"product_cat-albums","8":"first","9":"outofstock","10":"sale","11":"taxable","12":"shipping-taxable","13":"purchasable","14":"product-type-simple"},"acf":[],"_links":{"self":[{"href":"https:\/\/ksiegarniamck.pl\/en\/wp-json\/wp\/v2\/product\/5148","targetHints":{"allow":["GET"]}}],"collection":[{"href":"https:\/\/ksiegarniamck.pl\/en\/wp-json\/wp\/v2\/product"}],"about":[{"href":"https:\/\/ksiegarniamck.pl\/en\/wp-json\/wp\/v2\/types\/product"}],"version-history":[{"count":0,"href":"https:\/\/ksiegarniamck.pl\/en\/wp-json\/wp\/v2\/product\/5148\/revisions"}],"wp:featuredmedia":[{"embeddable":true,"href":"https:\/\/ksiegarniamck.pl\/en\/wp-json\/wp\/v2\/media\/11047"}],"wp:attachment":[{"href":"https:\/\/ksiegarniamck.pl\/en\/wp-json\/wp\/v2\/media?parent=5148"}],"wp:term":[{"taxonomy":"product_brand","embeddable":true,"href":"https:\/\/ksiegarniamck.pl\/en\/wp-json\/wp\/v2\/product_brand?post=5148"},{"taxonomy":"product_cat","embeddable":true,"href":"https:\/\/ksiegarniamck.pl\/en\/wp-json\/wp\/v2\/product_cat?post=5148"},{"taxonomy":"product_tag","embeddable":true,"href":"https:\/\/ksiegarniamck.pl\/en\/wp-json\/wp\/v2\/product_tag?post=5148"}],"curies":[{"name":"wp","href":"https:\/\/api.w.org\/{rel}","templated":true}]}}