{"id":5195,"date":"2021-05-01T18:40:45","date_gmt":"2021-05-01T16:40:45","guid":{"rendered":"https:\/\/ksiegarniamck.pl\/?post_type=product&#038;p=5195"},"modified":"2023-09-12T08:50:19","modified_gmt":"2023-09-12T06:50:19","slug":"czechia-user-manual-e-book","status":"publish","type":"product","link":"https:\/\/ksiegarniamck.pl\/en\/produkt\/czechia-user-manual-e-book\/","title":{"rendered":"Czechia. User manual E-BOOK"},"content":{"rendered":"<p>\u201cIn German, Prague is of neuter gender. But in Czech it is a lady. No wonder it was made into a gadabout. Although it was not as huge as Paris, it seemed impenetrable to the Czechs. Sometimes cruel, picky and cold. More than once, it seemed that she preferred opponents to respectable worshipers. She oppressed her peasants almost with delight.\u201d<\/p>\n<p>Gru\u0161a\u2019s book is a narrative about Czech history (especially recent events) as well as about Czech myths and legends. But it is also a story about the dark sides of the country&#8217;s past, about Czech complexes, \u201cdead bodies hidden in the closet\u201d and events which today \u2013 despite the freedom of speech \u2013 are discussed rather reluctantly. It is also a story of a great erudite and a man of great knowledge, written with enthusiasm, with a Czech sense of humour and self-irony, full of funny word games and poetic images. At the same time, you can drive around the Czech Republic while holding it on your lap, because it also meets almost all the requirements of a typical guide.<\/p>\n<p>\u201cGru\u0161a\u2019s literary guide to Bohemia (and Moravia) can be irritating, but its intellectual strength is unquestionable. It brings out the historical heritage of Czech liberal thought, criticising every manifestation of weakness in front of form, power and national phobias.\u201d<\/p>\n<p>Kacper Szulecki, \u201eKultura Liberalna\u201d<\/p>\n<p><strong>Czechia. A User\u2019s Manual <\/strong>is the most convincing proof of how little we know about Czech culture and literature, and what treasures are hidden in them &#8211; unknown to us.<\/p>\n<p>W\u0142odzimierz Kalicki \u201eGazeta Wyborcza\u201d, \u201eDu\u017cy Format\u201d<\/p>\n<p><strong><a href=\"https:\/\/ksiegarniamck.pl\/wp-content\/uploads\/2021\/08\/czechy_MOBI_fragment.mobi\">Download a free excerpt (mobi) &gt;&gt;&gt;<\/a><\/strong><br \/>\n<strong><a href=\"https:\/\/ksiegarniamck.pl\/wp-content\/uploads\/2021\/06\/czechy_EPUB_fragment-1.epub\">Download a free excerpt (epub) &gt;&gt;&gt;<\/a><\/strong><\/p>\n<p>&nbsp;<\/p>\n<p><strong>Ji\u0159\u00ed Gru\u0161a<\/strong> is one of the most important Czech writers of the second half of the 20th century. During the short thaw (1964\u20131965), he was among the founders (with V\u00e1clav Havel among others) of one of the most interesting literary magazines, \u201cTv\u00e1\u0159\u201d. After the magazine was closed, he published mainly translations and reviews under a pseudonym. During the democratisation of the Prague Spring of 1968, he co-founded another important literary magazine, \u201cSe\u0161ity pro mladou literature\u201d. After the Warsaw Pact troops entered Czechoslovakia, it was also liquidated, and the writer himself was banned from publishing.<\/p>\n<p>In the early 1970s, together with Ludv\u00edk Vacul\u00edk and Ivan Kl\u00edma, he created the first and most important independent publishing house, operating outside censorship \u2013 &#8220;Petlice&#8221; (Skobel). For this, and for his activities under the opposition Charter 77, he was imprisoned many times. In 1980 he received permission from the authorities to go on a literary scholarship to the USA, but during his stay abroad he was deprived of Czechoslovak citizenship. He settled in Germany, where he worked, among others, as a city writer in Bonn, translated and wrote literary texts and was active in the circles of Czechoslovak political exiles. He was able to return to the country only after the Velvet Revolution of 1989. He is the author of several volumes of poems as well as novels and collections of essays, for which he has received the most important Czech literary awards.<\/p>\n","protected":false},"excerpt":{"rendered":"<p>\u201cIn German, Prague is of neuter gender. But in Czech it is a lady. No wonder it was made into a gadabout. Although it was not as huge as Paris, it seemed impenetrable to the Czechs. Sometimes cruel, picky and cold. More than once, it seemed that she preferred opponents to respectable worshipers. She oppressed [&hellip;]<\/p>\n","protected":false},"featured_media":11053,"template":"","meta":{"_acf_changed":false,"iawp_total_views":0},"product_brand":[],"product_cat":[137,133],"product_tag":[],"class_list":{"0":"post-5195","1":"product","2":"type-product","3":"status-publish","4":"has-post-thumbnail","6":"product_cat-ebooks","7":"product_cat-the-central-european-library","9":"first","10":"instock","11":"virtual","12":"sold-individually","13":"taxable","14":"purchasable","15":"product-type-simple"},"acf":[],"_links":{"self":[{"href":"https:\/\/ksiegarniamck.pl\/en\/wp-json\/wp\/v2\/product\/5195","targetHints":{"allow":["GET"]}}],"collection":[{"href":"https:\/\/ksiegarniamck.pl\/en\/wp-json\/wp\/v2\/product"}],"about":[{"href":"https:\/\/ksiegarniamck.pl\/en\/wp-json\/wp\/v2\/types\/product"}],"version-history":[{"count":3,"href":"https:\/\/ksiegarniamck.pl\/en\/wp-json\/wp\/v2\/product\/5195\/revisions"}],"predecessor-version":[{"id":12596,"href":"https:\/\/ksiegarniamck.pl\/en\/wp-json\/wp\/v2\/product\/5195\/revisions\/12596"}],"wp:featuredmedia":[{"embeddable":true,"href":"https:\/\/ksiegarniamck.pl\/en\/wp-json\/wp\/v2\/media\/11053"}],"wp:attachment":[{"href":"https:\/\/ksiegarniamck.pl\/en\/wp-json\/wp\/v2\/media?parent=5195"}],"wp:term":[{"taxonomy":"product_brand","embeddable":true,"href":"https:\/\/ksiegarniamck.pl\/en\/wp-json\/wp\/v2\/product_brand?post=5195"},{"taxonomy":"product_cat","embeddable":true,"href":"https:\/\/ksiegarniamck.pl\/en\/wp-json\/wp\/v2\/product_cat?post=5195"},{"taxonomy":"product_tag","embeddable":true,"href":"https:\/\/ksiegarniamck.pl\/en\/wp-json\/wp\/v2\/product_tag?post=5195"}],"curies":[{"name":"wp","href":"https:\/\/api.w.org\/{rel}","templated":true}]}}