{"id":5196,"date":"2021-10-29T18:45:26","date_gmt":"2021-10-29T16:45:26","guid":{"rendered":"https:\/\/ksiegarniamck.pl\/?post_type=product&#038;p=5196"},"modified":"2023-03-27T12:29:29","modified_gmt":"2023-03-27T10:29:29","slug":"herito-no-37-38-magical-socialist-realism-english-version-e-book","status":"publish","type":"product","link":"https:\/\/ksiegarniamck.pl\/en\/produkt\/herito-no-37-38-magical-socialist-realism-english-version-e-book\/","title":{"rendered":"HERITO, No. 37-38: Magical socialist realism? E-BOOK [EN]"},"content":{"rendered":"<p><strong>&#8220;The realist essence of socialist architecture postulates the reflection in construction works of the entirety of life, existence, social and moral ideals, and the mental system of the nation in all its richness and concreteness. In the conditions of the existence of socialist nations with all their features, the faithful and concrete reflection of the manifestations of social life must lead to the creation of specific, original features in the architecture of each nation\u201d \u2013 Edmund Goldzamt.<\/strong><\/p>\n<p>More than 160 photos and 14 texts on architecture, literature and art, offering a subjective atlas of socialist realist architecture in Central Europe, capturing the history of the construction of the famous Marsza\u0142kowska Residential District, and a story of the iconic works of Bohdan Pniewski. Authors look at the first Polish socialist realist building listed as a historic monument, they travel to Krakow&#8217;s Nowa Huta, Ostrava&#8217;s Poruba, Eisenh\u00fcttenstadt and Prievidza, and look for forgotten socialist realist monuments in the countries of former Yugoslavia. In addition, the texts offer a study of Soviet orientalism, the rhetoric of socialist optimism and contemplate the cosmos together with socialist realist artists.<\/p>\n<p>The issue includes texts and essays by Greg Castillo, Bohdan Cherkes, Beata Chom\u0105towska, \u0141ukasz Galusek, Anna \u0141azar, Karol Kurnicki, Lidia Pa\u0144k\u00f3w, Grzegorz Pi\u0105tek, Anna Syska, Katarzyna Trzeciak, Mi\u0142osz Walig\u00f3rski, Micha\u0142 Wi\u015bniewski, Aleksandra Wojtaszek and Marcin Wojtaszek, as well as reviews of recommendable Central European publications.<\/p>\n<p>Electronic publication available in EPUB + MOBI<\/p>\n<p><a href=\"https:\/\/ksiegarniamck.pl\/wp-content\/uploads\/2021\/11\/herito-37-38ang_MOBI_fragment.mobi\"><strong>Download a free excerpt (mobi) &gt;&gt;&gt;<\/strong><\/a><br \/>\n<strong><a href=\"https:\/\/ksiegarniamck.pl\/wp-content\/uploads\/2021\/08\/herito_EPUB_fragment_37_en.epub\">Download a free excerpt (epub) &gt;&gt;&gt;<\/a><\/strong><\/p>\n","protected":false},"excerpt":{"rendered":"<p>&#8220;The realist essence of socialist architecture postulates the reflection in construction works of the entirety of life, existence, social and moral ideals, and the mental system of the nation in all its richness and concreteness. In the conditions of the existence of socialist nations with all their features, the faithful and concrete reflection of the [&hellip;]<\/p>\n","protected":false},"featured_media":11056,"template":"","meta":{"_acf_changed":false,"iawp_total_views":2},"product_brand":[],"product_cat":[137,125],"product_tag":[2534],"class_list":{"0":"post-5196","1":"product","2":"type-product","3":"status-publish","4":"has-post-thumbnail","6":"product_cat-ebooks","7":"product_cat-herito-en","8":"product_tag-herito-en-2","10":"first","11":"instock","12":"virtual","13":"sold-individually","14":"taxable","15":"purchasable","16":"product-type-simple"},"acf":[],"_links":{"self":[{"href":"https:\/\/ksiegarniamck.pl\/en\/wp-json\/wp\/v2\/product\/5196","targetHints":{"allow":["GET"]}}],"collection":[{"href":"https:\/\/ksiegarniamck.pl\/en\/wp-json\/wp\/v2\/product"}],"about":[{"href":"https:\/\/ksiegarniamck.pl\/en\/wp-json\/wp\/v2\/types\/product"}],"version-history":[{"count":2,"href":"https:\/\/ksiegarniamck.pl\/en\/wp-json\/wp\/v2\/product\/5196\/revisions"}],"predecessor-version":[{"id":7756,"href":"https:\/\/ksiegarniamck.pl\/en\/wp-json\/wp\/v2\/product\/5196\/revisions\/7756"}],"wp:featuredmedia":[{"embeddable":true,"href":"https:\/\/ksiegarniamck.pl\/en\/wp-json\/wp\/v2\/media\/11056"}],"wp:attachment":[{"href":"https:\/\/ksiegarniamck.pl\/en\/wp-json\/wp\/v2\/media?parent=5196"}],"wp:term":[{"taxonomy":"product_brand","embeddable":true,"href":"https:\/\/ksiegarniamck.pl\/en\/wp-json\/wp\/v2\/product_brand?post=5196"},{"taxonomy":"product_cat","embeddable":true,"href":"https:\/\/ksiegarniamck.pl\/en\/wp-json\/wp\/v2\/product_cat?post=5196"},{"taxonomy":"product_tag","embeddable":true,"href":"https:\/\/ksiegarniamck.pl\/en\/wp-json\/wp\/v2\/product_tag?post=5196"}],"curies":[{"name":"wp","href":"https:\/\/api.w.org\/{rel}","templated":true}]}}