{"id":5206,"date":"2021-06-01T18:41:46","date_gmt":"2021-06-01T16:41:46","guid":{"rendered":"https:\/\/ksiegarniamck.pl\/?post_type=product&#038;p=5206"},"modified":"2023-09-12T09:24:36","modified_gmt":"2023-09-12T07:24:36","slug":"architecture-of-independence-in-central-europe-e-book","status":"publish","type":"product","link":"https:\/\/ksiegarniamck.pl\/en\/produkt\/architecture-of-independence-in-central-europe-e-book\/","title":{"rendered":"Architecture of Independence in Central Europe E-BOOK"},"content":{"rendered":"<p><strong class=\"lead article_lead\">How did architecture and urban planning help realise socio-political goals in newly emerged states of Central Europe after the First World War? Where were old monuments and mausoleums demolished and where were new ones erected to strengthen young national identities? Is interwar architectural modernism specific exclusively for large urban centres? What kind of initiatives were undertaken by independent Poland, Czechoslovakia, Yugoslavia, and the Baltic countries to provide their citizens good living conditions?<\/strong><\/p>\n<p>This publication offers a multidimensional discussion of the relationship between architecture and politics after the First World War. It features comprehensive essays on new political geography of Central-Eastern Europe after the Paris Peace Conference (1919\u20131920), Central European modernist architecture, and new housing policy in the region.<\/p>\n<p>More detailed analyses are dedicated, among others, to modernist village of Lisk\u00f3w in Greater Poland, the interwar architecture of Czechoslovakia, Yugoslavia, and the Baltic countries, as well as the transformation and modernisation of Kaunas \u2013 the temporary capital of Lithuania from 1919 to 1939.<\/p>\n<p>Featured authors include: Arnold Bartetzky, Bohdan Cherkes, Marija Dr\u0117mait\u0117, Maciej G\u00f3rny, Aleksandar Kadijevi\u0107, Mart Kalm, \u017banna Komar (ICC), Henrieta Morav\u010d\u00edkov\u00e1, Helena Postawka-Lech (ICC), Andrzej Szczerski, Micha\u0142 Wi\u015bniewski (ICC), Natalia \u017bak (ICC).<\/p>\n<p><strong>Electronic publication in EPUB + MOBI format<\/strong><\/p>\n<p><strong>The publication is available only in Polish.\u00a0<\/strong><\/p>\n<p><a href=\"https:\/\/ksiegarniamck.pl\/wp-content\/uploads\/2021\/11\/Architektura-niepodleglosci-w-E-Miedzynarodowe-Centrum-Kultury-fragement.mobi\"><strong>Download a free excerpt (mobi) &gt;&gt;&gt;<\/strong><\/a><br \/>\n<strong><a href=\"https:\/\/ksiegarniamck.pl\/wp-content\/uploads\/2021\/11\/Architektura-niepodleglosci-w-E-Miedzynarodowe-Centrum-Kultury-fragment.epub\">Download a free excerpt (epub) &gt;&gt;&gt;<\/a><\/strong><\/p>\n","protected":false},"excerpt":{"rendered":"<p>How did architecture and urban planning help realise socio-political goals in newly emerged states of Central Europe after the First World War? Where were old monuments and mausoleums demolished and where were new ones erected to strengthen young national identities? Is interwar architectural modernism specific exclusively for large urban centres? What kind of initiatives were [&hellip;]<\/p>\n","protected":false},"featured_media":11052,"template":"","meta":{"_acf_changed":false,"iawp_total_views":0},"product_brand":[],"product_cat":[137],"product_tag":[],"class_list":{"0":"post-5206","1":"product","2":"type-product","3":"status-publish","4":"has-post-thumbnail","6":"product_cat-ebooks","8":"first","9":"instock","10":"virtual","11":"sold-individually","12":"taxable","13":"purchasable","14":"product-type-simple"},"acf":[],"_links":{"self":[{"href":"https:\/\/ksiegarniamck.pl\/en\/wp-json\/wp\/v2\/product\/5206","targetHints":{"allow":["GET"]}}],"collection":[{"href":"https:\/\/ksiegarniamck.pl\/en\/wp-json\/wp\/v2\/product"}],"about":[{"href":"https:\/\/ksiegarniamck.pl\/en\/wp-json\/wp\/v2\/types\/product"}],"version-history":[{"count":3,"href":"https:\/\/ksiegarniamck.pl\/en\/wp-json\/wp\/v2\/product\/5206\/revisions"}],"predecessor-version":[{"id":12607,"href":"https:\/\/ksiegarniamck.pl\/en\/wp-json\/wp\/v2\/product\/5206\/revisions\/12607"}],"wp:featuredmedia":[{"embeddable":true,"href":"https:\/\/ksiegarniamck.pl\/en\/wp-json\/wp\/v2\/media\/11052"}],"wp:attachment":[{"href":"https:\/\/ksiegarniamck.pl\/en\/wp-json\/wp\/v2\/media?parent=5206"}],"wp:term":[{"taxonomy":"product_brand","embeddable":true,"href":"https:\/\/ksiegarniamck.pl\/en\/wp-json\/wp\/v2\/product_brand?post=5206"},{"taxonomy":"product_cat","embeddable":true,"href":"https:\/\/ksiegarniamck.pl\/en\/wp-json\/wp\/v2\/product_cat?post=5206"},{"taxonomy":"product_tag","embeddable":true,"href":"https:\/\/ksiegarniamck.pl\/en\/wp-json\/wp\/v2\/product_tag?post=5206"}],"curies":[{"name":"wp","href":"https:\/\/api.w.org\/{rel}","templated":true}]}}