{"id":5214,"date":"2021-06-01T19:09:18","date_gmt":"2021-06-01T17:09:18","guid":{"rendered":"https:\/\/ksiegarniamck.pl\/?post_type=product&#038;p=5214"},"modified":"2025-05-05T12:33:24","modified_gmt":"2025-05-05T10:33:24","slug":"roman-catholic-churches-and-monasteries-in-the-former-brest-litovsk-voivodeship-part-v-vol-2","status":"publish","type":"product","link":"https:\/\/ksiegarniamck.pl\/en\/produkt\/roman-catholic-churches-and-monasteries-in-the-former-brest-litovsk-voivodeship-part-v-vol-2\/","title":{"rendered":"Roman Catholic Churches and Monasteries in the Former Brest-Litovsk Voivodeship, Part V, vol. 2"},"content":{"rendered":"<p><strong class=\"lead article_lead\">The volume contains studies of churches, monasteries and chapels from Bereza Kartuska, Bogdziuki, Czernawczcyce, Do\u0142he, Drohiczyn Poleski, Dziady, Kamieniec Litewski, Linowo, Peliszcze, Pru\u017cana, Siehniewicze, S\u0142ob\u00f3dka pod Pru\u017can\u0105, Szeresz\u00f3w \u2013 all located in the western part of the former Brest-Litovsk Voivodeship.<\/strong><\/p>\n<p>Polish version<\/p>\n<p><strong>The offer is valid only for individual clients.<\/strong><\/p>\n","protected":false},"excerpt":{"rendered":"<p>The volume contains studies of churches, monasteries and chapels from Bereza Kartuska, Bogdziuki, Czernawczcyce, Do\u0142he, Drohiczyn Poleski, Dziady, Kamieniec Litewski, Linowo, Peliszcze, Pru\u017cana, Siehniewicze, S\u0142ob\u00f3dka pod Pru\u017can\u0105, Szeresz\u00f3w \u2013 all located in the western part of the former Brest-Litovsk Voivodeship. Polish version The offer is valid only for individual clients.<\/p>\n","protected":false},"featured_media":11027,"template":"","meta":{"_acf_changed":false,"iawp_total_views":0},"product_brand":[],"product_cat":[145],"product_tag":[],"class_list":{"0":"post-5214","1":"product","2":"type-product","3":"status-publish","4":"has-post-thumbnail","6":"product_cat-materials-for-the-history-of-religious-art","8":"first","9":"instock","10":"sale","11":"taxable","12":"shipping-taxable","13":"purchasable","14":"product-type-simple"},"acf":[],"_links":{"self":[{"href":"https:\/\/ksiegarniamck.pl\/en\/wp-json\/wp\/v2\/product\/5214","targetHints":{"allow":["GET"]}}],"collection":[{"href":"https:\/\/ksiegarniamck.pl\/en\/wp-json\/wp\/v2\/product"}],"about":[{"href":"https:\/\/ksiegarniamck.pl\/en\/wp-json\/wp\/v2\/types\/product"}],"version-history":[{"count":1,"href":"https:\/\/ksiegarniamck.pl\/en\/wp-json\/wp\/v2\/product\/5214\/revisions"}],"predecessor-version":[{"id":18769,"href":"https:\/\/ksiegarniamck.pl\/en\/wp-json\/wp\/v2\/product\/5214\/revisions\/18769"}],"wp:featuredmedia":[{"embeddable":true,"href":"https:\/\/ksiegarniamck.pl\/en\/wp-json\/wp\/v2\/media\/11027"}],"wp:attachment":[{"href":"https:\/\/ksiegarniamck.pl\/en\/wp-json\/wp\/v2\/media?parent=5214"}],"wp:term":[{"taxonomy":"product_brand","embeddable":true,"href":"https:\/\/ksiegarniamck.pl\/en\/wp-json\/wp\/v2\/product_brand?post=5214"},{"taxonomy":"product_cat","embeddable":true,"href":"https:\/\/ksiegarniamck.pl\/en\/wp-json\/wp\/v2\/product_cat?post=5214"},{"taxonomy":"product_tag","embeddable":true,"href":"https:\/\/ksiegarniamck.pl\/en\/wp-json\/wp\/v2\/product_tag?post=5214"}],"curies":[{"name":"wp","href":"https:\/\/api.w.org\/{rel}","templated":true}]}}