{"id":5223,"date":"2021-06-01T19:11:42","date_gmt":"2021-06-01T17:11:42","guid":{"rendered":"https:\/\/ksiegarniamck.pl\/?post_type=product&#038;p=5223"},"modified":"2023-02-22T00:25:37","modified_gmt":"2023-02-21T23:25:37","slug":"roman-catholic-churches-and-monasteries-in-the-former-vilnius-voivodeship-part-iii-vol-4","status":"publish","type":"product","link":"https:\/\/ksiegarniamck.pl\/en\/produkt\/roman-catholic-churches-and-monasteries-in-the-former-vilnius-voivodeship-part-iii-vol-4\/","title":{"rendered":"Roman Catholic Churches and Monasteries in the Former Vilnius Voivodeship. Part III, Vol. 4"},"content":{"rendered":"<p><strong class=\"lead article_lead\">The volume contains monographs of churches and cemetery chapels in the former Iwiewski district (Bakszty, Dudy, Gawia, Iwie, Jato\u0142towicze, Juraciszki, Lipniszki, \u0141azduny, Urciszki i Zygmunciszki), Lidzki district (Berd\u00f3wka, Kirjanowce) and Woronowski district (Trokiele).<\/strong><\/p>\n<p>Polish version<\/p>\n<p><strong>The offer is valid only for individual clients.<\/strong><\/p>\n","protected":false},"excerpt":{"rendered":"<p>The volume contains monographs of churches and cemetery chapels in the former Iwiewski district (Bakszty, Dudy, Gawia, Iwie, Jato\u0142towicze, Juraciszki, Lipniszki, \u0141azduny, Urciszki i Zygmunciszki), Lidzki district (Berd\u00f3wka, Kirjanowce) and Woronowski district (Trokiele). Polish version The offer is valid only for individual clients.<\/p>\n","protected":false},"featured_media":11021,"template":"","meta":{"_acf_changed":false,"iawp_total_views":0},"product_brand":[],"product_cat":[145],"product_tag":[],"class_list":{"0":"post-5223","1":"product","2":"type-product","3":"status-publish","4":"has-post-thumbnail","6":"product_cat-materials-for-the-history-of-religious-art","8":"first","9":"instock","10":"sale","11":"taxable","12":"shipping-taxable","13":"purchasable","14":"product-type-simple"},"acf":[],"_links":{"self":[{"href":"https:\/\/ksiegarniamck.pl\/en\/wp-json\/wp\/v2\/product\/5223","targetHints":{"allow":["GET"]}}],"collection":[{"href":"https:\/\/ksiegarniamck.pl\/en\/wp-json\/wp\/v2\/product"}],"about":[{"href":"https:\/\/ksiegarniamck.pl\/en\/wp-json\/wp\/v2\/types\/product"}],"version-history":[{"count":2,"href":"https:\/\/ksiegarniamck.pl\/en\/wp-json\/wp\/v2\/product\/5223\/revisions"}],"predecessor-version":[{"id":11599,"href":"https:\/\/ksiegarniamck.pl\/en\/wp-json\/wp\/v2\/product\/5223\/revisions\/11599"}],"wp:featuredmedia":[{"embeddable":true,"href":"https:\/\/ksiegarniamck.pl\/en\/wp-json\/wp\/v2\/media\/11021"}],"wp:attachment":[{"href":"https:\/\/ksiegarniamck.pl\/en\/wp-json\/wp\/v2\/media?parent=5223"}],"wp:term":[{"taxonomy":"product_brand","embeddable":true,"href":"https:\/\/ksiegarniamck.pl\/en\/wp-json\/wp\/v2\/product_brand?post=5223"},{"taxonomy":"product_cat","embeddable":true,"href":"https:\/\/ksiegarniamck.pl\/en\/wp-json\/wp\/v2\/product_cat?post=5223"},{"taxonomy":"product_tag","embeddable":true,"href":"https:\/\/ksiegarniamck.pl\/en\/wp-json\/wp\/v2\/product_tag?post=5223"}],"curies":[{"name":"wp","href":"https:\/\/api.w.org\/{rel}","templated":true}]}}