{"id":5240,"date":"2021-06-01T19:09:32","date_gmt":"2021-06-01T17:09:32","guid":{"rendered":"https:\/\/ksiegarniamck.pl\/?post_type=product&#038;p=5240"},"modified":"2023-02-22T00:25:37","modified_gmt":"2023-02-21T23:25:37","slug":"roman-catholic-churches-and-monasteries-in-the-former-rus-voivodeship-part-i-vol-22","status":"publish","type":"product","link":"https:\/\/ksiegarniamck.pl\/en\/produkt\/roman-catholic-churches-and-monasteries-in-the-former-rus-voivodeship-part-i-vol-22\/","title":{"rendered":"Roman Catholic Churches and Monasteries in the Former Rus\u2019 Voivodeship, Part I, vol. 22"},"content":{"rendered":"<div class=\"page-content product\">\n<p>The volume contains studies of churches in the part of the former Che\u0142m land, belonging administratively to the Ruthenian voivodeship of the former Polish Republic, although separated from it by the area of the former Be\u0142z voivodeship. Objects from this area belonged to the Lubomel deanery of the Che\u0142m diocese, in the 19th century they were incorporated into the \u0141uck-\u017bytomierz diocese, and in the interwar period they belonged to the \u0141uck diocese.<\/p>\n<p>Volume 22 covers churches in the following towns: Binduga, Luboml, Maciej\u00f3w, Opalin, Ostr\u00f3wki, Przewa\u0142y, Pulemiec, Radziech\u00f3w, Ratno, Rymacze, Szack and Zab\u0142ocie. This book is the last one in a series of publications with the inventory of the former Ruthenian voivodeship within its pre-partition borders.<\/p>\n<p>About the book:<\/p>\n<p>Collected volume edited by Jan K. Ostrowski<\/p>\n<div class=\"divider\"><\/div>\n<\/div>\n","protected":false},"excerpt":{"rendered":"<p>The volume contains studies of churches in the part of the former Che\u0142m land, belonging administratively to the Ruthenian voivodeship of the former Polish Republic, although separated from it by the area of the former Be\u0142z voivodeship. Objects from this area belonged to the Lubomel deanery of the Che\u0142m diocese, in the 19th century they [&hellip;]<\/p>\n","protected":false},"featured_media":11014,"template":"","meta":{"_acf_changed":false,"iawp_total_views":1},"product_brand":[],"product_cat":[145],"product_tag":[],"class_list":{"0":"post-5240","1":"product","2":"type-product","3":"status-publish","4":"has-post-thumbnail","6":"product_cat-materials-for-the-history-of-religious-art","8":"first","9":"instock","10":"sale","11":"taxable","12":"shipping-taxable","13":"purchasable","14":"product-type-simple"},"acf":[],"_links":{"self":[{"href":"https:\/\/ksiegarniamck.pl\/en\/wp-json\/wp\/v2\/product\/5240","targetHints":{"allow":["GET"]}}],"collection":[{"href":"https:\/\/ksiegarniamck.pl\/en\/wp-json\/wp\/v2\/product"}],"about":[{"href":"https:\/\/ksiegarniamck.pl\/en\/wp-json\/wp\/v2\/types\/product"}],"version-history":[{"count":1,"href":"https:\/\/ksiegarniamck.pl\/en\/wp-json\/wp\/v2\/product\/5240\/revisions"}],"predecessor-version":[{"id":11596,"href":"https:\/\/ksiegarniamck.pl\/en\/wp-json\/wp\/v2\/product\/5240\/revisions\/11596"}],"wp:featuredmedia":[{"embeddable":true,"href":"https:\/\/ksiegarniamck.pl\/en\/wp-json\/wp\/v2\/media\/11014"}],"wp:attachment":[{"href":"https:\/\/ksiegarniamck.pl\/en\/wp-json\/wp\/v2\/media?parent=5240"}],"wp:term":[{"taxonomy":"product_brand","embeddable":true,"href":"https:\/\/ksiegarniamck.pl\/en\/wp-json\/wp\/v2\/product_brand?post=5240"},{"taxonomy":"product_cat","embeddable":true,"href":"https:\/\/ksiegarniamck.pl\/en\/wp-json\/wp\/v2\/product_cat?post=5240"},{"taxonomy":"product_tag","embeddable":true,"href":"https:\/\/ksiegarniamck.pl\/en\/wp-json\/wp\/v2\/product_tag?post=5240"}],"curies":[{"name":"wp","href":"https:\/\/api.w.org\/{rel}","templated":true}]}}