{"id":5241,"date":"2021-06-01T19:12:22","date_gmt":"2021-06-01T17:12:22","guid":{"rendered":"https:\/\/ksiegarniamck.pl\/?post_type=product&#038;p=5241"},"modified":"2023-02-22T00:25:36","modified_gmt":"2023-02-21T23:25:36","slug":"roman-catholic-churches-and-monasteries-in-the-former-rus-voivodeship-part-i-vol-18","status":"publish","type":"product","link":"https:\/\/ksiegarniamck.pl\/en\/produkt\/roman-catholic-churches-and-monasteries-in-the-former-rus-voivodeship-part-i-vol-18\/","title":{"rendered":"Roman Catholic Churches and Monasteries in the Former Rus&#8217; Voivodeship. Part I, Vol. 18"},"content":{"rendered":"<div class=\"page-content product\">\n<p><strong class=\"lead article_lead\">The volume includes historical buildings located in the following towns: Barysz, Bohorodyczyna, Chocimierz, Czernelica, Delawa, D\u017curkow, Horodenka, Huta Nowa, Kamionki Wielkie, Koropiec, Koro\u015bciatyna, Kowal\u00f3wka, Michalecz, Nowostawce, Obertyna, Porchowa, Potok Z\u0142oty, Pu\u017cniki, S\u0142ob\u00f3dka D\u017cury\u0144ska, Soroki, Szwejkowo, \u015aniaty\u0144, Trybuchowce, U\u015b\u0107 Zielony, Werbka, Woron\u00f3w, \u017buk\u00f3w (by Polish names as quoted in the book).<\/strong><\/p>\n<p>Polish version<\/p>\n<p><strong>The offer is valid only for individual clients.<\/strong><\/p>\n<div class=\"divider\"><\/div>\n<\/div>\n","protected":false},"excerpt":{"rendered":"<p>The volume includes historical buildings located in the following towns: Barysz, Bohorodyczyna, Chocimierz, Czernelica, Delawa, D\u017curkow, Horodenka, Huta Nowa, Kamionki Wielkie, Koropiec, Koro\u015bciatyna, Kowal\u00f3wka, Michalecz, Nowostawce, Obertyna, Porchowa, Potok Z\u0142oty, Pu\u017cniki, S\u0142ob\u00f3dka D\u017cury\u0144ska, Soroki, Szwejkowo, \u015aniaty\u0144, Trybuchowce, U\u015b\u0107 Zielony, Werbka, Woron\u00f3w, \u017buk\u00f3w (by Polish names as quoted in the book). Polish version The offer is [&hellip;]<\/p>\n","protected":false},"featured_media":11013,"template":"","meta":{"_acf_changed":false,"iawp_total_views":3},"product_brand":[],"product_cat":[145],"product_tag":[],"class_list":{"0":"post-5241","1":"product","2":"type-product","3":"status-publish","4":"has-post-thumbnail","6":"product_cat-materials-for-the-history-of-religious-art","8":"first","9":"instock","10":"sale","11":"taxable","12":"shipping-taxable","13":"purchasable","14":"product-type-simple"},"acf":[],"_links":{"self":[{"href":"https:\/\/ksiegarniamck.pl\/en\/wp-json\/wp\/v2\/product\/5241","targetHints":{"allow":["GET"]}}],"collection":[{"href":"https:\/\/ksiegarniamck.pl\/en\/wp-json\/wp\/v2\/product"}],"about":[{"href":"https:\/\/ksiegarniamck.pl\/en\/wp-json\/wp\/v2\/types\/product"}],"version-history":[{"count":0,"href":"https:\/\/ksiegarniamck.pl\/en\/wp-json\/wp\/v2\/product\/5241\/revisions"}],"wp:featuredmedia":[{"embeddable":true,"href":"https:\/\/ksiegarniamck.pl\/en\/wp-json\/wp\/v2\/media\/11013"}],"wp:attachment":[{"href":"https:\/\/ksiegarniamck.pl\/en\/wp-json\/wp\/v2\/media?parent=5241"}],"wp:term":[{"taxonomy":"product_brand","embeddable":true,"href":"https:\/\/ksiegarniamck.pl\/en\/wp-json\/wp\/v2\/product_brand?post=5241"},{"taxonomy":"product_cat","embeddable":true,"href":"https:\/\/ksiegarniamck.pl\/en\/wp-json\/wp\/v2\/product_cat?post=5241"},{"taxonomy":"product_tag","embeddable":true,"href":"https:\/\/ksiegarniamck.pl\/en\/wp-json\/wp\/v2\/product_tag?post=5241"}],"curies":[{"name":"wp","href":"https:\/\/api.w.org\/{rel}","templated":true}]}}