{"id":5246,"date":"2021-06-01T19:14:22","date_gmt":"2021-06-01T17:14:22","guid":{"rendered":"https:\/\/ksiegarniamck.pl\/?post_type=product&#038;p=5246"},"modified":"2023-02-22T00:25:37","modified_gmt":"2023-02-21T23:25:37","slug":"roman-catholic-churches-and-monasteries-in-the-former-rus-voivodeship-part-i-vol-9","status":"publish","type":"product","link":"https:\/\/ksiegarniamck.pl\/en\/produkt\/roman-catholic-churches-and-monasteries-in-the-former-rus-voivodeship-part-i-vol-9\/","title":{"rendered":"Roman Catholic Churches and Monasteries in the Former Rus&#8217; Voivodeship. Part I, Vol. 9"},"content":{"rendered":"<p><strong class=\"lead article_lead\">Volume 9 describes Roman Catholic churches in Antoni\u00f3wka, Bartat\u00f3w, Chromohorb, Daszawa, Dawid\u00f3w, Demna, Feliciental, Kochawin, Krotoszyn, Machaliniec, Miko\u0142aj\u00f3w, M\u0142y\u0144ska, Obroszyn, Pustomyty, Rakowiec, Rozd\u00f3\u0142, Siemian\u00f3wka, Skole, Stryj, Synow\u00f3dzk Wy\u017cny, Szczerc, Wo\u0142k\u00f3w, Zulin, Podhorce, \u017burawno and \u017bydacz\u00f3w (the former szczerzec and Stryj deanery).<\/strong><\/p>\n<p>The churches situated in the places mentioned above vary as to the time of their construction-from the end of the Middle Ages till the beginning of modern times, the second half of the 19th century and the 20th c.,and as to their state of preservation.Up tiii now only the churches in Stryj and Szczerc have survived almost in their original from, the other ones lack their internal fittings, the buildings have been destroyed, ruined or even pulled down.The studies of the preserved though incomplete documentation let the authors include these outstanding and unigue monuments of wooden architecture into the volume.<\/p>\n<p>Polish version<\/p>\n<p><strong>The offer is valid only for individual clients.<\/strong><\/p>\n","protected":false},"excerpt":{"rendered":"<p>Volume 9 describes Roman Catholic churches in Antoni\u00f3wka, Bartat\u00f3w, Chromohorb, Daszawa, Dawid\u00f3w, Demna, Feliciental, Kochawin, Krotoszyn, Machaliniec, Miko\u0142aj\u00f3w, M\u0142y\u0144ska, Obroszyn, Pustomyty, Rakowiec, Rozd\u00f3\u0142, Siemian\u00f3wka, Skole, Stryj, Synow\u00f3dzk Wy\u017cny, Szczerc, Wo\u0142k\u00f3w, Zulin, Podhorce, \u017burawno and \u017bydacz\u00f3w (the former szczerzec and Stryj deanery). The churches situated in the places mentioned above vary as to the time of [&hellip;]<\/p>\n","protected":false},"featured_media":11010,"template":"","meta":{"_acf_changed":false,"iawp_total_views":0},"product_brand":[],"product_cat":[145],"product_tag":[],"class_list":{"0":"post-5246","1":"product","2":"type-product","3":"status-publish","4":"has-post-thumbnail","6":"product_cat-materials-for-the-history-of-religious-art","8":"first","9":"instock","10":"sale","11":"taxable","12":"shipping-taxable","13":"purchasable","14":"product-type-simple"},"acf":[],"_links":{"self":[{"href":"https:\/\/ksiegarniamck.pl\/en\/wp-json\/wp\/v2\/product\/5246","targetHints":{"allow":["GET"]}}],"collection":[{"href":"https:\/\/ksiegarniamck.pl\/en\/wp-json\/wp\/v2\/product"}],"about":[{"href":"https:\/\/ksiegarniamck.pl\/en\/wp-json\/wp\/v2\/types\/product"}],"version-history":[{"count":2,"href":"https:\/\/ksiegarniamck.pl\/en\/wp-json\/wp\/v2\/product\/5246\/revisions"}],"predecessor-version":[{"id":11439,"href":"https:\/\/ksiegarniamck.pl\/en\/wp-json\/wp\/v2\/product\/5246\/revisions\/11439"}],"wp:featuredmedia":[{"embeddable":true,"href":"https:\/\/ksiegarniamck.pl\/en\/wp-json\/wp\/v2\/media\/11010"}],"wp:attachment":[{"href":"https:\/\/ksiegarniamck.pl\/en\/wp-json\/wp\/v2\/media?parent=5246"}],"wp:term":[{"taxonomy":"product_brand","embeddable":true,"href":"https:\/\/ksiegarniamck.pl\/en\/wp-json\/wp\/v2\/product_brand?post=5246"},{"taxonomy":"product_cat","embeddable":true,"href":"https:\/\/ksiegarniamck.pl\/en\/wp-json\/wp\/v2\/product_cat?post=5246"},{"taxonomy":"product_tag","embeddable":true,"href":"https:\/\/ksiegarniamck.pl\/en\/wp-json\/wp\/v2\/product_tag?post=5246"}],"curies":[{"name":"wp","href":"https:\/\/api.w.org\/{rel}","templated":true}]}}