{"id":5248,"date":"2021-06-01T19:14:42","date_gmt":"2021-06-01T17:14:42","guid":{"rendered":"https:\/\/ksiegarniamck.pl\/?post_type=product&#038;p=5248"},"modified":"2025-05-05T12:46:42","modified_gmt":"2025-05-05T10:46:42","slug":"roman-catholic-churches-and-monasteries-in-the-former-rus-voivodeship-part-i-vol-8","status":"publish","type":"product","link":"https:\/\/ksiegarniamck.pl\/en\/produkt\/roman-catholic-churches-and-monasteries-in-the-former-rus-voivodeship-part-i-vol-8\/","title":{"rendered":"Roman Catholic Churches and Monasteries in the Former Rus&#8217; Voivodeship. Part I, Vol. 8"},"content":{"rendered":"<p><strong class=\"lead article_lead\">This volume is devoted to historic monuments of the Gr\u00f3dek and the out-of-town Lviv deaneries,and also apart of the \u017b\u00f3\u0142kiew deanery-in their prewar boundaries. These monuments are mainly religious edifices nine of which have survived intact.<\/strong><\/p>\n<p>Some of them (e.g.,in Kukiz\u00f3w or \u017b\u00f3\u0142ta\u0144ce) no longer exist, and some are extremely dilapidated. The described monuments are in Barszczowice, Bia\u0142og\u00f3ra, Bia\u0142ohorszcze, Bi\u0142ka Szlachecka, Burzkowice, Czyszki near Lw\u00f3w, Gli\u0144sko, Gr\u00f3dek Jagiello\u0144ski, Jan\u00f3w, Jarycz\u00f3w Nowy, K\u0142odno Wielkie, Ko\u015bciej\u00f3w, Krech\u00f3w, Kukiz\u00f3w, Lubie\u0144 Wielki, Malech\u00f3w, Powitno (Malczyce) Prusy, Przedrzymichy Ma\u0142e, Rodatycze, Rz\u0119sna Polska, Sich\u00f3w, Sokolniki, Wiesenberg, Wo\u0142czuchy, Zboisko, Zimnawoda, Zubrza, \u017b\u00f3\u0142ta\u0144ce, \u017bydatycze.<\/p>\n<p>&nbsp;<\/p>\n<p><strong>Publication in Polish.<\/strong><\/p>\n<p><strong>The offer is valid only for individual clients.<\/strong><\/p>\n","protected":false},"excerpt":{"rendered":"<p>This volume is devoted to historic monuments of the Gr\u00f3dek and the out-of-town Lviv deaneries,and also apart of the \u017b\u00f3\u0142kiew deanery-in their prewar boundaries. These monuments are mainly religious edifices nine of which have survived intact. Some of them (e.g.,in Kukiz\u00f3w or \u017b\u00f3\u0142ta\u0144ce) no longer exist, and some are extremely dilapidated. The described monuments are [&hellip;]<\/p>\n","protected":false},"featured_media":11009,"template":"","meta":{"_acf_changed":false,"iawp_total_views":2},"product_brand":[],"product_cat":[145],"product_tag":[],"class_list":{"0":"post-5248","1":"product","2":"type-product","3":"status-publish","4":"has-post-thumbnail","6":"product_cat-materials-for-the-history-of-religious-art","8":"first","9":"instock","10":"sale","11":"taxable","12":"shipping-taxable","13":"purchasable","14":"product-type-simple"},"acf":[],"_links":{"self":[{"href":"https:\/\/ksiegarniamck.pl\/en\/wp-json\/wp\/v2\/product\/5248","targetHints":{"allow":["GET"]}}],"collection":[{"href":"https:\/\/ksiegarniamck.pl\/en\/wp-json\/wp\/v2\/product"}],"about":[{"href":"https:\/\/ksiegarniamck.pl\/en\/wp-json\/wp\/v2\/types\/product"}],"version-history":[{"count":1,"href":"https:\/\/ksiegarniamck.pl\/en\/wp-json\/wp\/v2\/product\/5248\/revisions"}],"predecessor-version":[{"id":18784,"href":"https:\/\/ksiegarniamck.pl\/en\/wp-json\/wp\/v2\/product\/5248\/revisions\/18784"}],"wp:featuredmedia":[{"embeddable":true,"href":"https:\/\/ksiegarniamck.pl\/en\/wp-json\/wp\/v2\/media\/11009"}],"wp:attachment":[{"href":"https:\/\/ksiegarniamck.pl\/en\/wp-json\/wp\/v2\/media?parent=5248"}],"wp:term":[{"taxonomy":"product_brand","embeddable":true,"href":"https:\/\/ksiegarniamck.pl\/en\/wp-json\/wp\/v2\/product_brand?post=5248"},{"taxonomy":"product_cat","embeddable":true,"href":"https:\/\/ksiegarniamck.pl\/en\/wp-json\/wp\/v2\/product_cat?post=5248"},{"taxonomy":"product_tag","embeddable":true,"href":"https:\/\/ksiegarniamck.pl\/en\/wp-json\/wp\/v2\/product_tag?post=5248"}],"curies":[{"name":"wp","href":"https:\/\/api.w.org\/{rel}","templated":true}]}}