{"id":5251,"date":"2021-06-01T19:14:56","date_gmt":"2021-06-01T17:14:56","guid":{"rendered":"https:\/\/ksiegarniamck.pl\/?post_type=product&#038;p=5251"},"modified":"2025-05-05T12:38:56","modified_gmt":"2025-05-05T10:38:56","slug":"roman-catholic-churches-and-monasteries-in-the-former-rus-voivodeship-part-i-vol-6","status":"publish","type":"product","link":"https:\/\/ksiegarniamck.pl\/en\/produkt\/roman-catholic-churches-and-monasteries-in-the-former-rus-voivodeship-part-i-vol-6\/","title":{"rendered":"Roman Catholic Churches and Monasteries in the Former Rus&#8217; Voivodeship. Part I, Vol. 6"},"content":{"rendered":"<p><strong class=\"lead article_lead\">Volume 6 of<\/strong> the<strong class=\"lead article_lead\"> Materials deals with historic monuments of the Drohobych deanery in its prewar boundaries. In addition to parish churches, this publication also discusses several subsidiary churches and even late chapels on M\u0142ynki in Drohobych and in Stara Wie\u015b.<\/strong><\/p>\n<p>The buildings described in this publication are located in: Borys\u0142aw-Tustanowice, Borys\u0142aw Hubicze Borys\u0142aw Mra\u017anica, Dublany, Gaje Wy\u017cne, Krynica Szlachecka, Letnia, Lipowiec, Majdan, Medenice, Neudorf, Nowoszyce, Podbu\u017c, R\u00f3wne, Rychcice, Schodnica, S\u0142o\u0144sko, Stara Wie\u015b, Stebnik, Stupnica polska, Truskawiec, Wacowice, Winniki and Wo\u0142oszcza.<\/p>\n<p>&nbsp;<\/p>\n<p><strong>Publication in Polish.<\/strong><\/p>\n<p><strong>The offer is valid only for individual clients.<\/strong><\/p>\n","protected":false},"excerpt":{"rendered":"<p>Volume 6 of the Materials deals with historic monuments of the Drohobych deanery in its prewar boundaries. In addition to parish churches, this publication also discusses several subsidiary churches and even late chapels on M\u0142ynki in Drohobych and in Stara Wie\u015b. The buildings described in this publication are located in: Borys\u0142aw-Tustanowice, Borys\u0142aw Hubicze Borys\u0142aw Mra\u017anica, [&hellip;]<\/p>\n","protected":false},"featured_media":11007,"template":"","meta":{"_acf_changed":false,"iawp_total_views":1},"product_brand":[],"product_cat":[145],"product_tag":[],"class_list":{"0":"post-5251","1":"product","2":"type-product","3":"status-publish","4":"has-post-thumbnail","6":"product_cat-materials-for-the-history-of-religious-art","8":"first","9":"instock","10":"sale","11":"taxable","12":"shipping-taxable","13":"purchasable","14":"product-type-simple"},"acf":[],"_links":{"self":[{"href":"https:\/\/ksiegarniamck.pl\/en\/wp-json\/wp\/v2\/product\/5251","targetHints":{"allow":["GET"]}}],"collection":[{"href":"https:\/\/ksiegarniamck.pl\/en\/wp-json\/wp\/v2\/product"}],"about":[{"href":"https:\/\/ksiegarniamck.pl\/en\/wp-json\/wp\/v2\/types\/product"}],"version-history":[{"count":4,"href":"https:\/\/ksiegarniamck.pl\/en\/wp-json\/wp\/v2\/product\/5251\/revisions"}],"predecessor-version":[{"id":18775,"href":"https:\/\/ksiegarniamck.pl\/en\/wp-json\/wp\/v2\/product\/5251\/revisions\/18775"}],"wp:featuredmedia":[{"embeddable":true,"href":"https:\/\/ksiegarniamck.pl\/en\/wp-json\/wp\/v2\/media\/11007"}],"wp:attachment":[{"href":"https:\/\/ksiegarniamck.pl\/en\/wp-json\/wp\/v2\/media?parent=5251"}],"wp:term":[{"taxonomy":"product_brand","embeddable":true,"href":"https:\/\/ksiegarniamck.pl\/en\/wp-json\/wp\/v2\/product_brand?post=5251"},{"taxonomy":"product_cat","embeddable":true,"href":"https:\/\/ksiegarniamck.pl\/en\/wp-json\/wp\/v2\/product_cat?post=5251"},{"taxonomy":"product_tag","embeddable":true,"href":"https:\/\/ksiegarniamck.pl\/en\/wp-json\/wp\/v2\/product_tag?post=5251"}],"curies":[{"name":"wp","href":"https:\/\/api.w.org\/{rel}","templated":true}]}}