{"id":5259,"date":"2021-06-01T18:38:08","date_gmt":"2021-06-01T16:38:08","guid":{"rendered":"https:\/\/ksiegarniamck.pl\/?post_type=product&#038;p=5259"},"modified":"2023-07-12T12:28:43","modified_gmt":"2023-07-12T10:28:43","slug":"posters-from-the-exhibition-plants-and-animals-domestic-shipment","status":"publish","type":"product","link":"https:\/\/ksiegarniamck.pl\/en\/produkt\/posters-from-the-exhibition-plants-and-animals-domestic-shipment\/","title":{"rendered":"Posters from the exhibition &#8220;Plants and animals&#8221; \u2013 domestic shipment"},"content":{"rendered":"\t\t<div data-elementor-type=\"product-post\" data-elementor-id=\"5259\" class=\"elementor elementor-5259 elementor-4043\" data-elementor-post-type=\"product\">\n\t\t\t\t\t\t<section class=\"elementor-section elementor-top-section elementor-element elementor-element-1b5280c6 elementor-section-boxed elementor-section-height-default elementor-section-height-default\" data-id=\"1b5280c6\" data-element_type=\"section\" data-e-type=\"section\">\n\t\t\t\t\t\t<div class=\"elementor-container elementor-column-gap-default\">\n\t\t\t\t\t<div class=\"elementor-column elementor-col-100 elementor-top-column elementor-element elementor-element-1656fee\" data-id=\"1656fee\" data-element_type=\"column\" data-e-type=\"column\">\n\t\t\t<div class=\"elementor-widget-wrap elementor-element-populated\">\n\t\t\t\t\t\t<div class=\"elementor-element elementor-element-3157c5db elementor-widget elementor-widget-text-editor\" data-id=\"3157c5db\" data-element_type=\"widget\" data-e-type=\"widget\" data-widget_type=\"text-editor.default\">\n\t\t\t\t<div class=\"elementor-widget-container\">\n\t\t\t\t\t\t\t\t\t<p><strong>Specjalne, kolekcjonerskie wersje plakat\u00f3w promuj\u0105cych&nbsp;wystaw\u0119 \u201e<a href=\"wystawy\/wystawa-rosliny-i-zwierzeta\" target=\"_blank\" rel=\"noopener\">Ro\u015bliny i zwierz\u0119ta. Atlasy historii naturalnej w epoce Linneusza<\/a>\u201d.&nbsp; Ich autorem jest Krzysztof Radoszek, autor koncepcji ekspozycji i jej kurator.<\/strong><\/p>\n<p>Cena kompletu czterech plakat\u00f3w (70&#215;100 cm) 80 z\u0142. Na mo\u017cliwo\u015bci zakupu pojedynczych plakat\u00f3w.<\/p>\n<p>Z uwagi na nietypowy dla naszej ksi\u0119garni kszta\u0142t paczki, do ceny plakat\u00f3w doliczony jest koszt opakowania i przesy\u0142ki wysoko\u015bci 20 z\u0142. Plakaty zostan\u0105 zapakowane w specjalne tuby, zabezpieczaj\u0105ce przed zniszczeniem.<\/p>\n<p>Wysy\u0142ka tylko poczt\u0105 ekonomiczn\u0105.<\/p>\n<p>&nbsp;<\/p>\t\t\t\t\t\t\t\t<\/div>\n\t\t\t\t<\/div>\n\t\t\t\t\t<\/div>\n\t\t<\/div>\n\t\t\t\t\t<\/div>\n\t\t<\/section>\n\t\t\t\t<\/div>\n\t\t","protected":false},"excerpt":{"rendered":"<p>A set of posters promoting the exhibition We are very happy that posters from the exhibition &#8220;Plants and Animals. Atlases of natural history in the Linnaeus era&#8221; are so popular. There were designed Krzysztof Radoszek, author of the concept of the exhibition and its curator. We offer the option of purchasing them through the MCC [&hellip;]<\/p>\n","protected":false},"featured_media":11082,"template":"","meta":{"_acf_changed":false,"iawp_total_views":0},"product_brand":[],"product_cat":[201],"product_tag":[],"class_list":{"0":"post-5259","1":"product","2":"type-product","3":"status-publish","4":"has-post-thumbnail","6":"product_cat-posters","7":"product_shipping_class-poster","9":"first","10":"instock","11":"taxable","12":"shipping-taxable","13":"purchasable","14":"product-type-simple"},"acf":[],"_links":{"self":[{"href":"https:\/\/ksiegarniamck.pl\/en\/wp-json\/wp\/v2\/product\/5259","targetHints":{"allow":["GET"]}}],"collection":[{"href":"https:\/\/ksiegarniamck.pl\/en\/wp-json\/wp\/v2\/product"}],"about":[{"href":"https:\/\/ksiegarniamck.pl\/en\/wp-json\/wp\/v2\/types\/product"}],"version-history":[{"count":4,"href":"https:\/\/ksiegarniamck.pl\/en\/wp-json\/wp\/v2\/product\/5259\/revisions"}],"predecessor-version":[{"id":11943,"href":"https:\/\/ksiegarniamck.pl\/en\/wp-json\/wp\/v2\/product\/5259\/revisions\/11943"}],"wp:featuredmedia":[{"embeddable":true,"href":"https:\/\/ksiegarniamck.pl\/en\/wp-json\/wp\/v2\/media\/11082"}],"wp:attachment":[{"href":"https:\/\/ksiegarniamck.pl\/en\/wp-json\/wp\/v2\/media?parent=5259"}],"wp:term":[{"taxonomy":"product_brand","embeddable":true,"href":"https:\/\/ksiegarniamck.pl\/en\/wp-json\/wp\/v2\/product_brand?post=5259"},{"taxonomy":"product_cat","embeddable":true,"href":"https:\/\/ksiegarniamck.pl\/en\/wp-json\/wp\/v2\/product_cat?post=5259"},{"taxonomy":"product_tag","embeddable":true,"href":"https:\/\/ksiegarniamck.pl\/en\/wp-json\/wp\/v2\/product_tag?post=5259"}],"curies":[{"name":"wp","href":"https:\/\/api.w.org\/{rel}","templated":true}]}}