{"id":5262,"date":"2021-06-01T18:38:49","date_gmt":"2021-06-01T16:38:49","guid":{"rendered":"https:\/\/ksiegarniamck.pl\/?post_type=product&#038;p=5262"},"modified":"2023-07-12T12:30:36","modified_gmt":"2023-07-12T10:30:36","slug":"set-of-collectors-posters-international-shipment","status":"publish","type":"product","link":"https:\/\/ksiegarniamck.pl\/en\/produkt\/set-of-collectors-posters-international-shipment\/","title":{"rendered":"Set of collector&#8217;s posters from the exhibition &#8220;Plants and animals&#8221; \u2013 international shipment"},"content":{"rendered":"\t\t<div data-elementor-type=\"product-post\" data-elementor-id=\"5262\" class=\"elementor elementor-5262 elementor-4061\" data-elementor-post-type=\"product\">\n\t\t\t\t\t\t<section class=\"elementor-section elementor-top-section elementor-element elementor-element-d8919f4 elementor-section-boxed elementor-section-height-default elementor-section-height-default\" data-id=\"d8919f4\" data-element_type=\"section\" data-e-type=\"section\">\n\t\t\t\t\t\t<div class=\"elementor-container elementor-column-gap-default\">\n\t\t\t\t\t<div class=\"elementor-column elementor-col-100 elementor-top-column elementor-element elementor-element-aa96336\" data-id=\"aa96336\" data-element_type=\"column\" data-e-type=\"column\">\n\t\t\t<div class=\"elementor-widget-wrap elementor-element-populated\">\n\t\t\t\t\t\t<div class=\"elementor-element elementor-element-3d6eab44 elementor-widget elementor-widget-text-editor\" data-id=\"3d6eab44\" data-element_type=\"widget\" data-e-type=\"widget\" data-widget_type=\"text-editor.default\">\n\t\t\t\t<div class=\"elementor-widget-container\">\n\t\t\t\t\t\t\t\t\t<p><b>Plakaty z motywami z wystawy&nbsp;<a href=\"https:\/\/ksiegarniamck.pl\/produkt\/zestaw-plakatow-kolekcjonerskich-wysylka-miedzynarodowa\/wystawy\/wystawa-rosliny-i-zwierzeta\" target=\"_blank\" rel=\"noopener\" style=\"background-color: rgb(241, 242, 242);\">\u201eRo\u015bliny i zwierz\u0119ta. Atlasy historii naturalnej w epoce Linneusza\u201d<\/a>&nbsp;.<br>Ich autorem jest Krzysztof Radoszek, autor koncepcji ekspozycji i jej kurator.<br><\/b><\/p><p>Specjalne, kolekcjonerskie wersje plakat\u00f3w z wizerunkami kakadu palmowej, tukana ognistookiego, metamorfozy owad\u00f3w surinamskich oraz oceanicznego kola\u017cu.<strong>&nbsp;<\/strong><\/p>\n<p>Cena kompletu czterech plakat\u00f3w (48&#215;68&nbsp; cm)&nbsp;100&nbsp;z\u0142. Nie ma mo\u017cliwo\u015bci zakupu pojedynczych plakat\u00f3w.<\/p>\n<p>Z uwagi na nietypowy dla naszej ksi\u0119garni kszta\u0142t paczki, do ceny plakat\u00f3w doliczony jest koszt opakowania i przesy\u0142ki wysoko\u015bci 50 z\u0142. Plakaty zostan\u0105 zapakowane w specjalne tuby, zabezpieczaj\u0105ce przed zniszczeniem.<\/p>\n<p>Wysy\u0142ka tylko poczt\u0105 ekonomiczn\u0105.<\/p>\n<p>&nbsp;<\/p>\n<div><\/div>\t\t\t\t\t\t\t\t<\/div>\n\t\t\t\t<\/div>\n\t\t\t\t\t<\/div>\n\t\t<\/div>\n\t\t\t\t\t<\/div>\n\t\t<\/section>\n\t\t\t\t<\/div>\n\t\t","protected":false},"excerpt":{"rendered":"<p>We are very happy that posters from the exhibition\u00a0&#8220;Plants and Animals. Atlases of natural history in the Linnaeus era&#8221;\u00a0are so popular. There were designed Krzysztof Radoszek, author of the concept of the exhibition and its curator. Special, collector&#8217;s versions of posters with images of palm cockatoo, metamorphosis of Surinamese insects, fire-eyed toucan and ocean collage [&hellip;]<\/p>\n","protected":false},"featured_media":11084,"template":"","meta":{"_acf_changed":false,"iawp_total_views":3},"product_brand":[],"product_cat":[201],"product_tag":[2543],"class_list":{"0":"post-5262","1":"product","2":"type-product","3":"status-publish","4":"has-post-thumbnail","6":"product_cat-posters","7":"product_tag-exhibition-en-2","9":"first","10":"instock","11":"taxable","12":"shipping-taxable","13":"purchasable","14":"product-type-simple"},"acf":[],"_links":{"self":[{"href":"https:\/\/ksiegarniamck.pl\/en\/wp-json\/wp\/v2\/product\/5262","targetHints":{"allow":["GET"]}}],"collection":[{"href":"https:\/\/ksiegarniamck.pl\/en\/wp-json\/wp\/v2\/product"}],"about":[{"href":"https:\/\/ksiegarniamck.pl\/en\/wp-json\/wp\/v2\/types\/product"}],"version-history":[{"count":3,"href":"https:\/\/ksiegarniamck.pl\/en\/wp-json\/wp\/v2\/product\/5262\/revisions"}],"predecessor-version":[{"id":11944,"href":"https:\/\/ksiegarniamck.pl\/en\/wp-json\/wp\/v2\/product\/5262\/revisions\/11944"}],"wp:featuredmedia":[{"embeddable":true,"href":"https:\/\/ksiegarniamck.pl\/en\/wp-json\/wp\/v2\/media\/11084"}],"wp:attachment":[{"href":"https:\/\/ksiegarniamck.pl\/en\/wp-json\/wp\/v2\/media?parent=5262"}],"wp:term":[{"taxonomy":"product_brand","embeddable":true,"href":"https:\/\/ksiegarniamck.pl\/en\/wp-json\/wp\/v2\/product_brand?post=5262"},{"taxonomy":"product_cat","embeddable":true,"href":"https:\/\/ksiegarniamck.pl\/en\/wp-json\/wp\/v2\/product_cat?post=5262"},{"taxonomy":"product_tag","embeddable":true,"href":"https:\/\/ksiegarniamck.pl\/en\/wp-json\/wp\/v2\/product_tag?post=5262"}],"curies":[{"name":"wp","href":"https:\/\/api.w.org\/{rel}","templated":true}]}}