{"id":5264,"date":"2021-06-01T18:38:02","date_gmt":"2021-06-01T16:38:02","guid":{"rendered":"https:\/\/ksiegarniamck.pl\/?post_type=product&#038;p=5264"},"modified":"2023-07-12T12:27:04","modified_gmt":"2023-07-12T10:27:04","slug":"set-of-collectors-posters-domestic-shipment","status":"publish","type":"product","link":"https:\/\/ksiegarniamck.pl\/en\/produkt\/set-of-collectors-posters-domestic-shipment\/","title":{"rendered":"Set of collector&#8217;s posters from the exhibition &#8220;Plants and animals&#8221; \u2013 domestic shipment"},"content":{"rendered":"\t\t<div data-elementor-type=\"product-post\" data-elementor-id=\"5264\" class=\"elementor elementor-5264 elementor-4041\" data-elementor-post-type=\"product\">\n\t\t\t\t\t\t<section class=\"elementor-section elementor-top-section elementor-element elementor-element-4a070ed3 elementor-section-boxed elementor-section-height-default elementor-section-height-default\" data-id=\"4a070ed3\" data-element_type=\"section\" data-e-type=\"section\">\n\t\t\t\t\t\t<div class=\"elementor-container elementor-column-gap-default\">\n\t\t\t\t\t<div class=\"elementor-column elementor-col-100 elementor-top-column elementor-element elementor-element-3cd4aa5e\" data-id=\"3cd4aa5e\" data-element_type=\"column\" data-e-type=\"column\">\n\t\t\t<div class=\"elementor-widget-wrap elementor-element-populated\">\n\t\t\t\t\t\t<div class=\"elementor-element elementor-element-699560a4 elementor-widget elementor-widget-text-editor\" data-id=\"699560a4\" data-element_type=\"widget\" data-e-type=\"widget\" data-widget_type=\"text-editor.default\">\n\t\t\t\t<div class=\"elementor-widget-container\">\n\t\t\t\t\t\t\t\t\t<p><strong>Plakaty z motywami z wystawy <a href=\"wystawy\/wystawa-rosliny-i-zwierzeta\" target=\"_blank\" rel=\"noopener\">\u201eRo\u015bliny i zwierz\u0119ta. Atlasy historii naturalnej w epoce Linneusza\u201d<\/a>. Ich autorem jest Krzysztof Radoszek, autor koncepcji ekspozycji i jej kurator.<\/strong><\/p>\n<p>Specjalne, kolekcjonerskie wersje plakat\u00f3w z wizerunkami kakadu palmowej, tukana ognistookiego, metamorfozy owad\u00f3w surinamskich oraz oceanicznego kola\u017cu.&nbsp;<\/p>\n<p>Cena kompletu czterech plakat\u00f3w (48&#215;68 cm) 100&nbsp;z\u0142. Nie ma mo\u017cliwo\u015bci zakupu pojedynczych plakat\u00f3w.<\/p>\n<p>Z uwagi na nietypowy dla naszej ksi\u0119garni kszta\u0142t paczki, do ceny plakat\u00f3w doliczony jest koszt opakowania i przesy\u0142ki wysoko\u015bci 20 z\u0142. Plakaty zostan\u0105 zapakowane w specjalne tuby, zabezpieczaj\u0105ce przed zniszczeniem.<\/p>\n<p>Wysy\u0142ka tylko poczt\u0105 ekonomiczn\u0105.<\/p>\n<p>&nbsp;<\/p>\t\t\t\t\t\t\t\t<\/div>\n\t\t\t\t<\/div>\n\t\t\t\t\t<\/div>\n\t\t<\/div>\n\t\t\t\t\t<\/div>\n\t\t<\/section>\n\t\t\t\t<\/div>\n\t\t","protected":false},"excerpt":{"rendered":"<p>We are very happy that posters from the exhibition\u00a0&#8220;Plants and Animals. Atlases of natural history in the Linnaeus era&#8221;\u00a0are so popular. There were designed Krzysztof Radoszek, author of the concept of the exhibition and its curator. Special, collector&#8217;s versions of posters with images of palm cockatoo, metamorphosis of Surinamese insects, fire-eyed toucan and ocean collage [&hellip;]<\/p>\n","protected":false},"featured_media":11084,"template":"","meta":{"_acf_changed":false,"iawp_total_views":5},"product_brand":[],"product_cat":[201],"product_tag":[2543],"class_list":{"0":"post-5264","1":"product","2":"type-product","3":"status-publish","4":"has-post-thumbnail","6":"product_cat-posters","7":"product_tag-exhibition-en-2","9":"first","10":"instock","11":"taxable","12":"shipping-taxable","13":"purchasable","14":"product-type-simple"},"acf":[],"_links":{"self":[{"href":"https:\/\/ksiegarniamck.pl\/en\/wp-json\/wp\/v2\/product\/5264","targetHints":{"allow":["GET"]}}],"collection":[{"href":"https:\/\/ksiegarniamck.pl\/en\/wp-json\/wp\/v2\/product"}],"about":[{"href":"https:\/\/ksiegarniamck.pl\/en\/wp-json\/wp\/v2\/types\/product"}],"version-history":[{"count":3,"href":"https:\/\/ksiegarniamck.pl\/en\/wp-json\/wp\/v2\/product\/5264\/revisions"}],"predecessor-version":[{"id":11941,"href":"https:\/\/ksiegarniamck.pl\/en\/wp-json\/wp\/v2\/product\/5264\/revisions\/11941"}],"wp:featuredmedia":[{"embeddable":true,"href":"https:\/\/ksiegarniamck.pl\/en\/wp-json\/wp\/v2\/media\/11084"}],"wp:attachment":[{"href":"https:\/\/ksiegarniamck.pl\/en\/wp-json\/wp\/v2\/media?parent=5264"}],"wp:term":[{"taxonomy":"product_brand","embeddable":true,"href":"https:\/\/ksiegarniamck.pl\/en\/wp-json\/wp\/v2\/product_brand?post=5264"},{"taxonomy":"product_cat","embeddable":true,"href":"https:\/\/ksiegarniamck.pl\/en\/wp-json\/wp\/v2\/product_cat?post=5264"},{"taxonomy":"product_tag","embeddable":true,"href":"https:\/\/ksiegarniamck.pl\/en\/wp-json\/wp\/v2\/product_tag?post=5264"}],"curies":[{"name":"wp","href":"https:\/\/api.w.org\/{rel}","templated":true}]}}