{"id":5717,"date":"2021-10-29T23:00:45","date_gmt":"2021-10-29T21:00:45","guid":{"rendered":"https:\/\/ksiegarniamck.pl\/?post_type=product&#038;p=5717"},"modified":"2023-07-11T11:42:31","modified_gmt":"2023-07-11T09:42:31","slug":"herito-no-42-43-invisible-places","status":"publish","type":"product","link":"https:\/\/ksiegarniamck.pl\/en\/produkt\/herito-no-42-43-invisible-places\/","title":{"rendered":"HERITO, No. 42-43: Invisible Places"},"content":{"rendered":"<p><strong class=\"lead article_lead\"><strong>Overlooked, erased, inconspicuous places. Reading cities and landscapes in their most compelling versions. A unique, double issue for the 30th anniversary of the International Cultural Centre.<\/strong><\/strong><\/p>\n<p>Invisibility is not an empty concept or a neat rhetorical device alluding to Italo Calvino&#8217;s famous novel. It is a vital experience of Central Europeans, the product of ancient and modern<em> limites<\/em>, borders and curtains that make the geography of Central Europe half-imagined. This special anniversary issue is an attempt to create a Central European atlas that will contain the &#8220;invisible&#8221; in its metaphorical entirety: ruins and utopias, dreams that have fallen into decay, places that were deserted, abandoned, and forgotten. From the &#8220;Pompeii&#8221; at the confluence of the Odra and the Warta, to the basin of the Dniester and Boh. From the Transcarpathian salt ponds to the mining region of R\u00f8ros. It leads to the Balkan lakes cut by the borders, to Sclavonia, which is shrinking, and on to the Vilnius chestnut trees and the silver rocks of Balchik. To Kozienice, Dukla, Benkovac and Fu\u017eine in Ljubljana.<\/p>\n<p>Among authors who revealed their invisible places are: Lucian Boia, Krzysztof Czy\u017cewski, L\u00e1szlo F. F\u00f6ld\u00e9nyi, Drago Jan\u010dar, Kapka Kassabova, Andrij Lubka, Gunhild Nyaas, Beata K. Nykiel, Kristina Sabaliauskait\u0117, Jarek Szubrycht, Robert Traba, Wojciech Wilczyk, Micha\u0142 Wi\u015bniewski, Goran Vojnovi\u0107.<\/p>\n","protected":false},"excerpt":{"rendered":"<p>Overlooked, erased, inconspicuous places. Reading cities and landscapes in their most compelling versions. A unique, double issue for the 30th anniversary of the International Cultural Centre. Invisibility is not an empty concept or a neat rhetorical device alluding to Italo Calvino&#8217;s famous novel. It is a vital experience of Central Europeans, the product of ancient [&hellip;]<\/p>\n","protected":false},"featured_media":11157,"template":"","meta":{"_acf_changed":false,"iawp_total_views":1},"product_brand":[],"product_cat":[125],"product_tag":[2534],"class_list":{"0":"post-5717","1":"product","2":"type-product","3":"status-publish","4":"has-post-thumbnail","6":"product_cat-herito-en","7":"product_tag-herito-en-2","9":"first","10":"instock","11":"sale","12":"taxable","13":"shipping-taxable","14":"purchasable","15":"product-type-simple"},"acf":[],"_links":{"self":[{"href":"https:\/\/ksiegarniamck.pl\/en\/wp-json\/wp\/v2\/product\/5717","targetHints":{"allow":["GET"]}}],"collection":[{"href":"https:\/\/ksiegarniamck.pl\/en\/wp-json\/wp\/v2\/product"}],"about":[{"href":"https:\/\/ksiegarniamck.pl\/en\/wp-json\/wp\/v2\/types\/product"}],"version-history":[{"count":3,"href":"https:\/\/ksiegarniamck.pl\/en\/wp-json\/wp\/v2\/product\/5717\/revisions"}],"predecessor-version":[{"id":11874,"href":"https:\/\/ksiegarniamck.pl\/en\/wp-json\/wp\/v2\/product\/5717\/revisions\/11874"}],"wp:featuredmedia":[{"embeddable":true,"href":"https:\/\/ksiegarniamck.pl\/en\/wp-json\/wp\/v2\/media\/11157"}],"wp:attachment":[{"href":"https:\/\/ksiegarniamck.pl\/en\/wp-json\/wp\/v2\/media?parent=5717"}],"wp:term":[{"taxonomy":"product_brand","embeddable":true,"href":"https:\/\/ksiegarniamck.pl\/en\/wp-json\/wp\/v2\/product_brand?post=5717"},{"taxonomy":"product_cat","embeddable":true,"href":"https:\/\/ksiegarniamck.pl\/en\/wp-json\/wp\/v2\/product_cat?post=5717"},{"taxonomy":"product_tag","embeddable":true,"href":"https:\/\/ksiegarniamck.pl\/en\/wp-json\/wp\/v2\/product_tag?post=5717"}],"curies":[{"name":"wp","href":"https:\/\/api.w.org\/{rel}","templated":true}]}}