{"id":6427,"date":"2022-04-01T07:55:16","date_gmt":"2022-04-01T05:55:16","guid":{"rendered":"https:\/\/ksiegarniamck.pl\/?post_type=product&#038;p=6427"},"modified":"2025-01-02T18:17:08","modified_gmt":"2025-01-02T17:17:08","slug":"the-adriatic-the-sea-and-its-civilization","status":"publish","type":"product","link":"https:\/\/ksiegarniamck.pl\/en\/produkt\/the-adriatic-the-sea-and-its-civilization\/","title":{"rendered":"Adriatyk. Morze i jego cywilizacja"},"content":{"rendered":"<p><strong>Adriatyk \u2013 morze wi\u0105\u017c\u0105ce ze sob\u0105 wybrze\u017ca i ludy, odnoga kolebki cywilizacji europejskiej. Morze jest nie tylko organizmem czy mechanizmem \u2013 jest tak\u017ce drog\u0105, kt\u00f3r\u0105 w\u0119druj\u0105 dobra i ludzie, a tak\u017ce idee, wynalazki, j\u0119zyki i kultury. Adriatyk w ksi\u0105\u017cce Egido Ivetica stanowi przestrze\u0144 symboliczn\u0105, w kt\u00f3rej przegl\u0105daj\u0105 si\u0119 lokalne i narodowe wsp\u00f3lnoty, miejsce styku \u2013 interioru i wybrze\u017ca, Wschodu i Zachodu, katolicyzmu i prawos\u0142awia, kultury rzymskiej i s\u0142owia\u0144skiej.  <\/strong><\/p>\n<p>Adriatyk wyznacza\u0142 naturaln\u0105 granic\u0119 imperi\u00f3w: cesarstwa bizanty\u0144skiego, cesarstwa Karola Wielkiego, Imperium Osma\u0144skiego, \u015awi\u0119tego Cesarstwa Rzymskiego, cesarstwa Napoleona, monarchii austro-w\u0119gierskiej. Historia Adriatyku to jednocze\u015bnie historia Europy \u015arodkowej, ale te\u017c opowie\u015b\u0107 o formowaniu si\u0119 jej granic. Egidio Ivetic pozna\u0142 Adriatyk podczas swojej pracy jako marynarz na okr\u0119cie wojennym. Pomys\u0142, \u017ceby zaj\u0105\u0107 si\u0119 histori\u0105 tego rejonu, narodzi\u0142 si\u0119 w godzinach nudnej s\u0142u\u017cby podczas surowej zimy. Znacznie p\u00f3\u017aniej, po d\u0142ugich latach nauki uniwersyteckiej i bada\u0144 Ivetic postanowi\u0142 wr\u00f3ci\u0107 do rozwa\u017ca\u0144 nad przesz\u0142o\u015bci\u0105 morza. W swoim obszernym eseju \u015bledzi histori\u0119 Adriatyku i jego otoczenia od odkrycia \u015blad\u00f3w cz\u0142owieka sprzed 150-200 tys. lat po XXI wieku, od narodzin, w\u0119dr\u00f3wek i rozproszenia po nowe granice i zjednoczenie w ramach Unii Europejskiej. Po\u0142\u0105czenie rozleg\u0142ej perspektywy z mikrohistori\u0105, spojrzenia zewn\u0119trznego obserwatora z osobistym do\u015bwiadczeniem sprawia, \u017ce \u201eAdriatyk\u201d to ksi\u0105\u017cka o niezwyk\u0142ej warto\u015bci poznawczej.<\/p>\n<p>&nbsp;<\/p>\n<p>Wydano przy wsparciu finansowym Instytutu W\u0142oskiego w Krakowie.<\/p>\n","protected":false},"excerpt":{"rendered":"<p>Adriatyk \u2013 morze wi\u0105\u017c\u0105ce ze sob\u0105 wybrze\u017ca i ludy, odnoga kolebki cywilizacji europejskiej. Morze jest nie tylko organizmem czy mechanizmem \u2013 jest tak\u017ce drog\u0105, kt\u00f3r\u0105 w\u0119druj\u0105 dobra i ludzie, a tak\u017ce idee, wynalazki, j\u0119zyki i kultury. Adriatyk w ksi\u0105\u017cce Egido Ivetica stanowi przestrze\u0144 symboliczn\u0105, w kt\u00f3rej przegl\u0105daj\u0105 si\u0119 lokalne i narodowe wsp\u00f3lnoty, miejsce styku \u2013 [&hellip;]<\/p>\n","protected":false},"featured_media":17806,"template":"","meta":{"_acf_changed":false,"iawp_total_views":4},"product_brand":[],"product_cat":[133],"product_tag":[2608,2556,2609],"class_list":{"0":"post-6427","1":"product","2":"type-product","3":"status-publish","4":"has-post-thumbnail","6":"product_cat-the-central-european-library","7":"product_tag-adriatyk-en","8":"product_tag-egidio-ivetic-en-2","9":"product_tag-europa-srodkowa-en-2","10":"pa_format-book","11":"pa_format-ebook","12":"pa_format-wydania-ebook-en","13":"pa_format-wydania-hard-cover","14":"pa_format-wydania-soft-cover","16":"first","17":"instock","18":"sale","19":"featured","20":"taxable","21":"shipping-taxable","22":"purchasable","23":"product-type-variable"},"acf":[],"_links":{"self":[{"href":"https:\/\/ksiegarniamck.pl\/en\/wp-json\/wp\/v2\/product\/6427","targetHints":{"allow":["GET"]}}],"collection":[{"href":"https:\/\/ksiegarniamck.pl\/en\/wp-json\/wp\/v2\/product"}],"about":[{"href":"https:\/\/ksiegarniamck.pl\/en\/wp-json\/wp\/v2\/types\/product"}],"version-history":[{"count":3,"href":"https:\/\/ksiegarniamck.pl\/en\/wp-json\/wp\/v2\/product\/6427\/revisions"}],"predecessor-version":[{"id":17565,"href":"https:\/\/ksiegarniamck.pl\/en\/wp-json\/wp\/v2\/product\/6427\/revisions\/17565"}],"wp:featuredmedia":[{"embeddable":true,"href":"https:\/\/ksiegarniamck.pl\/en\/wp-json\/wp\/v2\/media\/17806"}],"wp:attachment":[{"href":"https:\/\/ksiegarniamck.pl\/en\/wp-json\/wp\/v2\/media?parent=6427"}],"wp:term":[{"taxonomy":"product_brand","embeddable":true,"href":"https:\/\/ksiegarniamck.pl\/en\/wp-json\/wp\/v2\/product_brand?post=6427"},{"taxonomy":"product_cat","embeddable":true,"href":"https:\/\/ksiegarniamck.pl\/en\/wp-json\/wp\/v2\/product_cat?post=6427"},{"taxonomy":"product_tag","embeddable":true,"href":"https:\/\/ksiegarniamck.pl\/en\/wp-json\/wp\/v2\/product_tag?post=6427"}],"curies":[{"name":"wp","href":"https:\/\/api.w.org\/{rel}","templated":true}]}}