{"id":6528,"date":"2022-05-04T12:40:56","date_gmt":"2022-05-04T10:40:56","guid":{"rendered":"https:\/\/ksiegarniamck.pl\/?post_type=product&#038;p=6528"},"modified":"2025-01-07T14:46:16","modified_gmt":"2025-01-07T13:46:16","slug":"ku-nowej-filozofii-dziedzictwa","status":"publish","type":"product","link":"https:\/\/ksiegarniamck.pl\/en\/produkt\/ku-nowej-filozofii-dziedzictwa\/","title":{"rendered":"Ku nowej filozofii dziedzictwa"},"content":{"rendered":"<p><strong>\u201eCzas nie jest sprzymierze\u0144cem dzie\u0142a sztuki. Powoduje nieuchronny proces starzenia, niesie ryzyko pogarszania si\u0119 stanu technicznego dzie\u0142a i, co za\u00a0tym idzie, os\u0142abiania wyrazu artystycznego. Dzie\u0142o sztuki traci \u015bwie\u017co\u015b\u0107 i\u00a0blask nowo\u015bci. A\u017ceby temu procesowi stawi\u0107 czo\u0142o \u2013 gdy\u017c zapobiec mu nie spos\u00f3b \u2013 od\u00a0tysi\u0105cleci dzia\u0142ali arty\u015bci zajmuj\u0105cy si\u0119, opr\u00f3cz w\u0142asnej dzia\u0142alno\u015bci tw\u00f3rczej, \u201eod\u015bwie\u017caniem\u201d, \u201eodnawianiem\u201d czy restaurowaniem dzie\u0142 swoich koleg\u00f3w, \u017cyj\u0105cych i\u00a0tworz\u0105cych w\u00a0poprzednich epokach lub pokoleniach. Dzia\u0142alno\u015b\u0107 tych restaurator\u00f3w uwa\u017cana by\u0142a zawsze za\u00a0tw\u00f3rcz\u0105. Nie istnia\u0142o rozr\u00f3\u017cnienie pomi\u0119dzy wsp\u00f3\u0142czesnymi tw\u00f3rcami i\u00a0konserwatorami dzie\u0142a sztuki. Wszyscy umieli dzia\u0142a\u0107 na\u00a0obu polach, z\u00a0tym samym talentem i\u00a0t\u0105 sam\u0105 wiedz\u0105\u201d.<\/strong><\/p>\n<p>Ksi\u0105\u017cka gromadzi artyku\u0142y i eseje profesora Andrzeja Tomaszewskiego, m. in. na temat teorii, filozofii i zasady ochrony dziedzictwa kulturowego i ich realizacji w praktyce konserwatorskiej, niemiecko-polskiej wsp\u00f3\u0142pracy w zakresie wsp\u00f3lnych bada\u0144 i ochrony zabytk\u00f3w oraz ochrony i konserwacji zabytk\u00f3w w Polsce. Teksty dotycz\u0105ce praktyki konserwatorskiej cz\u0119sto nawi\u0105zuj\u0105 do osobistych do\u015bwiadcze\u0144 autora.<\/p>\n<p>\u201eProfesor Andrzej Tomaszewski to jedna z najbardziej rozpoznawalnych w \u015bwiecie osobisto\u015bci polskiej ochrony i konserwacji zabytk\u00f3w prze\u0142omu XX i XXI wieku. Przez ca\u0142e \u017cycie zwi\u0105zany z Warszaw\u0105 \u2013 miastem tak ci\u0119\u017cko do\u015bwiadczonym przez los \u2013 nie tylko nie uleg\u0142 nacjonalizmowi kulturowemu charakterystycznemu dla Europy \u015arodkowej, ale sta\u0142 si\u0119 powszechnie szanowanym budowniczym most\u00f3w \u2013 prawdziwym pontifeksem\u201d \u2013 prof. Jacek Purchla.<\/p>\n","protected":false},"excerpt":{"rendered":"<p>\u201eCzas nie jest sprzymierze\u0144cem dzie\u0142a sztuki. Powoduje nieuchronny proces starzenia, niesie ryzyko pogarszania si\u0119 stanu technicznego dzie\u0142a i, co za\u00a0tym idzie, os\u0142abiania wyrazu artystycznego. Dzie\u0142o sztuki traci \u015bwie\u017co\u015b\u0107 i\u00a0blask nowo\u015bci. A\u017ceby temu procesowi stawi\u0107 czo\u0142o \u2013 gdy\u017c zapobiec mu nie spos\u00f3b \u2013 od\u00a0tysi\u0105cleci dzia\u0142ali arty\u015bci zajmuj\u0105cy si\u0119, opr\u00f3cz w\u0142asnej dzia\u0142alno\u015bci tw\u00f3rczej, \u201eod\u015bwie\u017caniem\u201d, \u201eodnawianiem\u201d czy restaurowaniem [&hellip;]<\/p>\n","protected":false},"featured_media":17831,"template":"","meta":{"_acf_changed":false,"iawp_total_views":12},"product_brand":[],"product_cat":[57],"product_tag":[1241],"class_list":{"0":"post-6528","1":"product","2":"type-product","3":"status-publish","4":"has-post-thumbnail","6":"product_cat-heritologia","7":"product_tag-filozofia","9":"first","10":"instock","11":"sale","12":"taxable","13":"shipping-taxable","14":"purchasable","15":"product-type-simple"},"acf":[],"_links":{"self":[{"href":"https:\/\/ksiegarniamck.pl\/en\/wp-json\/wp\/v2\/product\/6528","targetHints":{"allow":["GET"]}}],"collection":[{"href":"https:\/\/ksiegarniamck.pl\/en\/wp-json\/wp\/v2\/product"}],"about":[{"href":"https:\/\/ksiegarniamck.pl\/en\/wp-json\/wp\/v2\/types\/product"}],"version-history":[{"count":1,"href":"https:\/\/ksiegarniamck.pl\/en\/wp-json\/wp\/v2\/product\/6528\/revisions"}],"predecessor-version":[{"id":9023,"href":"https:\/\/ksiegarniamck.pl\/en\/wp-json\/wp\/v2\/product\/6528\/revisions\/9023"}],"wp:featuredmedia":[{"embeddable":true,"href":"https:\/\/ksiegarniamck.pl\/en\/wp-json\/wp\/v2\/media\/17831"}],"wp:attachment":[{"href":"https:\/\/ksiegarniamck.pl\/en\/wp-json\/wp\/v2\/media?parent=6528"}],"wp:term":[{"taxonomy":"product_brand","embeddable":true,"href":"https:\/\/ksiegarniamck.pl\/en\/wp-json\/wp\/v2\/product_brand?post=6528"},{"taxonomy":"product_cat","embeddable":true,"href":"https:\/\/ksiegarniamck.pl\/en\/wp-json\/wp\/v2\/product_cat?post=6528"},{"taxonomy":"product_tag","embeddable":true,"href":"https:\/\/ksiegarniamck.pl\/en\/wp-json\/wp\/v2\/product_tag?post=6528"}],"curies":[{"name":"wp","href":"https:\/\/api.w.org\/{rel}","templated":true}]}}