{"id":6830,"date":"2022-07-27T11:25:09","date_gmt":"2022-07-27T09:25:09","guid":{"rendered":"https:\/\/ksiegarniamck.pl\/?post_type=product&#038;p=6830"},"modified":"2023-07-12T12:33:53","modified_gmt":"2023-07-12T10:33:53","slug":"collectible-posters-with-wlodzimierz-puchalskis-photographs-set-a-of-3","status":"publish","type":"product","link":"https:\/\/ksiegarniamck.pl\/en\/produkt\/collectible-posters-with-wlodzimierz-puchalskis-photographs-set-a-of-3\/","title":{"rendered":"Collectible posters with W\u0142odzimierz Puchalski\u2019s photographs &#8211; set A of 3"},"content":{"rendered":"\t\t<div data-elementor-type=\"product-post\" data-elementor-id=\"6830\" class=\"elementor elementor-6830 elementor-6825\" data-elementor-post-type=\"product\">\n\t\t\t\t\t\t<section class=\"elementor-section elementor-top-section elementor-element elementor-element-50cd062d elementor-section-boxed elementor-section-height-default elementor-section-height-default\" data-id=\"50cd062d\" data-element_type=\"section\" data-e-type=\"section\">\n\t\t\t\t\t\t<div class=\"elementor-container elementor-column-gap-default\">\n\t\t\t\t\t<div class=\"elementor-column elementor-col-100 elementor-top-column elementor-element elementor-element-1d00d262\" data-id=\"1d00d262\" data-element_type=\"column\" data-e-type=\"column\">\n\t\t\t<div class=\"elementor-widget-wrap elementor-element-populated\">\n\t\t\t\t\t\t<div class=\"elementor-element elementor-element-7b44a8d9 elementor-widget elementor-widget-text-editor\" data-id=\"7b44a8d9\" data-element_type=\"widget\" data-e-type=\"widget\" data-widget_type=\"text-editor.default\">\n\t\t\t\t<div class=\"elementor-widget-container\">\n\t\t\t\t\t\t\t\t\t<p><strong>W zwi\u0105zku z wystaw\u0105 <a href=\"https:\/\/mck.krakow.pl\/domowroty-wlodzimierz-puchalski\" target=\"_blank\" rel=\"noopener\">\u201eDomowroty. W\u0142odzimierz Puchalski\u201d<\/a> Mi\u0119dzynarodowe Centrum Kultury wyda\u0142o sze\u015b\u0107 wzor\u00f3w plakat\u00f3w kolekcjonerskich. Zapraszamy do zakupu reprodukcji mistrzowskich fotografii&nbsp;<\/strong><strong>jednego z najs\u0142ynniejszych polskich przyrodnik\u00f3w.<\/strong><\/p><p><strong><br><\/strong><\/p>\n<p>Podczas konkursu fotograficznego w Kairze w 1949 roku prasa nada\u0142a W\u0142odzimierzowi Puchalskiemu przydomek \u201eColosse\u201d \u2014 olbrzym. Wyra\u017cono w ten spos\u00f3b podziw dla jego fotografii, wielokrotnie nagradzanych w kraju i za granic\u0105. Za najwa\u017cniejsze w jego dorobku uznaje si\u0119 zdj\u0119cia zwierz\u0105t w ich naturalnym \u015brodowisku, wykonywane najcz\u0119\u015bciej z ukrycia, niepozowane. Sze\u015b\u0107 z nich znalaz\u0142o si\u0119 na plakatach, kt\u00f3re mo\u017cna kupi\u0107 w Galerii MCK lub przez stron\u0119 internetow\u0105 naszej ksi\u0119garni.<\/p>\n<p>Plakaty maj\u0105 format 50 \u00d7 70 cm.<\/p>\n<p>Plakaty sprzedajemy w pakiecie po trzy sztuki.&nbsp;<span data-stringify-type=\"bold\" style=\"\">Z uwagi na nietypowy dla naszej ksi\u0119garni kszta\u0142t paczki, do ceny plakat\u00f3w doliczony jest koszt opakowania i przesy\u0142ki wysoko\u015bci 25 z\u0142. P<\/span>lakaty zostan\u0105 zapakowane w specjalne tuby, zabezpieczaj\u0105ce przed zniszczeniem.<\/p>\t\t\t\t\t\t\t\t<\/div>\n\t\t\t\t<\/div>\n\t\t\t\t\t<\/div>\n\t\t<\/div>\n\t\t\t\t\t<\/div>\n\t\t<\/section>\n\t\t\t\t<\/div>\n\t\t","protected":false},"excerpt":{"rendered":"<p>In connection with the exhibition \u201cHoming. W\u0142odzimierz Puchalski\u201d the International Cultural Centre has released six collectible posters. We invite you to buy the reproductions of the masterful photographs by one of the most famous Polish naturalists. &nbsp; During a photo competition in Cairo in 1949 the press nicknamed W\u0142odzimierz Puchalski the \u201cColosse\u201d \u2013 a giant. [&hellip;]<\/p>\n","protected":false},"featured_media":11297,"template":"","meta":{"_acf_changed":false,"iawp_total_views":0},"product_brand":[],"product_cat":[201],"product_tag":[2543,2551],"class_list":{"0":"post-6830","1":"product","2":"type-product","3":"status-publish","4":"has-post-thumbnail","6":"product_cat-posters","7":"product_tag-exhibition-en-2","8":"product_tag-wlodzimierz-puchalski-en-2","9":"product_shipping_class-poster","11":"first","12":"instock","13":"taxable","14":"shipping-taxable","15":"purchasable","16":"product-type-simple"},"acf":[],"_links":{"self":[{"href":"https:\/\/ksiegarniamck.pl\/en\/wp-json\/wp\/v2\/product\/6830","targetHints":{"allow":["GET"]}}],"collection":[{"href":"https:\/\/ksiegarniamck.pl\/en\/wp-json\/wp\/v2\/product"}],"about":[{"href":"https:\/\/ksiegarniamck.pl\/en\/wp-json\/wp\/v2\/types\/product"}],"version-history":[{"count":3,"href":"https:\/\/ksiegarniamck.pl\/en\/wp-json\/wp\/v2\/product\/6830\/revisions"}],"predecessor-version":[{"id":11948,"href":"https:\/\/ksiegarniamck.pl\/en\/wp-json\/wp\/v2\/product\/6830\/revisions\/11948"}],"wp:featuredmedia":[{"embeddable":true,"href":"https:\/\/ksiegarniamck.pl\/en\/wp-json\/wp\/v2\/media\/11297"}],"wp:attachment":[{"href":"https:\/\/ksiegarniamck.pl\/en\/wp-json\/wp\/v2\/media?parent=6830"}],"wp:term":[{"taxonomy":"product_brand","embeddable":true,"href":"https:\/\/ksiegarniamck.pl\/en\/wp-json\/wp\/v2\/product_brand?post=6830"},{"taxonomy":"product_cat","embeddable":true,"href":"https:\/\/ksiegarniamck.pl\/en\/wp-json\/wp\/v2\/product_cat?post=6830"},{"taxonomy":"product_tag","embeddable":true,"href":"https:\/\/ksiegarniamck.pl\/en\/wp-json\/wp\/v2\/product_tag?post=6830"}],"curies":[{"name":"wp","href":"https:\/\/api.w.org\/{rel}","templated":true}]}}